{"id":17291,"date":"2019-04-09T22:25:34","date_gmt":"2019-04-09T22:25:34","guid":{"rendered":"https:\/\/octaedro.com\/producto\/pestalozzi-y-la-educacionalizacion-del-mundo\/"},"modified":"2023-04-20T11:50:08","modified_gmt":"2023-04-20T09:50:08","slug":"pestalozzi-y-la-educacionalizacion-del-mundo","status":"publish","type":"product","link":"https:\/\/wizardly-davinci.82-223-8-23.plesk.page\/en\/producto\/pestalozzi-y-la-educacionalizacion-del-mundo\/","title":{"rendered":"Pestalozzi y la educacionalizaci\u00f3n del mundo"},"content":{"rendered":"<p>El suizo Johann Heinrich Pestalozzi (1746-1827) transform\u00f3 la teor\u00eda y la pr\u00e1ctica de la educaci\u00f3n en todo el mundo. En esta obra maestra, <span class=\"destacat\">Daniel Tr\u00f6hler<\/span> muestra que el trabajo y la influencia de Pestalozzi deben entenderse como parte de la \u00abeducacionalizaci\u00f3n del mundo\u00bb (grandioso fen\u00f3meno ocurrido a finales del siglo XVIII y comienzos del siglo XIX) y de las ideas y los movimientos republicanos que se suced\u00edan en Europa y Am\u00e9rica. Tr\u00f6hler conecta h\u00e1bilmente la obra de Pestalozzi con los problemas y las inquietudes sociales de la \u00e9poca, que estaban empezando a ser entendidos como problemas de la educaci\u00f3n y que, como tales, hab\u00eda que tratarlos con remedios educativos. Sobre la base de nuevas investigaciones y con acopio de fuentes principales (entre ellas, la reciente publicaci\u00f3n de unas 2.500 cartas enviadas a Pestalozzi), esta obra reconstruye el papel pasivo y activo de Pestalozzi en la creaci\u00f3n del mundo educacionalizado en Europa e internacionalmente.<\/p>\n","protected":false},"excerpt":{"rendered":"<p>El suizo Johann Heinrich Pestalozzi (1746-1827) transform\u00f3 la teor\u00eda y la pr\u00e1ctica de la educaci\u00f3n en todo el mundo. En esta obra maestra, <span class=\"destacat\">Daniel Tr\u00f6hler<\/span> muestra que el trabajo y la influencia de Pestalozzi deben entenderse como parte de la \u00abeducacionalizaci\u00f3n del mundo\u00bb (grandioso fen\u00f3meno ocurrido a finales del siglo XVIII y comienzos del siglo XIX) y de las ideas y los movimientos republicanos que se suced\u00edan en Europa y Am\u00e9rica. Tr\u00f6hler conecta h\u00e1bilmente la obra de Pestalozzi con los problemas y las inquietudes sociales de la \u00e9poca, que estaban empezando a ser entendidos como problemas de la educaci\u00f3n y que, como tales, hab\u00eda que tratarlos con remedios educativos. Sobre la base de nuevas investigaciones y con acopio de fuentes principales (entre ellas, la reciente publicaci\u00f3n de unas 2.500 cartas enviadas a Pestalozzi), esta obra reconstruye el papel pasivo y activo de Pestalozzi en la creaci\u00f3n del mundo educacionalizado en Europa e internacionalmente.<\/p>\n","protected":false},"featured_media":17292,"comment_status":"open","ping_status":"closed","template":"","meta":{"_et_pb_use_builder":"","_et_pb_old_content":"","_et_gb_content_width":""},"product_cat":[1512,6675],"product_tag":[2602],"edicion":[1083],"editoriales":[1160],"tienda":[],"autor_id":[6525],"universidades_coeditoras":[7272],"palabras_clave":[],"listado_alfabetico":[],"acf":[],"_links":{"self":[{"href":"https:\/\/wizardly-davinci.82-223-8-23.plesk.page\/en\/wp-json\/wp\/v2\/product\/17291"}],"collection":[{"href":"https:\/\/wizardly-davinci.82-223-8-23.plesk.page\/en\/wp-json\/wp\/v2\/product"}],"about":[{"href":"https:\/\/wizardly-davinci.82-223-8-23.plesk.page\/en\/wp-json\/wp\/v2\/types\/product"}],"replies":[{"embeddable":true,"href":"https:\/\/wizardly-davinci.82-223-8-23.plesk.page\/en\/wp-json\/wp\/v2\/comments?post=17291"}],"wp:featuredmedia":[{"embeddable":true,"href":"https:\/\/wizardly-davinci.82-223-8-23.plesk.page\/en\/wp-json\/wp\/v2\/media\/17292"}],"wp:attachment":[{"href":"https:\/\/wizardly-davinci.82-223-8-23.plesk.page\/en\/wp-json\/wp\/v2\/media?parent=17291"}],"wp:term":[{"taxonomy":"product_cat","embeddable":true,"href":"https:\/\/wizardly-davinci.82-223-8-23.plesk.page\/en\/wp-json\/wp\/v2\/product_cat?post=17291"},{"taxonomy":"product_tag","embeddable":true,"href":"https:\/\/wizardly-davinci.82-223-8-23.plesk.page\/en\/wp-json\/wp\/v2\/product_tag?post=17291"},{"taxonomy":"edicion","embeddable":true,"href":"https:\/\/wizardly-davinci.82-223-8-23.plesk.page\/en\/wp-json\/wp\/v2\/edicion?post=17291"},{"taxonomy":"editoriales","embeddable":true,"href":"https:\/\/wizardly-davinci.82-223-8-23.plesk.page\/en\/wp-json\/wp\/v2\/editoriales?post=17291"},{"taxonomy":"tienda","embeddable":true,"href":"https:\/\/wizardly-davinci.82-223-8-23.plesk.page\/en\/wp-json\/wp\/v2\/tienda?post=17291"},{"taxonomy":"autor_id","embeddable":true,"href":"https:\/\/wizardly-davinci.82-223-8-23.plesk.page\/en\/wp-json\/wp\/v2\/autor_id?post=17291"},{"taxonomy":"universidades_coeditoras","embeddable":true,"href":"https:\/\/wizardly-davinci.82-223-8-23.plesk.page\/en\/wp-json\/wp\/v2\/universidades_coeditoras?post=17291"},{"taxonomy":"palabras_clave","embeddable":true,"href":"https:\/\/wizardly-davinci.82-223-8-23.plesk.page\/en\/wp-json\/wp\/v2\/palabras_clave?post=17291"},{"taxonomy":"listado_alfabetico","embeddable":true,"href":"https:\/\/wizardly-davinci.82-223-8-23.plesk.page\/en\/wp-json\/wp\/v2\/listado_alfabetico?post=17291"}],"curies":[{"name":"wp","href":"https:\/\/api.w.org\/{rel}","templated":true}]}}