{"id":17293,"date":"2019-04-09T22:25:34","date_gmt":"2019-04-09T22:25:34","guid":{"rendered":"https:\/\/octaedro.com\/producto\/maria-montessori\/"},"modified":"2023-04-20T11:50:16","modified_gmt":"2023-04-20T09:50:16","slug":"maria-montessori","status":"publish","type":"product","link":"https:\/\/wizardly-davinci.82-223-8-23.plesk.page\/en\/producto\/maria-montessori\/","title":{"rendered":"Maria Montessori"},"content":{"rendered":"<p>En las primeras d\u00e9cadas del siglo XX, la italiana <span class=\"destacat\">Maria Montessori<\/span> se convirti\u00f3 internacionalmente en el icono de una nueva pedagog\u00eda que propone una educaci\u00f3n progresista \u00aba la medida de los ni\u00f1os\u00bb. Pero, a pesar de la importancia del personaje, existen relativamente pocas biograf\u00edas intelectuales dedicadas a ella, y menos a\u00fan que no sean de corte hagiogr\u00e1fico.<br \/>\nRenato Foschi aborda en este libro un an\u00e1lisis cr\u00edtico, con referencias a fuentes publicadas y no publicadas, para insertar la biograf\u00eda de Montessori dentro de las culturas en las que trabaj\u00f3, al tiempo que analiza los fundamentos de su pedagog\u00eda en relaci\u00f3n con la evidencia te\u00f3rica y cient\u00edfica que aportan las \u00faltimas investigaciones sobre esta \u00abpedagog\u00eda de la libertad\u00bb.<br \/>\nEsta obra resalta la novedad del m\u00e9todo Montessori a la luz de las ciencias humanas y sociales contempor\u00e1neas, poniendo el \u00e9nfasis en la relevancia que ciertas posiciones cient\u00edficas pueden desempe\u00f1ar en el desarrollo de la sociedad civil cuando se entrelazan con la historia de las instituciones pol\u00edticas y la organizaci\u00f3n del Estado social. Aqu\u00ed se encuentran, en fin, nuevas claves de lectura para comprender la obra de <span class=\"destacat\">Maria Montessori<\/span> y la relevancia de su m\u00e9todo pedag\u00f3gico.<\/p>\n","protected":false},"excerpt":{"rendered":"<p><span style=\"font-weight: 400;\">En las primeras d\u00e9cadas del siglo XX, la italiana Maria Montessori se convirti\u00f3 internacionalmente en el icono de una nueva pedagog\u00eda que propone una educaci\u00f3n progresista \u00aba la medida de los ni\u00f1os\u00bb. Pero, a pesar de la importancia del personaje, existen relativamente pocas biograf\u00edas intelectuales dedicadas a ella, y menos a\u00fan que no sean de corte hagiogr\u00e1fico.<\/span><\/p>\n<p><span style=\"font-weight: 400;\">Renato Foschi Ense\u00f1a e investiga en la Universidad de Roma \u201cLa Sapienza\u201d, en donde es profesor titular en el campo de la Historia de la ciencia y ense\u00f1a en las facultades de Medicina y Psicolog\u00eda Historia de la ciencia psicol\u00f3gica. Ha trabajado y trabaja sobre personalidad y pol\u00edtica e historia de la psicolog\u00eda de los sue\u00f1os, los tests y la psicolog\u00eda educativa en Roma y Par\u00eds.<\/span><\/p>\n<p><span style=\"font-weight: 400;\">Aborda en este libro un an\u00e1lisis cr\u00edtico, con referencias a fuentes publicadas y no publicadas, para insertar la biograf\u00eda de Montessori dentro de las culturas en las que trabaj\u00f3, al tiempo que analiza los fundamentos de su pedagog\u00eda en relaci\u00f3n con la evidencia te\u00f3rica y cient\u00edfica que aportan las \u00faltimas investigaciones sobre esta \u00abpedagog\u00eda de la libertad\u00bb.<\/span><\/p>\n<p><span style=\"font-weight: 400;\">Esta obra resalta la novedad del m\u00e9todo Montessori a la luz de las ciencias humanas y sociales contempor\u00e1neas, poniendo el \u00e9nfasis en la relevancia que ciertas posiciones cient\u00edficas pueden desempe\u00f1ar en el desarrollo de la sociedad civil cuando se entrelazan con la historia de las instituciones pol\u00edticas y la organizaci\u00f3n del Estado social. Aqu\u00ed se encuentran, en fin, nuevas claves de lectura para comprender la obra de Maria Montessori y la relevancia de su m\u00e9todo pedag\u00f3gico.<\/span><\/p>\n","protected":false},"featured_media":37473,"comment_status":"open","ping_status":"closed","template":"","meta":{"_et_pb_use_builder":"","_et_pb_old_content":"","_et_gb_content_width":""},"product_cat":[2606,1512,6674,6675],"product_tag":[2608],"edicion":[1085,1083],"editoriales":[1160],"tienda":[],"autor_id":[5505],"universidades_coeditoras":[],"palabras_clave":[],"listado_alfabetico":[],"acf":[],"_links":{"self":[{"href":"https:\/\/wizardly-davinci.82-223-8-23.plesk.page\/en\/wp-json\/wp\/v2\/product\/17293"}],"collection":[{"href":"https:\/\/wizardly-davinci.82-223-8-23.plesk.page\/en\/wp-json\/wp\/v2\/product"}],"about":[{"href":"https:\/\/wizardly-davinci.82-223-8-23.plesk.page\/en\/wp-json\/wp\/v2\/types\/product"}],"replies":[{"embeddable":true,"href":"https:\/\/wizardly-davinci.82-223-8-23.plesk.page\/en\/wp-json\/wp\/v2\/comments?post=17293"}],"wp:featuredmedia":[{"embeddable":true,"href":"https:\/\/wizardly-davinci.82-223-8-23.plesk.page\/en\/wp-json\/wp\/v2\/media\/37473"}],"wp:attachment":[{"href":"https:\/\/wizardly-davinci.82-223-8-23.plesk.page\/en\/wp-json\/wp\/v2\/media?parent=17293"}],"wp:term":[{"taxonomy":"product_cat","embeddable":true,"href":"https:\/\/wizardly-davinci.82-223-8-23.plesk.page\/en\/wp-json\/wp\/v2\/product_cat?post=17293"},{"taxonomy":"product_tag","embeddable":true,"href":"https:\/\/wizardly-davinci.82-223-8-23.plesk.page\/en\/wp-json\/wp\/v2\/product_tag?post=17293"},{"taxonomy":"edicion","embeddable":true,"href":"https:\/\/wizardly-davinci.82-223-8-23.plesk.page\/en\/wp-json\/wp\/v2\/edicion?post=17293"},{"taxonomy":"editoriales","embeddable":true,"href":"https:\/\/wizardly-davinci.82-223-8-23.plesk.page\/en\/wp-json\/wp\/v2\/editoriales?post=17293"},{"taxonomy":"tienda","embeddable":true,"href":"https:\/\/wizardly-davinci.82-223-8-23.plesk.page\/en\/wp-json\/wp\/v2\/tienda?post=17293"},{"taxonomy":"autor_id","embeddable":true,"href":"https:\/\/wizardly-davinci.82-223-8-23.plesk.page\/en\/wp-json\/wp\/v2\/autor_id?post=17293"},{"taxonomy":"universidades_coeditoras","embeddable":true,"href":"https:\/\/wizardly-davinci.82-223-8-23.plesk.page\/en\/wp-json\/wp\/v2\/universidades_coeditoras?post=17293"},{"taxonomy":"palabras_clave","embeddable":true,"href":"https:\/\/wizardly-davinci.82-223-8-23.plesk.page\/en\/wp-json\/wp\/v2\/palabras_clave?post=17293"},{"taxonomy":"listado_alfabetico","embeddable":true,"href":"https:\/\/wizardly-davinci.82-223-8-23.plesk.page\/en\/wp-json\/wp\/v2\/listado_alfabetico?post=17293"}],"curies":[{"name":"wp","href":"https:\/\/api.w.org\/{rel}","templated":true}]}}