{"id":17297,"date":"2019-04-09T22:25:35","date_gmt":"2019-04-09T22:25:35","guid":{"rendered":"https:\/\/octaedro.com\/producto\/trayectorias-del-desarrollo-de-los-sistemas-educativos-modernos\/"},"modified":"2023-04-20T11:50:32","modified_gmt":"2023-04-20T09:50:32","slug":"trayectorias-del-desarrollo-de-los-sistemas-educativos-modernos","status":"publish","type":"product","link":"https:\/\/wizardly-davinci.82-223-8-23.plesk.page\/en\/producto\/trayectorias-del-desarrollo-de-los-sistemas-educativos-modernos\/","title":{"rendered":"Trayectorias del desarrollo de los sistemas educativos modernos"},"content":{"rendered":"<p>La educaci\u00f3n contempor\u00e1nea est\u00e1 cada vez m\u00e1s vinculada a las fuerzas econ\u00f3micas globales, y, en esta medida, los sistemas educativos que tratan de influirse mutuamente se enfrentan de modo inevitable a importantes tensiones debidas a las distintas tradiciones, pol\u00edticas y estructuras formales. <span class=\"destacat\">Trayectorias del desarrollo de los sistemas educativos modernos<\/span> ofrece una exhaustiva cr\u00edtica te\u00f3rica y emp\u00edrica de los movimientos de reforma que pretenden homogeneizar la escuela en todo el mundo. Estos detallados estudios de casos, asentados en el conocimiento hist\u00f3rico y sociol\u00f3gico de diversas naciones y \u00e9pocas, desvelan c\u00f3mo y por qu\u00e9 las agendas convergentes y de gran envergadura chocan con las pol\u00edticas institucionales, las pr\u00e1cticas y los curr\u00edculos espec\u00edficos. En contra de los modelos te\u00f3ricos actuales que no consiguen abordar las potenciales presiones nacidas de esas exigentes evoluciones isomorfas, este libro esclarece las peculiaridades culturales idiosincr\u00e1sicas que producen y, a la vez, problematizan los esfuerzos globales de reforma, y aporta una nueva forma de entender el curr\u00edculo como manifestaci\u00f3n de la identidad nacional.<\/p>\n","protected":false},"excerpt":{"rendered":"<p>La educaci\u00f3n contempor\u00e1nea est\u00e1 cada vez m\u00e1s vinculada a las fuerzas econ\u00f3micas globales, y, en esta medida, los sistemas educativos que tratan de influirse mutuamente se enfrentan de modo inevitable a importantes tensiones debidas a las distintas tradiciones, pol\u00edticas y estructuras formales. <span class=\"destacat\">Trayectorias del desarrollo de los sistemas educativos modernos<\/span> ofrece una exhaustiva cr\u00edtica te\u00f3rica y emp\u00edrica de los movimientos de reforma que pretenden homogeneizar la escuela en todo el mundo. Estos detallados estudios de casos, asentados en el conocimiento hist\u00f3rico y sociol\u00f3gico de diversas naciones y \u00e9pocas, desvelan c\u00f3mo y por qu\u00e9 las agendas convergentes y de gran envergadura chocan con las pol\u00edticas institucionales, las pr\u00e1cticas y los curr\u00edculos espec\u00edficos. En contra de los modelos te\u00f3ricos actuales que no consiguen abordar las potenciales presiones nacidas de esas exigentes evoluciones isomorfas, este libro esclarece las peculiaridades culturales idiosincr\u00e1sicas que producen y, a la vez, problematizan los esfuerzos globales de reforma, y aporta una nueva forma de entender el curr\u00edculo como manifestaci\u00f3n de la identidad nacional.<\/p>\n","protected":false},"featured_media":17298,"comment_status":"open","ping_status":"closed","template":"","meta":{"_et_pb_use_builder":"","_et_pb_old_content":"","_et_gb_content_width":""},"product_cat":[2606,1512,6936,6674,6675],"product_tag":[2608],"edicion":[1085,1083],"editoriales":[1160],"tienda":[],"autor_id":[5802,6525],"universidades_coeditoras":[],"palabras_clave":[],"listado_alfabetico":[],"acf":[],"_links":{"self":[{"href":"https:\/\/wizardly-davinci.82-223-8-23.plesk.page\/en\/wp-json\/wp\/v2\/product\/17297"}],"collection":[{"href":"https:\/\/wizardly-davinci.82-223-8-23.plesk.page\/en\/wp-json\/wp\/v2\/product"}],"about":[{"href":"https:\/\/wizardly-davinci.82-223-8-23.plesk.page\/en\/wp-json\/wp\/v2\/types\/product"}],"replies":[{"embeddable":true,"href":"https:\/\/wizardly-davinci.82-223-8-23.plesk.page\/en\/wp-json\/wp\/v2\/comments?post=17297"}],"wp:featuredmedia":[{"embeddable":true,"href":"https:\/\/wizardly-davinci.82-223-8-23.plesk.page\/en\/wp-json\/wp\/v2\/media\/17298"}],"wp:attachment":[{"href":"https:\/\/wizardly-davinci.82-223-8-23.plesk.page\/en\/wp-json\/wp\/v2\/media?parent=17297"}],"wp:term":[{"taxonomy":"product_cat","embeddable":true,"href":"https:\/\/wizardly-davinci.82-223-8-23.plesk.page\/en\/wp-json\/wp\/v2\/product_cat?post=17297"},{"taxonomy":"product_tag","embeddable":true,"href":"https:\/\/wizardly-davinci.82-223-8-23.plesk.page\/en\/wp-json\/wp\/v2\/product_tag?post=17297"},{"taxonomy":"edicion","embeddable":true,"href":"https:\/\/wizardly-davinci.82-223-8-23.plesk.page\/en\/wp-json\/wp\/v2\/edicion?post=17297"},{"taxonomy":"editoriales","embeddable":true,"href":"https:\/\/wizardly-davinci.82-223-8-23.plesk.page\/en\/wp-json\/wp\/v2\/editoriales?post=17297"},{"taxonomy":"tienda","embeddable":true,"href":"https:\/\/wizardly-davinci.82-223-8-23.plesk.page\/en\/wp-json\/wp\/v2\/tienda?post=17297"},{"taxonomy":"autor_id","embeddable":true,"href":"https:\/\/wizardly-davinci.82-223-8-23.plesk.page\/en\/wp-json\/wp\/v2\/autor_id?post=17297"},{"taxonomy":"universidades_coeditoras","embeddable":true,"href":"https:\/\/wizardly-davinci.82-223-8-23.plesk.page\/en\/wp-json\/wp\/v2\/universidades_coeditoras?post=17297"},{"taxonomy":"palabras_clave","embeddable":true,"href":"https:\/\/wizardly-davinci.82-223-8-23.plesk.page\/en\/wp-json\/wp\/v2\/palabras_clave?post=17297"},{"taxonomy":"listado_alfabetico","embeddable":true,"href":"https:\/\/wizardly-davinci.82-223-8-23.plesk.page\/en\/wp-json\/wp\/v2\/listado_alfabetico?post=17297"}],"curies":[{"name":"wp","href":"https:\/\/api.w.org\/{rel}","templated":true}]}}