{"id":17299,"date":"2019-04-09T22:25:36","date_gmt":"2019-04-09T22:25:36","guid":{"rendered":"https:\/\/octaedro.com\/producto\/walter-benjamin-filosofia-y-pedagogia\/"},"modified":"2023-04-20T11:50:39","modified_gmt":"2023-04-20T09:50:39","slug":"walter-benjamin-filosofia-y-pedagogia","status":"publish","type":"product","link":"https:\/\/wizardly-davinci.82-223-8-23.plesk.page\/en\/producto\/walter-benjamin-filosofia-y-pedagogia\/","title":{"rendered":"Walter Benjamin: Filosof\u00eda y pedagog\u00eda"},"content":{"rendered":"<p>En el a\u00f1o que se cumple el 75\u00ba aniversario de la muerte de Walter Benjamin, los autores presentan con esta obra una sistem\u00e1tica de su pensamiento pedag\u00f3gico. Supone un reto in\u00e9dito, pues hasta ahora, solo en el extranjero y de forma muy parcial, este aspecto hab\u00eda llamado la atenci\u00f3n de los investigadores.<br \/>\nLa pedagog\u00eda en W. Benjamin posee una caracter\u00edstica esencial, y es que siempre la fundamenta en su autobiograf\u00eda, en su devenir vital, de modo que conocer sus pensamientos pedag\u00f3gicos es aproximarse a su persona y a su contexto familiar y social. Todo ello nos obliga a asentar unas bases filos\u00f3ficas, ya que el tiempo y el recuerdo son la raz\u00f3n de ser de su aportaci\u00f3n educativa. El tiempo y la sociolog\u00eda de la memoria ser\u00e1n las bases filos\u00f3ficas de su pedagog\u00eda.<br \/>\nAs\u00ed, vida, filosof\u00eda y pedagog\u00eda nos permiten adentrarnos en una obra moderna, diletante incluso, profunda, culta, original; en la que Benjamin refleja un tiempo dif\u00edcil que abandona las seguridades de la modernidad para intrincarse en una \u00e9poca convulsa e indefinida, como testigo de los dos grandes conflictos mundiales.<\/p>\n","protected":false},"excerpt":{"rendered":"<p>En el a\u00f1o que se cumple el 75\u00ba aniversario de la muerte de Walter Benjamin, los autores presentan con esta obra una sistem\u00e1tica de su pensamiento pedag\u00f3gico. Supone un reto in\u00e9dito, pues hasta ahora, solo en el extranjero y de forma muy parcial, este aspecto hab\u00eda llamado la atenci\u00f3n de los investigadores.<br \/>\nLa pedagog\u00eda en W. Benjamin posee una caracter\u00edstica esencial, y es que siempre la fundamenta en su autobiograf\u00eda, en su devenir vital, de modo que conocer sus pensamientos pedag\u00f3gicos es aproximarse a su persona y a su contexto familiar y social. Todo ello nos obliga a asentar unas bases filos\u00f3ficas, ya que el tiempo y el recuerdo son la raz\u00f3n de ser de su aportaci\u00f3n educativa. El tiempo y la sociolog\u00eda de la memoria ser\u00e1n las bases filos\u00f3ficas de su pedagog\u00eda.<br \/>\nAs\u00ed, vida, filosof\u00eda y pedagog\u00eda nos permiten adentrarnos en una obra moderna, diletante incluso, profunda, culta, original; en la que Benjamin refleja un tiempo dif\u00edcil que abandona las seguridades de la modernidad para intrincarse en una \u00e9poca convulsa e indefinida, como testigo de los dos grandes conflictos mundiales.<\/p>\n","protected":false},"featured_media":17300,"comment_status":"open","ping_status":"closed","template":"","meta":{"_et_pb_use_builder":"","_et_pb_old_content":"","_et_gb_content_width":""},"product_cat":[2606,1512,6674,6675],"product_tag":[2608],"edicion":[1085,1083],"editoriales":[1160],"tienda":[],"autor_id":[5107,5313],"universidades_coeditoras":[],"palabras_clave":[],"listado_alfabetico":[],"acf":[],"_links":{"self":[{"href":"https:\/\/wizardly-davinci.82-223-8-23.plesk.page\/en\/wp-json\/wp\/v2\/product\/17299"}],"collection":[{"href":"https:\/\/wizardly-davinci.82-223-8-23.plesk.page\/en\/wp-json\/wp\/v2\/product"}],"about":[{"href":"https:\/\/wizardly-davinci.82-223-8-23.plesk.page\/en\/wp-json\/wp\/v2\/types\/product"}],"replies":[{"embeddable":true,"href":"https:\/\/wizardly-davinci.82-223-8-23.plesk.page\/en\/wp-json\/wp\/v2\/comments?post=17299"}],"wp:featuredmedia":[{"embeddable":true,"href":"https:\/\/wizardly-davinci.82-223-8-23.plesk.page\/en\/wp-json\/wp\/v2\/media\/17300"}],"wp:attachment":[{"href":"https:\/\/wizardly-davinci.82-223-8-23.plesk.page\/en\/wp-json\/wp\/v2\/media?parent=17299"}],"wp:term":[{"taxonomy":"product_cat","embeddable":true,"href":"https:\/\/wizardly-davinci.82-223-8-23.plesk.page\/en\/wp-json\/wp\/v2\/product_cat?post=17299"},{"taxonomy":"product_tag","embeddable":true,"href":"https:\/\/wizardly-davinci.82-223-8-23.plesk.page\/en\/wp-json\/wp\/v2\/product_tag?post=17299"},{"taxonomy":"edicion","embeddable":true,"href":"https:\/\/wizardly-davinci.82-223-8-23.plesk.page\/en\/wp-json\/wp\/v2\/edicion?post=17299"},{"taxonomy":"editoriales","embeddable":true,"href":"https:\/\/wizardly-davinci.82-223-8-23.plesk.page\/en\/wp-json\/wp\/v2\/editoriales?post=17299"},{"taxonomy":"tienda","embeddable":true,"href":"https:\/\/wizardly-davinci.82-223-8-23.plesk.page\/en\/wp-json\/wp\/v2\/tienda?post=17299"},{"taxonomy":"autor_id","embeddable":true,"href":"https:\/\/wizardly-davinci.82-223-8-23.plesk.page\/en\/wp-json\/wp\/v2\/autor_id?post=17299"},{"taxonomy":"universidades_coeditoras","embeddable":true,"href":"https:\/\/wizardly-davinci.82-223-8-23.plesk.page\/en\/wp-json\/wp\/v2\/universidades_coeditoras?post=17299"},{"taxonomy":"palabras_clave","embeddable":true,"href":"https:\/\/wizardly-davinci.82-223-8-23.plesk.page\/en\/wp-json\/wp\/v2\/palabras_clave?post=17299"},{"taxonomy":"listado_alfabetico","embeddable":true,"href":"https:\/\/wizardly-davinci.82-223-8-23.plesk.page\/en\/wp-json\/wp\/v2\/listado_alfabetico?post=17299"}],"curies":[{"name":"wp","href":"https:\/\/api.w.org\/{rel}","templated":true}]}}