{"id":17301,"date":"2019-04-09T22:25:36","date_gmt":"2019-04-09T22:25:36","guid":{"rendered":"https:\/\/octaedro.com\/producto\/repensando-la-educacion-comparada-lecturas-desde-iberoamerica\/"},"modified":"2023-04-20T11:50:46","modified_gmt":"2023-04-20T09:50:46","slug":"repensando-la-educacion-comparada-lecturas-desde-iberoamerica","status":"publish","type":"product","link":"https:\/\/wizardly-davinci.82-223-8-23.plesk.page\/en\/producto\/repensando-la-educacion-comparada-lecturas-desde-iberoamerica\/","title":{"rendered":"Repensando la educaci\u00f3n comparada"},"content":{"rendered":"<p>En las \u00faltimas tres d\u00e9cadas, los procesos de globalizaci\u00f3n y las fuerzas de alcance mundial que poseen las organizaciones gubernamentales internacionales y\/o regionales, las organizaciones no gubernamentales y las redes mundiales de educaci\u00f3n han socabado los enfoques comparativos tradicionales; lo cual nos ha impulsado a repensar las estrategias y unidades de comparaci\u00f3n. El estudio de las relaciones entre lo global y lo local, el desarrollo de perspectivas como la transitolog\u00eda, o la teor\u00eda de la cultura mundial, la conceptualizaci\u00f3n de los procesos de borrowing\/lending o la d\u00edada internacionalizaci\u00f3n\/externalizaci\u00f3n son ejemplos de los cambios aludidos.<br \/>\nIncluimos en esta obra estudios recientes y reflexiones te\u00f3ricas desarrolladas en ese marco de renovaci\u00f3n metodol\u00f3gica y conceptual, con trabajos que tienen como objetivo analizar los temas y los enfoques que se han desarrollado en el campo de la educaci\u00f3n comparada durante la \u00faltima d\u00e9cada en diferentes \u00e1mbitos acad\u00e9micos de Am\u00e9rica del Norte, Europa, Australia y Asia. Asumimos tambi\u00e9n el desaf\u00edo de poner en circulaci\u00f3n en el \u00e1mbito hispanoparlante algunos de los aportes m\u00e1s recientes en los estudios comparados con el fin de promover y fortalecer el intercambio te\u00f3rico entre diferentes tradiciones acad\u00e9micas.<\/p>\n","protected":false},"excerpt":{"rendered":"<p>En las \u00faltimas tres d\u00e9cadas, los procesos de globalizaci\u00f3n y las fuerzas de alcance mundial que poseen las organizaciones gubernamentales internacionales y\/o regionales, las organizaciones no gubernamentales y las redes mundiales de educaci\u00f3n han socabado los enfoques comparativos tradicionales; lo cual nos ha impulsado a repensar las estrategias y unidades de comparaci\u00f3n. El estudio de las relaciones entre lo global y lo local, el desarrollo de perspectivas como la transitolog\u00eda, o la teor\u00eda de la cultura mundial, la conceptualizaci\u00f3n de los procesos de borrowing\/lending o la d\u00edada internacionalizaci\u00f3n\/externalizaci\u00f3n son ejemplos de los cambios aludidos.<br \/>\nIncluimos en esta obra estudios recientes y reflexiones te\u00f3ricas desarrolladas en ese marco de renovaci\u00f3n metodol\u00f3gica y conceptual, con trabajos que tienen como objetivo analizar los temas y los enfoques que se han desarrollado en el campo de la educaci\u00f3n comparada durante la \u00faltima d\u00e9cada en diferentes \u00e1mbitos acad\u00e9micos de Am\u00e9rica del Norte, Europa, Australia y Asia. Asumimos tambi\u00e9n el desaf\u00edo de poner en circulaci\u00f3n en el \u00e1mbito hispanoparlante algunos de los aportes m\u00e1s recientes en los estudios comparados con el fin de promover y fortalecer el intercambio te\u00f3rico entre diferentes tradiciones acad\u00e9micas.<\/p>\n","protected":false},"featured_media":17302,"comment_status":"open","ping_status":"closed","template":"","meta":{"_et_pb_use_builder":"","_et_pb_old_content":"","_et_gb_content_width":""},"product_cat":[2606,1512,6936,6674,6675],"product_tag":[2608],"edicion":[1085,1083],"editoriales":[1160],"tienda":[],"autor_id":[4989,6318],"universidades_coeditoras":[],"palabras_clave":[],"listado_alfabetico":[],"acf":[],"_links":{"self":[{"href":"https:\/\/wizardly-davinci.82-223-8-23.plesk.page\/en\/wp-json\/wp\/v2\/product\/17301"}],"collection":[{"href":"https:\/\/wizardly-davinci.82-223-8-23.plesk.page\/en\/wp-json\/wp\/v2\/product"}],"about":[{"href":"https:\/\/wizardly-davinci.82-223-8-23.plesk.page\/en\/wp-json\/wp\/v2\/types\/product"}],"replies":[{"embeddable":true,"href":"https:\/\/wizardly-davinci.82-223-8-23.plesk.page\/en\/wp-json\/wp\/v2\/comments?post=17301"}],"wp:featuredmedia":[{"embeddable":true,"href":"https:\/\/wizardly-davinci.82-223-8-23.plesk.page\/en\/wp-json\/wp\/v2\/media\/17302"}],"wp:attachment":[{"href":"https:\/\/wizardly-davinci.82-223-8-23.plesk.page\/en\/wp-json\/wp\/v2\/media?parent=17301"}],"wp:term":[{"taxonomy":"product_cat","embeddable":true,"href":"https:\/\/wizardly-davinci.82-223-8-23.plesk.page\/en\/wp-json\/wp\/v2\/product_cat?post=17301"},{"taxonomy":"product_tag","embeddable":true,"href":"https:\/\/wizardly-davinci.82-223-8-23.plesk.page\/en\/wp-json\/wp\/v2\/product_tag?post=17301"},{"taxonomy":"edicion","embeddable":true,"href":"https:\/\/wizardly-davinci.82-223-8-23.plesk.page\/en\/wp-json\/wp\/v2\/edicion?post=17301"},{"taxonomy":"editoriales","embeddable":true,"href":"https:\/\/wizardly-davinci.82-223-8-23.plesk.page\/en\/wp-json\/wp\/v2\/editoriales?post=17301"},{"taxonomy":"tienda","embeddable":true,"href":"https:\/\/wizardly-davinci.82-223-8-23.plesk.page\/en\/wp-json\/wp\/v2\/tienda?post=17301"},{"taxonomy":"autor_id","embeddable":true,"href":"https:\/\/wizardly-davinci.82-223-8-23.plesk.page\/en\/wp-json\/wp\/v2\/autor_id?post=17301"},{"taxonomy":"universidades_coeditoras","embeddable":true,"href":"https:\/\/wizardly-davinci.82-223-8-23.plesk.page\/en\/wp-json\/wp\/v2\/universidades_coeditoras?post=17301"},{"taxonomy":"palabras_clave","embeddable":true,"href":"https:\/\/wizardly-davinci.82-223-8-23.plesk.page\/en\/wp-json\/wp\/v2\/palabras_clave?post=17301"},{"taxonomy":"listado_alfabetico","embeddable":true,"href":"https:\/\/wizardly-davinci.82-223-8-23.plesk.page\/en\/wp-json\/wp\/v2\/listado_alfabetico?post=17301"}],"curies":[{"name":"wp","href":"https:\/\/api.w.org\/{rel}","templated":true}]}}