{"id":17311,"date":"2019-04-09T22:25:38","date_gmt":"2019-04-09T22:25:38","guid":{"rendered":"https:\/\/octaedro.com\/producto\/la-diversidad-linguistica\/"},"modified":"2023-04-20T11:55:00","modified_gmt":"2023-04-20T09:55:00","slug":"la-diversidad-linguistica","status":"publish","type":"product","link":"https:\/\/wizardly-davinci.82-223-8-23.plesk.page\/en\/producto\/la-diversidad-linguistica\/","title":{"rendered":"La diversidad ling\u00fc\u00edstica"},"content":{"rendered":"<p>La diversidad ling\u00fc\u00edstica es un libro dirigido especialmente a los profesionales de la ense\u00f1anza y a los lectores interesados en el fen\u00f3meno del lenguaje. Su objetivo primordial es explicar de forma clara los mecanismos de la diversificaci\u00f3n ling\u00fc\u00edstica, de manera que pueda ser entendido como un estado natural que act\u00faa como medio de adecuaci\u00f3n al entorno y no como un obst\u00e1culo para la comunicaci\u00f3n. Al mismo tiempo, se pone \u00e9nfasis en el hecho del contacto equitativo que hace posible la convivencia y la comunicaci\u00f3n sin renunciar a la diversidad ni a las formas de representar al mundo que han forjado las diferentes culturas.<\/p>\n","protected":false},"excerpt":{"rendered":"<p>La diversidad ling\u00fc\u00edstica es un libro dirigido especialmente a los profesionales de la ense\u00f1anza y a los lectores interesados en el fen\u00f3meno del lenguaje. Su objetivo primordial es explicar de forma clara los mecanismos de la diversificaci\u00f3n ling\u00fc\u00edstica, de manera que pueda ser entendido como un estado natural que act\u00faa como medio de adecuaci\u00f3n al entorno y no como un obst\u00e1culo para la comunicaci\u00f3n. Al mismo tiempo, se pone \u00e9nfasis en el hecho del contacto equitativo que hace posible la convivencia y la comunicaci\u00f3n sin renunciar a la diversidad ni a las formas de representar al mundo que han forjado las diferentes culturas.<\/p>\n","protected":false},"featured_media":17312,"comment_status":"open","ping_status":"closed","template":"","meta":{"_et_pb_use_builder":"","_et_pb_old_content":"","_et_gb_content_width":""},"product_cat":[1512,6675],"product_tag":[2602],"edicion":[1083],"editoriales":[1160],"tienda":[],"autor_id":[5757],"universidades_coeditoras":[],"palabras_clave":[],"listado_alfabetico":[],"acf":[],"_links":{"self":[{"href":"https:\/\/wizardly-davinci.82-223-8-23.plesk.page\/en\/wp-json\/wp\/v2\/product\/17311"}],"collection":[{"href":"https:\/\/wizardly-davinci.82-223-8-23.plesk.page\/en\/wp-json\/wp\/v2\/product"}],"about":[{"href":"https:\/\/wizardly-davinci.82-223-8-23.plesk.page\/en\/wp-json\/wp\/v2\/types\/product"}],"replies":[{"embeddable":true,"href":"https:\/\/wizardly-davinci.82-223-8-23.plesk.page\/en\/wp-json\/wp\/v2\/comments?post=17311"}],"wp:featuredmedia":[{"embeddable":true,"href":"https:\/\/wizardly-davinci.82-223-8-23.plesk.page\/en\/wp-json\/wp\/v2\/media\/17312"}],"wp:attachment":[{"href":"https:\/\/wizardly-davinci.82-223-8-23.plesk.page\/en\/wp-json\/wp\/v2\/media?parent=17311"}],"wp:term":[{"taxonomy":"product_cat","embeddable":true,"href":"https:\/\/wizardly-davinci.82-223-8-23.plesk.page\/en\/wp-json\/wp\/v2\/product_cat?post=17311"},{"taxonomy":"product_tag","embeddable":true,"href":"https:\/\/wizardly-davinci.82-223-8-23.plesk.page\/en\/wp-json\/wp\/v2\/product_tag?post=17311"},{"taxonomy":"edicion","embeddable":true,"href":"https:\/\/wizardly-davinci.82-223-8-23.plesk.page\/en\/wp-json\/wp\/v2\/edicion?post=17311"},{"taxonomy":"editoriales","embeddable":true,"href":"https:\/\/wizardly-davinci.82-223-8-23.plesk.page\/en\/wp-json\/wp\/v2\/editoriales?post=17311"},{"taxonomy":"tienda","embeddable":true,"href":"https:\/\/wizardly-davinci.82-223-8-23.plesk.page\/en\/wp-json\/wp\/v2\/tienda?post=17311"},{"taxonomy":"autor_id","embeddable":true,"href":"https:\/\/wizardly-davinci.82-223-8-23.plesk.page\/en\/wp-json\/wp\/v2\/autor_id?post=17311"},{"taxonomy":"universidades_coeditoras","embeddable":true,"href":"https:\/\/wizardly-davinci.82-223-8-23.plesk.page\/en\/wp-json\/wp\/v2\/universidades_coeditoras?post=17311"},{"taxonomy":"palabras_clave","embeddable":true,"href":"https:\/\/wizardly-davinci.82-223-8-23.plesk.page\/en\/wp-json\/wp\/v2\/palabras_clave?post=17311"},{"taxonomy":"listado_alfabetico","embeddable":true,"href":"https:\/\/wizardly-davinci.82-223-8-23.plesk.page\/en\/wp-json\/wp\/v2\/listado_alfabetico?post=17311"}],"curies":[{"name":"wp","href":"https:\/\/api.w.org\/{rel}","templated":true}]}}