{"id":17313,"date":"2019-04-09T22:25:38","date_gmt":"2019-04-09T22:25:38","guid":{"rendered":"https:\/\/octaedro.com\/producto\/la-tierra-de-cenizas-y-diamantes\/"},"modified":"2023-04-20T11:55:07","modified_gmt":"2023-04-20T09:55:07","slug":"la-tierra-de-cenizas-y-diamantes","status":"publish","type":"product","link":"https:\/\/wizardly-davinci.82-223-8-23.plesk.page\/en\/producto\/la-tierra-de-cenizas-y-diamantes\/","title":{"rendered":"La tierra de cenizas y diamantes"},"content":{"rendered":"<p>La Tierra de cenizas y diamantes es la historia de una amistad nacida del trabajo com\u00fan, pero tambi\u00e9n es mucho m\u00e1s. La idea de publicar las cartas partiendo de un relato que represente el contexto \u2013la Polonia de entonces- ha dado origen a este libro, cuya primera parte \u2013La Tierra de cenizas y diamantes- cuenta un fragmento de la historia subterr\u00e1nea del teatro y proporcionar un testimonio sobre unos a\u00f1os cruciales para el teatro de la segunda mitad del siglo XX. La segunda parte \u2013Querido Kim- presenta, en orden cronol\u00f3gico, las 26 cartas escritas por Grotowsky a Barba.<\/p>\n","protected":false},"excerpt":{"rendered":"<p>La Tierra de cenizas y diamantes es la historia de una amistad nacida del trabajo com\u00fan, pero tambi\u00e9n es mucho m\u00e1s. La idea de publicar las cartas partiendo de un relato que represente el contexto \u2013la Polonia de entonces- ha dado origen a este libro, cuya primera parte \u2013La Tierra de cenizas y diamantes- cuenta un fragmento de la historia subterr\u00e1nea del teatro y proporcionar un testimonio sobre unos a\u00f1os cruciales para el teatro de la segunda mitad del siglo XX. La segunda parte \u2013Querido Kim- presenta, en orden cronol\u00f3gico, las 26 cartas escritas por Grotowsky a Barba.<\/p>\n","protected":false},"featured_media":17314,"comment_status":"open","ping_status":"closed","template":"","meta":{"_et_pb_use_builder":"","_et_pb_old_content":"","_et_gb_content_width":""},"product_cat":[1512],"product_tag":[2602],"edicion":[],"editoriales":[1160],"tienda":[],"autor_id":[5110],"universidades_coeditoras":[],"palabras_clave":[],"listado_alfabetico":[],"acf":[],"_links":{"self":[{"href":"https:\/\/wizardly-davinci.82-223-8-23.plesk.page\/en\/wp-json\/wp\/v2\/product\/17313"}],"collection":[{"href":"https:\/\/wizardly-davinci.82-223-8-23.plesk.page\/en\/wp-json\/wp\/v2\/product"}],"about":[{"href":"https:\/\/wizardly-davinci.82-223-8-23.plesk.page\/en\/wp-json\/wp\/v2\/types\/product"}],"replies":[{"embeddable":true,"href":"https:\/\/wizardly-davinci.82-223-8-23.plesk.page\/en\/wp-json\/wp\/v2\/comments?post=17313"}],"wp:featuredmedia":[{"embeddable":true,"href":"https:\/\/wizardly-davinci.82-223-8-23.plesk.page\/en\/wp-json\/wp\/v2\/media\/17314"}],"wp:attachment":[{"href":"https:\/\/wizardly-davinci.82-223-8-23.plesk.page\/en\/wp-json\/wp\/v2\/media?parent=17313"}],"wp:term":[{"taxonomy":"product_cat","embeddable":true,"href":"https:\/\/wizardly-davinci.82-223-8-23.plesk.page\/en\/wp-json\/wp\/v2\/product_cat?post=17313"},{"taxonomy":"product_tag","embeddable":true,"href":"https:\/\/wizardly-davinci.82-223-8-23.plesk.page\/en\/wp-json\/wp\/v2\/product_tag?post=17313"},{"taxonomy":"edicion","embeddable":true,"href":"https:\/\/wizardly-davinci.82-223-8-23.plesk.page\/en\/wp-json\/wp\/v2\/edicion?post=17313"},{"taxonomy":"editoriales","embeddable":true,"href":"https:\/\/wizardly-davinci.82-223-8-23.plesk.page\/en\/wp-json\/wp\/v2\/editoriales?post=17313"},{"taxonomy":"tienda","embeddable":true,"href":"https:\/\/wizardly-davinci.82-223-8-23.plesk.page\/en\/wp-json\/wp\/v2\/tienda?post=17313"},{"taxonomy":"autor_id","embeddable":true,"href":"https:\/\/wizardly-davinci.82-223-8-23.plesk.page\/en\/wp-json\/wp\/v2\/autor_id?post=17313"},{"taxonomy":"universidades_coeditoras","embeddable":true,"href":"https:\/\/wizardly-davinci.82-223-8-23.plesk.page\/en\/wp-json\/wp\/v2\/universidades_coeditoras?post=17313"},{"taxonomy":"palabras_clave","embeddable":true,"href":"https:\/\/wizardly-davinci.82-223-8-23.plesk.page\/en\/wp-json\/wp\/v2\/palabras_clave?post=17313"},{"taxonomy":"listado_alfabetico","embeddable":true,"href":"https:\/\/wizardly-davinci.82-223-8-23.plesk.page\/en\/wp-json\/wp\/v2\/listado_alfabetico?post=17313"}],"curies":[{"name":"wp","href":"https:\/\/api.w.org\/{rel}","templated":true}]}}