{"id":17315,"date":"2019-04-09T22:25:39","date_gmt":"2019-04-09T22:25:39","guid":{"rendered":"https:\/\/octaedro.com\/producto\/espacios-de-identidad\/"},"modified":"2023-04-20T11:55:13","modified_gmt":"2023-04-20T09:55:13","slug":"espacios-de-identidad","status":"publish","type":"product","link":"https:\/\/wizardly-davinci.82-223-8-23.plesk.page\/en\/producto\/espacios-de-identidad\/","title":{"rendered":"Espacios de identidad"},"content":{"rendered":"<p>Teorizar el curr\u00edculum se limitaba a discutir sobre c\u00f3mo organizarlo. Las teor\u00edas cr\u00edticas rechazar\u00edan de forma radical este razonamiento, y cuestionar\u00edan, precisamente, la validez del conocimiento incorporado en el curr\u00edculum. La nueva pregunta ser\u00eda: \u00bfPor qu\u00e9 incluir este conocimiento y no otro?En cierta continuidad, las teor\u00edas poscr\u00edticas compartir\u00edan la misma preocupaci\u00f3n por cuestiones de poder, pero dejar\u00edan a un lado la oposici\u00f3n entre poder y conocimiento, conectando significado, identidad y poder. De modo sint\u00e9tico y panor\u00e1mico, Espacios de identidad revisa las teorizaciones mencionadas y a sus autores, y analiza las tendencias recientes de la teor\u00eda social como posmodernismo, feminismo, estudios poscolonialistas y estudios culturales. El itinerario trazado, de la g\u00e9nesis a la actualidad social, lo convierten en un estudio esencial de lectura imprescindible para todas aquellas personas dispuestas a ver el curr\u00edculum con la mirada inocente de anta\u00f1o.<\/p>\n","protected":false},"excerpt":{"rendered":"<p>Teorizar el curr\u00edculum se limitaba a discutir sobre c\u00f3mo organizarlo. Las teor\u00edas cr\u00edticas rechazar\u00edan de forma radical este razonamiento, y cuestionar\u00edan, precisamente, la validez del conocimiento incorporado en el curr\u00edculum. La nueva pregunta ser\u00eda: \u00bfPor qu\u00e9 incluir este conocimiento y no otro?En cierta continuidad, las teor\u00edas poscr\u00edticas compartir\u00edan la misma preocupaci\u00f3n por cuestiones de poder, pero dejar\u00edan a un lado la oposici\u00f3n entre poder y conocimiento, conectando significado, identidad y poder. De modo sint\u00e9tico y panor\u00e1mico, Espacios de identidad revisa las teorizaciones mencionadas y a sus autores, y analiza las tendencias recientes de la teor\u00eda social como posmodernismo, feminismo, estudios poscolonialistas y estudios culturales. El itinerario trazado, de la g\u00e9nesis a la actualidad social, lo convierten en un estudio esencial de lectura imprescindible para todas aquellas personas dispuestas a ver el curr\u00edculum con la mirada inocente de anta\u00f1o.<\/p>\n","protected":false},"featured_media":17316,"comment_status":"open","ping_status":"closed","template":"","meta":{"_et_pb_use_builder":"","_et_pb_old_content":"","_et_gb_content_width":""},"product_cat":[1512,6675],"product_tag":[2602],"edicion":[1083],"editoriales":[1160],"tienda":[],"autor_id":[6470],"universidades_coeditoras":[],"palabras_clave":[],"listado_alfabetico":[],"acf":[],"_links":{"self":[{"href":"https:\/\/wizardly-davinci.82-223-8-23.plesk.page\/en\/wp-json\/wp\/v2\/product\/17315"}],"collection":[{"href":"https:\/\/wizardly-davinci.82-223-8-23.plesk.page\/en\/wp-json\/wp\/v2\/product"}],"about":[{"href":"https:\/\/wizardly-davinci.82-223-8-23.plesk.page\/en\/wp-json\/wp\/v2\/types\/product"}],"replies":[{"embeddable":true,"href":"https:\/\/wizardly-davinci.82-223-8-23.plesk.page\/en\/wp-json\/wp\/v2\/comments?post=17315"}],"wp:featuredmedia":[{"embeddable":true,"href":"https:\/\/wizardly-davinci.82-223-8-23.plesk.page\/en\/wp-json\/wp\/v2\/media\/17316"}],"wp:attachment":[{"href":"https:\/\/wizardly-davinci.82-223-8-23.plesk.page\/en\/wp-json\/wp\/v2\/media?parent=17315"}],"wp:term":[{"taxonomy":"product_cat","embeddable":true,"href":"https:\/\/wizardly-davinci.82-223-8-23.plesk.page\/en\/wp-json\/wp\/v2\/product_cat?post=17315"},{"taxonomy":"product_tag","embeddable":true,"href":"https:\/\/wizardly-davinci.82-223-8-23.plesk.page\/en\/wp-json\/wp\/v2\/product_tag?post=17315"},{"taxonomy":"edicion","embeddable":true,"href":"https:\/\/wizardly-davinci.82-223-8-23.plesk.page\/en\/wp-json\/wp\/v2\/edicion?post=17315"},{"taxonomy":"editoriales","embeddable":true,"href":"https:\/\/wizardly-davinci.82-223-8-23.plesk.page\/en\/wp-json\/wp\/v2\/editoriales?post=17315"},{"taxonomy":"tienda","embeddable":true,"href":"https:\/\/wizardly-davinci.82-223-8-23.plesk.page\/en\/wp-json\/wp\/v2\/tienda?post=17315"},{"taxonomy":"autor_id","embeddable":true,"href":"https:\/\/wizardly-davinci.82-223-8-23.plesk.page\/en\/wp-json\/wp\/v2\/autor_id?post=17315"},{"taxonomy":"universidades_coeditoras","embeddable":true,"href":"https:\/\/wizardly-davinci.82-223-8-23.plesk.page\/en\/wp-json\/wp\/v2\/universidades_coeditoras?post=17315"},{"taxonomy":"palabras_clave","embeddable":true,"href":"https:\/\/wizardly-davinci.82-223-8-23.plesk.page\/en\/wp-json\/wp\/v2\/palabras_clave?post=17315"},{"taxonomy":"listado_alfabetico","embeddable":true,"href":"https:\/\/wizardly-davinci.82-223-8-23.plesk.page\/en\/wp-json\/wp\/v2\/listado_alfabetico?post=17315"}],"curies":[{"name":"wp","href":"https:\/\/api.w.org\/{rel}","templated":true}]}}