{"id":17317,"date":"2019-04-09T22:25:39","date_gmt":"2019-04-09T22:25:39","guid":{"rendered":"https:\/\/octaedro.com\/producto\/como-enfrentar-el-malestar-docente\/"},"modified":"2023-04-20T11:55:20","modified_gmt":"2023-04-20T09:55:20","slug":"como-enfrentar-el-malestar-docente","status":"publish","type":"product","link":"https:\/\/wizardly-davinci.82-223-8-23.plesk.page\/en\/producto\/como-enfrentar-el-malestar-docente\/","title":{"rendered":"Como enfrentar el malestar docente"},"content":{"rendered":"<p>El libro de Cox y Heames supone una interesante combinaci\u00f3n de teor\u00eda y estrategias pr\u00e1cticas, con excelentes sugerencias sobre c\u00f3mo repensar nuestro papel como profesores y c\u00f3mo reorganizarlo en la pr\u00e1ctica cotidiana. Los autores parten de la idea de que el dominio de las tensiones que experimentamos en la ense\u00f1anza exige, en primer lugar, comprender que la relaci\u00f3n educativa en nuestras clases ha cambiado y a\u00fan va a continuar cambiando; por tanto, estos cambios nos exigen establecer ajustes en los papeles que desempe\u00f1amos, permiti\u00e9ndonos responder positivamente a las presiones de nuestro entorno.<\/p>\n","protected":false},"excerpt":{"rendered":"<p>El libro de Cox y Heames supone una interesante combinaci\u00f3n de teor\u00eda y estrategias pr\u00e1cticas, con excelentes sugerencias sobre c\u00f3mo repensar nuestro papel como profesores y c\u00f3mo reorganizarlo en la pr\u00e1ctica cotidiana. Los autores parten de la idea de que el dominio de las tensiones que experimentamos en la ense\u00f1anza exige, en primer lugar, comprender que la relaci\u00f3n educativa en nuestras clases ha cambiado y a\u00fan va a continuar cambiando; por tanto, estos cambios nos exigen establecer ajustes en los papeles que desempe\u00f1amos, permiti\u00e9ndonos responder positivamente a las presiones de nuestro entorno.<\/p>\n","protected":false},"featured_media":21864,"comment_status":"open","ping_status":"closed","template":"","meta":{"_et_pb_use_builder":"","_et_pb_old_content":"","_et_gb_content_width":""},"product_cat":[1512],"product_tag":[2602],"edicion":[1083],"editoriales":[1160],"tienda":[],"autor_id":[5343,5670],"universidades_coeditoras":[],"palabras_clave":[],"listado_alfabetico":[],"acf":[],"_links":{"self":[{"href":"https:\/\/wizardly-davinci.82-223-8-23.plesk.page\/en\/wp-json\/wp\/v2\/product\/17317"}],"collection":[{"href":"https:\/\/wizardly-davinci.82-223-8-23.plesk.page\/en\/wp-json\/wp\/v2\/product"}],"about":[{"href":"https:\/\/wizardly-davinci.82-223-8-23.plesk.page\/en\/wp-json\/wp\/v2\/types\/product"}],"replies":[{"embeddable":true,"href":"https:\/\/wizardly-davinci.82-223-8-23.plesk.page\/en\/wp-json\/wp\/v2\/comments?post=17317"}],"wp:featuredmedia":[{"embeddable":true,"href":"https:\/\/wizardly-davinci.82-223-8-23.plesk.page\/en\/wp-json\/wp\/v2\/media\/21864"}],"wp:attachment":[{"href":"https:\/\/wizardly-davinci.82-223-8-23.plesk.page\/en\/wp-json\/wp\/v2\/media?parent=17317"}],"wp:term":[{"taxonomy":"product_cat","embeddable":true,"href":"https:\/\/wizardly-davinci.82-223-8-23.plesk.page\/en\/wp-json\/wp\/v2\/product_cat?post=17317"},{"taxonomy":"product_tag","embeddable":true,"href":"https:\/\/wizardly-davinci.82-223-8-23.plesk.page\/en\/wp-json\/wp\/v2\/product_tag?post=17317"},{"taxonomy":"edicion","embeddable":true,"href":"https:\/\/wizardly-davinci.82-223-8-23.plesk.page\/en\/wp-json\/wp\/v2\/edicion?post=17317"},{"taxonomy":"editoriales","embeddable":true,"href":"https:\/\/wizardly-davinci.82-223-8-23.plesk.page\/en\/wp-json\/wp\/v2\/editoriales?post=17317"},{"taxonomy":"tienda","embeddable":true,"href":"https:\/\/wizardly-davinci.82-223-8-23.plesk.page\/en\/wp-json\/wp\/v2\/tienda?post=17317"},{"taxonomy":"autor_id","embeddable":true,"href":"https:\/\/wizardly-davinci.82-223-8-23.plesk.page\/en\/wp-json\/wp\/v2\/autor_id?post=17317"},{"taxonomy":"universidades_coeditoras","embeddable":true,"href":"https:\/\/wizardly-davinci.82-223-8-23.plesk.page\/en\/wp-json\/wp\/v2\/universidades_coeditoras?post=17317"},{"taxonomy":"palabras_clave","embeddable":true,"href":"https:\/\/wizardly-davinci.82-223-8-23.plesk.page\/en\/wp-json\/wp\/v2\/palabras_clave?post=17317"},{"taxonomy":"listado_alfabetico","embeddable":true,"href":"https:\/\/wizardly-davinci.82-223-8-23.plesk.page\/en\/wp-json\/wp\/v2\/listado_alfabetico?post=17317"}],"curies":[{"name":"wp","href":"https:\/\/api.w.org\/{rel}","templated":true}]}}