{"id":17318,"date":"2019-04-09T22:25:40","date_gmt":"2019-04-09T22:25:40","guid":{"rendered":"https:\/\/octaedro.com\/producto\/el-diario-en-la-escuela\/"},"modified":"2023-04-20T11:55:27","modified_gmt":"2023-04-20T09:55:27","slug":"el-diario-en-la-escuela","status":"publish","type":"product","link":"https:\/\/wizardly-davinci.82-223-8-23.plesk.page\/en\/producto\/el-diario-en-la-escuela\/","title":{"rendered":"El diario en la escuela"},"content":{"rendered":"<p>La lectura de una experiencia como la relatada en El diario en la escuela nos acerca un poco m\u00e1s a la multitud de experiencias educativas, extraordinariamente innovadoras, que se est\u00e1n llevando a cabo en la mayor\u00eda de los pa\u00edses latinoamericanos. En este caso se trata de Argentina, una Argentina que lucha por su reconstrucci\u00f3n pol\u00edtica y social y en la que la educaci\u00f3n juega un poderoso papel: \u00bfC\u00f3mo ense\u00f1ar sobre la democracia despu\u00e9s de casi una d\u00e9cada de dictadura militar? \u00bfDe qu\u00e9 manera promover la libre expresi\u00f3n y el esp\u00edritu cr\u00edtico de los alumnos?En el programa did\u00e1ctico que aqu\u00ed se describe y que se realiza desde hace ya m\u00e1s de quince a\u00f1os, el peri\u00f3dico y, sobre todo, su an\u00e1lisis y su cr\u00edtica, son el eje de un proyecto que ayuda a formar ciudadanos libres. Convertir la actualidad en objeto de estudio, analizar el papel de los medios de comunicaci\u00f3n en una sociedad democr\u00e1tica, descubrir de qu\u00e9 manera hablan de nosotros el diario, la radio y la televisi\u00f3n fueron sus puntos de partida y son, en definitiva, las herramientas necesarias para un nuevo estilo de ense\u00f1anza. Un aut\u00e9ntico ejemplo de creatividad que nos ayudar\u00e1 a adaptar un poco m\u00e1s los m\u00e9todos educativos a un mundo controlado por las redes de informaci\u00f3n.<\/p>\n","protected":false},"excerpt":{"rendered":"<p>La lectura de una experiencia como la relatada en El diario en la escuela nos acerca un poco m\u00e1s a la multitud de experiencias educativas, extraordinariamente innovadoras, que se est\u00e1n llevando a cabo en la mayor\u00eda de los pa\u00edses latinoamericanos. En este caso se trata de Argentina, una Argentina que lucha por su reconstrucci\u00f3n pol\u00edtica y social y en la que la educaci\u00f3n juega un poderoso papel: \u00bfC\u00f3mo ense\u00f1ar sobre la democracia despu\u00e9s de casi una d\u00e9cada de dictadura militar? \u00bfDe qu\u00e9 manera promover la libre expresi\u00f3n y el esp\u00edritu cr\u00edtico de los alumnos?En el programa did\u00e1ctico que aqu\u00ed se describe y que se realiza desde hace ya m\u00e1s de quince a\u00f1os, el peri\u00f3dico y, sobre todo, su an\u00e1lisis y su cr\u00edtica, son el eje de un proyecto que ayuda a formar ciudadanos libres. Convertir la actualidad en objeto de estudio, analizar el papel de los medios de comunicaci\u00f3n en una sociedad democr\u00e1tica, descubrir de qu\u00e9 manera hablan de nosotros el diario, la radio y la televisi\u00f3n fueron sus puntos de partida y son, en definitiva, las herramientas necesarias para un nuevo estilo de ense\u00f1anza. Un aut\u00e9ntico ejemplo de creatividad que nos ayudar\u00e1 a adaptar un poco m\u00e1s los m\u00e9todos educativos a un mundo controlado por las redes de informaci\u00f3n.<\/p>\n","protected":false},"featured_media":21865,"comment_status":"open","ping_status":"closed","template":"","meta":{"_et_pb_use_builder":"","_et_pb_old_content":"","_et_gb_content_width":""},"product_cat":[1512],"product_tag":[2602],"edicion":[1083],"editoriales":[1160],"tienda":[],"autor_id":[6008],"universidades_coeditoras":[],"palabras_clave":[],"listado_alfabetico":[],"acf":[],"_links":{"self":[{"href":"https:\/\/wizardly-davinci.82-223-8-23.plesk.page\/en\/wp-json\/wp\/v2\/product\/17318"}],"collection":[{"href":"https:\/\/wizardly-davinci.82-223-8-23.plesk.page\/en\/wp-json\/wp\/v2\/product"}],"about":[{"href":"https:\/\/wizardly-davinci.82-223-8-23.plesk.page\/en\/wp-json\/wp\/v2\/types\/product"}],"replies":[{"embeddable":true,"href":"https:\/\/wizardly-davinci.82-223-8-23.plesk.page\/en\/wp-json\/wp\/v2\/comments?post=17318"}],"wp:featuredmedia":[{"embeddable":true,"href":"https:\/\/wizardly-davinci.82-223-8-23.plesk.page\/en\/wp-json\/wp\/v2\/media\/21865"}],"wp:attachment":[{"href":"https:\/\/wizardly-davinci.82-223-8-23.plesk.page\/en\/wp-json\/wp\/v2\/media?parent=17318"}],"wp:term":[{"taxonomy":"product_cat","embeddable":true,"href":"https:\/\/wizardly-davinci.82-223-8-23.plesk.page\/en\/wp-json\/wp\/v2\/product_cat?post=17318"},{"taxonomy":"product_tag","embeddable":true,"href":"https:\/\/wizardly-davinci.82-223-8-23.plesk.page\/en\/wp-json\/wp\/v2\/product_tag?post=17318"},{"taxonomy":"edicion","embeddable":true,"href":"https:\/\/wizardly-davinci.82-223-8-23.plesk.page\/en\/wp-json\/wp\/v2\/edicion?post=17318"},{"taxonomy":"editoriales","embeddable":true,"href":"https:\/\/wizardly-davinci.82-223-8-23.plesk.page\/en\/wp-json\/wp\/v2\/editoriales?post=17318"},{"taxonomy":"tienda","embeddable":true,"href":"https:\/\/wizardly-davinci.82-223-8-23.plesk.page\/en\/wp-json\/wp\/v2\/tienda?post=17318"},{"taxonomy":"autor_id","embeddable":true,"href":"https:\/\/wizardly-davinci.82-223-8-23.plesk.page\/en\/wp-json\/wp\/v2\/autor_id?post=17318"},{"taxonomy":"universidades_coeditoras","embeddable":true,"href":"https:\/\/wizardly-davinci.82-223-8-23.plesk.page\/en\/wp-json\/wp\/v2\/universidades_coeditoras?post=17318"},{"taxonomy":"palabras_clave","embeddable":true,"href":"https:\/\/wizardly-davinci.82-223-8-23.plesk.page\/en\/wp-json\/wp\/v2\/palabras_clave?post=17318"},{"taxonomy":"listado_alfabetico","embeddable":true,"href":"https:\/\/wizardly-davinci.82-223-8-23.plesk.page\/en\/wp-json\/wp\/v2\/listado_alfabetico?post=17318"}],"curies":[{"name":"wp","href":"https:\/\/api.w.org\/{rel}","templated":true}]}}