{"id":17320,"date":"2019-04-09T22:25:44","date_gmt":"2019-04-09T22:25:44","guid":{"rendered":"https:\/\/octaedro.com\/producto\/la-ciudad-como-proyecto-educativo\/"},"modified":"2023-04-20T11:55:41","modified_gmt":"2023-04-20T09:55:41","slug":"la-ciudad-como-proyecto-educativo","status":"publish","type":"product","link":"https:\/\/wizardly-davinci.82-223-8-23.plesk.page\/en\/producto\/la-ciudad-como-proyecto-educativo\/","title":{"rendered":"La ciudad como proyecto educativo"},"content":{"rendered":"<p>En la \u00faltima d\u00e9cada del siglo XX, numerosas ciudades han tomado conciencia del imprescindible papel que desempe\u00f1an en la educaci\u00f3n de sus ciudadanos. Los nuevos desaf\u00edos de la sociedad contempor\u00e1nea exigen la introducci\u00f3n de modificaciones en nuestras ciudades, que suponen la modificaci\u00f3n de h\u00e1bitos de comportamiento y de actitudes ciudadanas a veces muy arraigadas.Los autores de este libro describen los elementos esenciales que inspiran los llamados Proyectos Educativos de Ciudad, en que Barcelona, fiel a una tradici\u00f3n educativa muy arraigada en la ciudad, ha sido pionera. Un gran movimiento ciudadano que ha implicado a las escuelas de la ciudad, pero tambi\u00e9n a economistas y arquitectos, a empresarios y jubilados, a artistas y ciudadanos de a pie en los que ha inculcado la solidaridad y el deseo de participaci\u00f3n. El camino est\u00e1 marcado. En las direcciones apuntadas por la ciudad de Barcelona, as\u00ed como por algunas ciudades escandinavas, italianas y brasile\u00f1as, anida el germen de una nueva visi\u00f3n de la educaci\u00f3n que va m\u00e1s all\u00e1 de las escuelas e implica a toda la ciudadan\u00eda.<\/p>\n","protected":false},"excerpt":{"rendered":"<p>En la \u00faltima d\u00e9cada del siglo XX, numerosas ciudades han tomado conciencia del imprescindible papel que desempe\u00f1an en la educaci\u00f3n de sus ciudadanos. Los nuevos desaf\u00edos de la sociedad contempor\u00e1nea exigen la introducci\u00f3n de modificaciones en nuestras ciudades, que suponen la modificaci\u00f3n de h\u00e1bitos de comportamiento y de actitudes ciudadanas a veces muy arraigadas.Los autores de este libro describen los elementos esenciales que inspiran los llamados Proyectos Educativos de Ciudad, en que Barcelona, fiel a una tradici\u00f3n educativa muy arraigada en la ciudad, ha sido pionera. Un gran movimiento ciudadano que ha implicado a las escuelas de la ciudad, pero tambi\u00e9n a economistas y arquitectos, a empresarios y jubilados, a artistas y ciudadanos de a pie en los que ha inculcado la solidaridad y el deseo de participaci\u00f3n. El camino est\u00e1 marcado. En las direcciones apuntadas por la ciudad de Barcelona, as\u00ed como por algunas ciudades escandinavas, italianas y brasile\u00f1as, anida el germen de una nueva visi\u00f3n de la educaci\u00f3n que va m\u00e1s all\u00e1 de las escuelas e implica a toda la ciudadan\u00eda.<\/p>\n","protected":false},"featured_media":21868,"comment_status":"open","ping_status":"closed","template":"","meta":{"_et_pb_use_builder":"","_et_pb_old_content":"","_et_gb_content_width":""},"product_cat":[1512],"product_tag":[],"edicion":[],"editoriales":[1160],"tienda":[],"autor_id":[5660,6575],"universidades_coeditoras":[],"palabras_clave":[],"listado_alfabetico":[],"acf":[],"_links":{"self":[{"href":"https:\/\/wizardly-davinci.82-223-8-23.plesk.page\/en\/wp-json\/wp\/v2\/product\/17320"}],"collection":[{"href":"https:\/\/wizardly-davinci.82-223-8-23.plesk.page\/en\/wp-json\/wp\/v2\/product"}],"about":[{"href":"https:\/\/wizardly-davinci.82-223-8-23.plesk.page\/en\/wp-json\/wp\/v2\/types\/product"}],"replies":[{"embeddable":true,"href":"https:\/\/wizardly-davinci.82-223-8-23.plesk.page\/en\/wp-json\/wp\/v2\/comments?post=17320"}],"wp:featuredmedia":[{"embeddable":true,"href":"https:\/\/wizardly-davinci.82-223-8-23.plesk.page\/en\/wp-json\/wp\/v2\/media\/21868"}],"wp:attachment":[{"href":"https:\/\/wizardly-davinci.82-223-8-23.plesk.page\/en\/wp-json\/wp\/v2\/media?parent=17320"}],"wp:term":[{"taxonomy":"product_cat","embeddable":true,"href":"https:\/\/wizardly-davinci.82-223-8-23.plesk.page\/en\/wp-json\/wp\/v2\/product_cat?post=17320"},{"taxonomy":"product_tag","embeddable":true,"href":"https:\/\/wizardly-davinci.82-223-8-23.plesk.page\/en\/wp-json\/wp\/v2\/product_tag?post=17320"},{"taxonomy":"edicion","embeddable":true,"href":"https:\/\/wizardly-davinci.82-223-8-23.plesk.page\/en\/wp-json\/wp\/v2\/edicion?post=17320"},{"taxonomy":"editoriales","embeddable":true,"href":"https:\/\/wizardly-davinci.82-223-8-23.plesk.page\/en\/wp-json\/wp\/v2\/editoriales?post=17320"},{"taxonomy":"tienda","embeddable":true,"href":"https:\/\/wizardly-davinci.82-223-8-23.plesk.page\/en\/wp-json\/wp\/v2\/tienda?post=17320"},{"taxonomy":"autor_id","embeddable":true,"href":"https:\/\/wizardly-davinci.82-223-8-23.plesk.page\/en\/wp-json\/wp\/v2\/autor_id?post=17320"},{"taxonomy":"universidades_coeditoras","embeddable":true,"href":"https:\/\/wizardly-davinci.82-223-8-23.plesk.page\/en\/wp-json\/wp\/v2\/universidades_coeditoras?post=17320"},{"taxonomy":"palabras_clave","embeddable":true,"href":"https:\/\/wizardly-davinci.82-223-8-23.plesk.page\/en\/wp-json\/wp\/v2\/palabras_clave?post=17320"},{"taxonomy":"listado_alfabetico","embeddable":true,"href":"https:\/\/wizardly-davinci.82-223-8-23.plesk.page\/en\/wp-json\/wp\/v2\/listado_alfabetico?post=17320"}],"curies":[{"name":"wp","href":"https:\/\/api.w.org\/{rel}","templated":true}]}}