{"id":17332,"date":"2019-04-09T22:26:07","date_gmt":"2019-04-09T22:26:07","guid":{"rendered":"https:\/\/octaedro.com\/producto\/la-educacion-en-america-latina-entre-la-calidad-y-la-equidad\/"},"modified":"2023-04-20T11:56:58","modified_gmt":"2023-04-20T09:56:58","slug":"la-educacion-en-america-latina-entre-la-calidad-y-la-equidad","status":"publish","type":"product","link":"https:\/\/wizardly-davinci.82-223-8-23.plesk.page\/en\/producto\/la-educacion-en-america-latina-entre-la-calidad-y-la-equidad\/","title":{"rendered":"La educaci\u00f3n en Am\u00e9rica Latina"},"content":{"rendered":"<p>\u00bfPueden realmente conciliarse la ret\u00f3rica de la calidad con la de la equidad en las agendas de las reformas educativas latinoamericanas? Este libro trata de dar respuestas a tan complejo, como apasionante, interrogante. A partir de este punto de partida indaga posibles hip\u00f3tesis, a trav\u00e9s de sus p\u00e1ginas, ofreciendo argumentaciones y datos que demuestren c\u00f3mo la pol\u00edtica educativa de la regi\u00f3n de Am\u00e9rica Latina ha forjado una ret\u00f3rica discursiva que a menudo se aleja de la realidad socioeducativa cuyo reto pendiente, por otro lado, es el alivio impostergable de la pobreza. Lo anterior, adem\u00e1s, se produce en un contexto dominado por el neoliberalismo y la globalizaci\u00f3n econ\u00f3mica que integra a la educaci\u00f3n en los mercados educativos. De este modo, a trav\u00e9s de una mirada un tanto sincr\u00f3nica como diacr\u00f3nica, se examina la evoluci\u00f3n de la realidad educativa latinoamericana desde la d\u00e9cada de los a\u00f1os sesenta hasta la actualidad, incidiendo en el an\u00e1lisis tanto del discurso educativo y de la reforma educativa surgidos en el seno gubernamental como de la realidad condicionada por la pobreza a la que nos hemos referido. Ofrece, para concluir, unos \u201cbuenos deseos\u201d, o posibles retos pendientes que a\u00fan podr\u00edan saldarse para tratar de acercar ambos discursos.<\/p>\n","protected":false},"excerpt":{"rendered":"<p>\u00bfPueden realmente conciliarse la ret\u00f3rica de la calidad con la de la equidad en las agendas de las reformas educativas latinoamericanas? Este libro trata de dar respuestas a tan complejo, como apasionante, interrogante. A partir de este punto de partida indaga posibles hip\u00f3tesis, a trav\u00e9s de sus p\u00e1ginas, ofreciendo argumentaciones y datos que demuestren c\u00f3mo la pol\u00edtica educativa de la regi\u00f3n de Am\u00e9rica Latina ha forjado una ret\u00f3rica discursiva que a menudo se aleja de la realidad socioeducativa cuyo reto pendiente, por otro lado, es el alivio impostergable de la pobreza. Lo anterior, adem\u00e1s, se produce en un contexto dominado por el neoliberalismo y la globalizaci\u00f3n econ\u00f3mica que integra a la educaci\u00f3n en los mercados educativos. De este modo, a trav\u00e9s de una mirada un tanto sincr\u00f3nica como diacr\u00f3nica, se examina la evoluci\u00f3n de la realidad educativa latinoamericana desde la d\u00e9cada de los a\u00f1os sesenta hasta la actualidad, incidiendo en el an\u00e1lisis tanto del discurso educativo y de la reforma educativa surgidos en el seno gubernamental como de la realidad condicionada por la pobreza a la que nos hemos referido. Ofrece, para concluir, unos \u201cbuenos deseos\u201d, o posibles retos pendientes que a\u00fan podr\u00edan saldarse para tratar de acercar ambos discursos.<\/p>\n","protected":false},"featured_media":21879,"comment_status":"open","ping_status":"closed","template":"","meta":{"_et_pb_use_builder":"","_et_pb_old_content":"","_et_gb_content_width":""},"product_cat":[2606,1512,6675,6673],"product_tag":[2604],"edicion":[1084,1083],"editoriales":[1160],"tienda":[],"autor_id":[5927],"universidades_coeditoras":[],"palabras_clave":[],"listado_alfabetico":[],"acf":[],"_links":{"self":[{"href":"https:\/\/wizardly-davinci.82-223-8-23.plesk.page\/en\/wp-json\/wp\/v2\/product\/17332"}],"collection":[{"href":"https:\/\/wizardly-davinci.82-223-8-23.plesk.page\/en\/wp-json\/wp\/v2\/product"}],"about":[{"href":"https:\/\/wizardly-davinci.82-223-8-23.plesk.page\/en\/wp-json\/wp\/v2\/types\/product"}],"replies":[{"embeddable":true,"href":"https:\/\/wizardly-davinci.82-223-8-23.plesk.page\/en\/wp-json\/wp\/v2\/comments?post=17332"}],"wp:featuredmedia":[{"embeddable":true,"href":"https:\/\/wizardly-davinci.82-223-8-23.plesk.page\/en\/wp-json\/wp\/v2\/media\/21879"}],"wp:attachment":[{"href":"https:\/\/wizardly-davinci.82-223-8-23.plesk.page\/en\/wp-json\/wp\/v2\/media?parent=17332"}],"wp:term":[{"taxonomy":"product_cat","embeddable":true,"href":"https:\/\/wizardly-davinci.82-223-8-23.plesk.page\/en\/wp-json\/wp\/v2\/product_cat?post=17332"},{"taxonomy":"product_tag","embeddable":true,"href":"https:\/\/wizardly-davinci.82-223-8-23.plesk.page\/en\/wp-json\/wp\/v2\/product_tag?post=17332"},{"taxonomy":"edicion","embeddable":true,"href":"https:\/\/wizardly-davinci.82-223-8-23.plesk.page\/en\/wp-json\/wp\/v2\/edicion?post=17332"},{"taxonomy":"editoriales","embeddable":true,"href":"https:\/\/wizardly-davinci.82-223-8-23.plesk.page\/en\/wp-json\/wp\/v2\/editoriales?post=17332"},{"taxonomy":"tienda","embeddable":true,"href":"https:\/\/wizardly-davinci.82-223-8-23.plesk.page\/en\/wp-json\/wp\/v2\/tienda?post=17332"},{"taxonomy":"autor_id","embeddable":true,"href":"https:\/\/wizardly-davinci.82-223-8-23.plesk.page\/en\/wp-json\/wp\/v2\/autor_id?post=17332"},{"taxonomy":"universidades_coeditoras","embeddable":true,"href":"https:\/\/wizardly-davinci.82-223-8-23.plesk.page\/en\/wp-json\/wp\/v2\/universidades_coeditoras?post=17332"},{"taxonomy":"palabras_clave","embeddable":true,"href":"https:\/\/wizardly-davinci.82-223-8-23.plesk.page\/en\/wp-json\/wp\/v2\/palabras_clave?post=17332"},{"taxonomy":"listado_alfabetico","embeddable":true,"href":"https:\/\/wizardly-davinci.82-223-8-23.plesk.page\/en\/wp-json\/wp\/v2\/listado_alfabetico?post=17332"}],"curies":[{"name":"wp","href":"https:\/\/api.w.org\/{rel}","templated":true}]}}