{"id":17334,"date":"2019-04-09T22:26:10","date_gmt":"2019-04-09T22:26:10","guid":{"rendered":"https:\/\/octaedro.com\/producto\/las-relaciones-educativas\/"},"modified":"2023-04-20T11:57:14","modified_gmt":"2023-04-20T09:57:14","slug":"las-relaciones-educativas","status":"publish","type":"product","link":"https:\/\/wizardly-davinci.82-223-8-23.plesk.page\/en\/producto\/las-relaciones-educativas\/","title":{"rendered":"Las relaciones educativas"},"content":{"rendered":"<p>Este libro desarrolla una teor\u00eda educativa centrada en la noci\u00f3n de relaci\u00f3n. Alexander M. Sidorkin concibe la actividad de estudiar como la producci\u00f3n de cosas in\u00fatiles y defiende que los problemas de motivaci\u00f3n son m\u00e1s institucionales que individuales o culturales. Considera, adem\u00e1s, que las escuelas masificadas contempor\u00e1neas son dif\u00edciles de gestionar, y que la soluci\u00f3n a la crisis de autoridad resultante no se encuentra en la restauraci\u00f3n de la misma, sino en una pedagog\u00eda de las relaciones. La clave para motivar al estudio est\u00e1 en lo que Sidorkin describe como \u201ceconom\u00eda relacional\u201d, un mecanismo por el cual las relaciones personales entre estudiantes y profesores se integran en la din\u00e1mica curricular. Para mantenerse como instituciones sociales viables, las escuelas deben convertirse en organizaciones h\u00edbridas que combinen rasgos de un centro escolar y al mismo tiempo de un centro social de barrio, dando as\u00ed a los profesores la oportunidad de establecer relaciones s\u00f3lidas entre ellos y los estudiantes y de promover las relaciones de los estudiantes entre s\u00ed.<\/p>\n","protected":false},"excerpt":{"rendered":"<p>Este libro desarrolla una teor\u00eda educativa centrada en la noci\u00f3n de relaci\u00f3n. Alexander M. Sidorkin concibe la actividad de estudiar como la producci\u00f3n de cosas in\u00fatiles y defiende que los problemas de motivaci\u00f3n son m\u00e1s institucionales que individuales o culturales. Considera, adem\u00e1s, que las escuelas masificadas contempor\u00e1neas son dif\u00edciles de gestionar, y que la soluci\u00f3n a la crisis de autoridad resultante no se encuentra en la restauraci\u00f3n de la misma, sino en una pedagog\u00eda de las relaciones. La clave para motivar al estudio est\u00e1 en lo que Sidorkin describe como \u201ceconom\u00eda relacional\u201d, un mecanismo por el cual las relaciones personales entre estudiantes y profesores se integran en la din\u00e1mica curricular. Para mantenerse como instituciones sociales viables, las escuelas deben convertirse en organizaciones h\u00edbridas que combinen rasgos de un centro escolar y al mismo tiempo de un centro social de barrio, dando as\u00ed a los profesores la oportunidad de establecer relaciones s\u00f3lidas entre ellos y los estudiantes y de promover las relaciones de los estudiantes entre s\u00ed.<\/p>\n","protected":false},"featured_media":21892,"comment_status":"open","ping_status":"closed","template":"","meta":{"_et_pb_use_builder":"","_et_pb_old_content":"","_et_gb_content_width":""},"product_cat":[1512],"product_tag":[2602],"edicion":[1083],"editoriales":[1160],"tienda":[],"autor_id":[6415],"universidades_coeditoras":[],"palabras_clave":[],"listado_alfabetico":[],"acf":[],"_links":{"self":[{"href":"https:\/\/wizardly-davinci.82-223-8-23.plesk.page\/en\/wp-json\/wp\/v2\/product\/17334"}],"collection":[{"href":"https:\/\/wizardly-davinci.82-223-8-23.plesk.page\/en\/wp-json\/wp\/v2\/product"}],"about":[{"href":"https:\/\/wizardly-davinci.82-223-8-23.plesk.page\/en\/wp-json\/wp\/v2\/types\/product"}],"replies":[{"embeddable":true,"href":"https:\/\/wizardly-davinci.82-223-8-23.plesk.page\/en\/wp-json\/wp\/v2\/comments?post=17334"}],"wp:featuredmedia":[{"embeddable":true,"href":"https:\/\/wizardly-davinci.82-223-8-23.plesk.page\/en\/wp-json\/wp\/v2\/media\/21892"}],"wp:attachment":[{"href":"https:\/\/wizardly-davinci.82-223-8-23.plesk.page\/en\/wp-json\/wp\/v2\/media?parent=17334"}],"wp:term":[{"taxonomy":"product_cat","embeddable":true,"href":"https:\/\/wizardly-davinci.82-223-8-23.plesk.page\/en\/wp-json\/wp\/v2\/product_cat?post=17334"},{"taxonomy":"product_tag","embeddable":true,"href":"https:\/\/wizardly-davinci.82-223-8-23.plesk.page\/en\/wp-json\/wp\/v2\/product_tag?post=17334"},{"taxonomy":"edicion","embeddable":true,"href":"https:\/\/wizardly-davinci.82-223-8-23.plesk.page\/en\/wp-json\/wp\/v2\/edicion?post=17334"},{"taxonomy":"editoriales","embeddable":true,"href":"https:\/\/wizardly-davinci.82-223-8-23.plesk.page\/en\/wp-json\/wp\/v2\/editoriales?post=17334"},{"taxonomy":"tienda","embeddable":true,"href":"https:\/\/wizardly-davinci.82-223-8-23.plesk.page\/en\/wp-json\/wp\/v2\/tienda?post=17334"},{"taxonomy":"autor_id","embeddable":true,"href":"https:\/\/wizardly-davinci.82-223-8-23.plesk.page\/en\/wp-json\/wp\/v2\/autor_id?post=17334"},{"taxonomy":"universidades_coeditoras","embeddable":true,"href":"https:\/\/wizardly-davinci.82-223-8-23.plesk.page\/en\/wp-json\/wp\/v2\/universidades_coeditoras?post=17334"},{"taxonomy":"palabras_clave","embeddable":true,"href":"https:\/\/wizardly-davinci.82-223-8-23.plesk.page\/en\/wp-json\/wp\/v2\/palabras_clave?post=17334"},{"taxonomy":"listado_alfabetico","embeddable":true,"href":"https:\/\/wizardly-davinci.82-223-8-23.plesk.page\/en\/wp-json\/wp\/v2\/listado_alfabetico?post=17334"}],"curies":[{"name":"wp","href":"https:\/\/api.w.org\/{rel}","templated":true}]}}