{"id":17335,"date":"2019-04-09T22:26:12","date_gmt":"2019-04-09T22:26:12","guid":{"rendered":"https:\/\/octaedro.com\/producto\/el-profesorado-principiante\/"},"modified":"2023-04-20T11:57:21","modified_gmt":"2023-04-20T09:57:21","slug":"el-profesorado-principiante","status":"publish","type":"product","link":"https:\/\/wizardly-davinci.82-223-8-23.plesk.page\/en\/producto\/el-profesorado-principiante\/","title":{"rendered":"El profesorado principiante"},"content":{"rendered":"<p>Este libro pretende mostrar la importancia de empezar con buen pie en el oficio de ense\u00f1ar. Educar es una tarea primordial a la que cada d\u00eda se enfrentan profesores principiantes con la sensaci\u00f3n de no disponer de todos los medios ni de la formaci\u00f3n que necesitar\u00edan. Los primeros a\u00f1os de ejercicio profesional abarcan el periodo de tiempo en el que los profesores han de realizar la transici\u00f3n de estudiantes a profesores. Es un periodo de tensiones y aprendizajes intensivos en contextos generalmente desconocidos durante el cual los profesores principiantes deben adquirir conocimiento profesional adem\u00e1s de conseguir mantener un cierto equilibrio personal.<\/p>\n<p>Este libro aporta ejemplos de c\u00f3mo ocurre este proceso en pa\u00edses tan diversos como Portugal, Israel, Chile, Argentina, Estados Unidos o Espa\u00f1a. Contiene, adem\u00e1s, orientaciones basadas en estudios emp\u00edricos respecto a c\u00f3mo podemos organizar la formaci\u00f3n de profesores principiantes.<\/p>\n","protected":false},"excerpt":{"rendered":"<p>Este libro pretende mostrar la importancia de empezar con buen pie en el oficio de ense\u00f1ar. Educar es una tarea primordial a la que cada d\u00eda se enfrentan profesores principiantes con la sensaci\u00f3n de no disponer de todos los medios ni de la formaci\u00f3n que necesitar\u00edan. Los primeros a\u00f1os de ejercicio profesional abarcan el periodo de tiempo en el que los profesores han de realizar la transici\u00f3n de estudiantes a profesores. Es un periodo de tensiones y aprendizajes intensivos en contextos generalmente desconocidos durante el cual los profesores principiantes deben adquirir conocimiento profesional adem\u00e1s de conseguir mantener un cierto equilibrio personal.<\/p>\n<p>Este libro aporta ejemplos de c\u00f3mo ocurre este proceso en pa\u00edses tan diversos como Portugal, Israel, Chile, Argentina, Estados Unidos o Espa\u00f1a. Contiene, adem\u00e1s, orientaciones basadas en estudios emp\u00edricos respecto a c\u00f3mo podemos organizar la formaci\u00f3n de profesores principiantes.<\/p>\n","protected":false},"featured_media":21882,"comment_status":"open","ping_status":"closed","template":"","meta":{"_et_pb_use_builder":"","_et_pb_old_content":"","_et_gb_content_width":""},"product_cat":[1512,6675],"product_tag":[2602],"edicion":[1083],"editoriales":[1160],"tienda":[],"autor_id":[5888],"universidades_coeditoras":[],"palabras_clave":[],"listado_alfabetico":[],"acf":[],"_links":{"self":[{"href":"https:\/\/wizardly-davinci.82-223-8-23.plesk.page\/en\/wp-json\/wp\/v2\/product\/17335"}],"collection":[{"href":"https:\/\/wizardly-davinci.82-223-8-23.plesk.page\/en\/wp-json\/wp\/v2\/product"}],"about":[{"href":"https:\/\/wizardly-davinci.82-223-8-23.plesk.page\/en\/wp-json\/wp\/v2\/types\/product"}],"replies":[{"embeddable":true,"href":"https:\/\/wizardly-davinci.82-223-8-23.plesk.page\/en\/wp-json\/wp\/v2\/comments?post=17335"}],"wp:featuredmedia":[{"embeddable":true,"href":"https:\/\/wizardly-davinci.82-223-8-23.plesk.page\/en\/wp-json\/wp\/v2\/media\/21882"}],"wp:attachment":[{"href":"https:\/\/wizardly-davinci.82-223-8-23.plesk.page\/en\/wp-json\/wp\/v2\/media?parent=17335"}],"wp:term":[{"taxonomy":"product_cat","embeddable":true,"href":"https:\/\/wizardly-davinci.82-223-8-23.plesk.page\/en\/wp-json\/wp\/v2\/product_cat?post=17335"},{"taxonomy":"product_tag","embeddable":true,"href":"https:\/\/wizardly-davinci.82-223-8-23.plesk.page\/en\/wp-json\/wp\/v2\/product_tag?post=17335"},{"taxonomy":"edicion","embeddable":true,"href":"https:\/\/wizardly-davinci.82-223-8-23.plesk.page\/en\/wp-json\/wp\/v2\/edicion?post=17335"},{"taxonomy":"editoriales","embeddable":true,"href":"https:\/\/wizardly-davinci.82-223-8-23.plesk.page\/en\/wp-json\/wp\/v2\/editoriales?post=17335"},{"taxonomy":"tienda","embeddable":true,"href":"https:\/\/wizardly-davinci.82-223-8-23.plesk.page\/en\/wp-json\/wp\/v2\/tienda?post=17335"},{"taxonomy":"autor_id","embeddable":true,"href":"https:\/\/wizardly-davinci.82-223-8-23.plesk.page\/en\/wp-json\/wp\/v2\/autor_id?post=17335"},{"taxonomy":"universidades_coeditoras","embeddable":true,"href":"https:\/\/wizardly-davinci.82-223-8-23.plesk.page\/en\/wp-json\/wp\/v2\/universidades_coeditoras?post=17335"},{"taxonomy":"palabras_clave","embeddable":true,"href":"https:\/\/wizardly-davinci.82-223-8-23.plesk.page\/en\/wp-json\/wp\/v2\/palabras_clave?post=17335"},{"taxonomy":"listado_alfabetico","embeddable":true,"href":"https:\/\/wizardly-davinci.82-223-8-23.plesk.page\/en\/wp-json\/wp\/v2\/listado_alfabetico?post=17335"}],"curies":[{"name":"wp","href":"https:\/\/api.w.org\/{rel}","templated":true}]}}