{"id":17338,"date":"2019-04-09T22:26:18","date_gmt":"2019-04-09T22:26:18","guid":{"rendered":"https:\/\/octaedro.com\/producto\/etica-y-competencia\/"},"modified":"2023-04-20T11:57:42","modified_gmt":"2023-04-20T09:57:42","slug":"etica-y-competencia","status":"publish","type":"product","link":"https:\/\/wizardly-davinci.82-223-8-23.plesk.page\/en\/producto\/etica-y-competencia\/","title":{"rendered":"\u00c9tica y competencia"},"content":{"rendered":"<p>\u00bfPor qu\u00e9 hablar de una dimensi\u00f3n \u00e9tica en la competencia profesional? En un mundo caracterizado por los avances tecnol\u00f3gicos y por la globalizaci\u00f3n, \u00bfqu\u00e9 tipo de contribuci\u00f3n aporta la filosof\u00eda en su perspectiva \u00e9tica y pol\u00edtica para mostrar horizontes de esperanza en el camino de quienes desean una sociedad justa y democr\u00e1tica? \u00bfC\u00f3mo se entrecruzan el saber, el deber, el poder y el querer en la pr\u00e1ctica de los profesionales?<br \/>\nSobre estas y otras cuestiones reflexiona <span class=\"destacat\">Terezinha Azer\u00eado Rios<\/span> en este libro. Esta edici\u00f3n incorpora un cap\u00edtulo in\u00e9dito sobre \u00e9tica y competencia en el contexto de las organizaciones, con el prop\u00f3sito de ampliar la discusi\u00f3n existente en el campo de la educaci\u00f3n.<\/p>\n","protected":false},"excerpt":{"rendered":"<p>\u00bfPor qu\u00e9 hablar de una dimensi\u00f3n \u00e9tica en la competencia profesional? En un mundo caracterizado por los avances tecnol\u00f3gicos y por la globalizaci\u00f3n, \u00bfqu\u00e9 tipo de contribuci\u00f3n aporta la filosof\u00eda en su perspectiva \u00e9tica y pol\u00edtica para mostrar horizontes de esperanza en el camino de quienes desean una sociedad justa y democr\u00e1tica? \u00bfC\u00f3mo se entrecruzan el saber, el deber, el poder y el querer en la pr\u00e1ctica de los profesionales?<br \/>\nSobre estas y otras cuestiones reflexiona <span class=\"destacat\">Terezinha Azer\u00eado Rios<\/span> en este libro. Esta edici\u00f3n incorpora un cap\u00edtulo in\u00e9dito sobre \u00e9tica y competencia en el contexto de las organizaciones, con el prop\u00f3sito de ampliar la discusi\u00f3n existente en el campo de la educaci\u00f3n.<\/p>\n","protected":false},"featured_media":21888,"comment_status":"open","ping_status":"closed","template":"","meta":{"_et_pb_use_builder":"","_et_pb_old_content":"","_et_gb_content_width":""},"product_cat":[1512],"product_tag":[2602],"edicion":[1083],"editoriales":[1160],"tienda":[],"autor_id":[5091],"universidades_coeditoras":[],"palabras_clave":[],"listado_alfabetico":[],"acf":[],"_links":{"self":[{"href":"https:\/\/wizardly-davinci.82-223-8-23.plesk.page\/en\/wp-json\/wp\/v2\/product\/17338"}],"collection":[{"href":"https:\/\/wizardly-davinci.82-223-8-23.plesk.page\/en\/wp-json\/wp\/v2\/product"}],"about":[{"href":"https:\/\/wizardly-davinci.82-223-8-23.plesk.page\/en\/wp-json\/wp\/v2\/types\/product"}],"replies":[{"embeddable":true,"href":"https:\/\/wizardly-davinci.82-223-8-23.plesk.page\/en\/wp-json\/wp\/v2\/comments?post=17338"}],"wp:featuredmedia":[{"embeddable":true,"href":"https:\/\/wizardly-davinci.82-223-8-23.plesk.page\/en\/wp-json\/wp\/v2\/media\/21888"}],"wp:attachment":[{"href":"https:\/\/wizardly-davinci.82-223-8-23.plesk.page\/en\/wp-json\/wp\/v2\/media?parent=17338"}],"wp:term":[{"taxonomy":"product_cat","embeddable":true,"href":"https:\/\/wizardly-davinci.82-223-8-23.plesk.page\/en\/wp-json\/wp\/v2\/product_cat?post=17338"},{"taxonomy":"product_tag","embeddable":true,"href":"https:\/\/wizardly-davinci.82-223-8-23.plesk.page\/en\/wp-json\/wp\/v2\/product_tag?post=17338"},{"taxonomy":"edicion","embeddable":true,"href":"https:\/\/wizardly-davinci.82-223-8-23.plesk.page\/en\/wp-json\/wp\/v2\/edicion?post=17338"},{"taxonomy":"editoriales","embeddable":true,"href":"https:\/\/wizardly-davinci.82-223-8-23.plesk.page\/en\/wp-json\/wp\/v2\/editoriales?post=17338"},{"taxonomy":"tienda","embeddable":true,"href":"https:\/\/wizardly-davinci.82-223-8-23.plesk.page\/en\/wp-json\/wp\/v2\/tienda?post=17338"},{"taxonomy":"autor_id","embeddable":true,"href":"https:\/\/wizardly-davinci.82-223-8-23.plesk.page\/en\/wp-json\/wp\/v2\/autor_id?post=17338"},{"taxonomy":"universidades_coeditoras","embeddable":true,"href":"https:\/\/wizardly-davinci.82-223-8-23.plesk.page\/en\/wp-json\/wp\/v2\/universidades_coeditoras?post=17338"},{"taxonomy":"palabras_clave","embeddable":true,"href":"https:\/\/wizardly-davinci.82-223-8-23.plesk.page\/en\/wp-json\/wp\/v2\/palabras_clave?post=17338"},{"taxonomy":"listado_alfabetico","embeddable":true,"href":"https:\/\/wizardly-davinci.82-223-8-23.plesk.page\/en\/wp-json\/wp\/v2\/listado_alfabetico?post=17338"}],"curies":[{"name":"wp","href":"https:\/\/api.w.org\/{rel}","templated":true}]}}