{"id":17339,"date":"2019-04-09T22:26:20","date_gmt":"2019-04-09T22:26:20","guid":{"rendered":"https:\/\/octaedro.com\/producto\/calidad-de-la-ensenanza-y-formacion-del-profesorado\/"},"modified":"2023-04-20T11:57:49","modified_gmt":"2023-04-20T09:57:49","slug":"calidad-de-la-ensenanza-y-formacion-del-profesorado","status":"publish","type":"product","link":"https:\/\/wizardly-davinci.82-223-8-23.plesk.page\/en\/producto\/calidad-de-la-ensenanza-y-formacion-del-profesorado\/","title":{"rendered":"Calidad de la ense\u00f1anza y formaci\u00f3n del profesorado"},"content":{"rendered":"<p>Este libro pretende ayudar a reflexionar sobre temas relacionados con la educaci\u00f3n. Est\u00e1 dividido en dos partes. En la primera se analiza la figura del maestro, de la escuela y la calidad de la ense\u00f1anza en la misma. La segunda trata sobre el profesorado y su formaci\u00f3n como elemento esencial en la educaci\u00f3n en todos sus \u00e1mbitos, para ir descendiendo hasta aspectos nuevos, como la creaci\u00f3n de redes de formaci\u00f3n. Se intercalan ideas, recuadros, voces de Internet, citas, pel\u00edculas, libros, rostros, etc., con el fin de reflexionar sobre el cambio en la educaci\u00f3n. Y el lector puede ir a\u00f1adiendo aspectos que le ayuden a matizar y ampliar lo que el libro desarrolla.<br \/>\nPorque ya no sirven conceptos antiguos para problemas nuevos. Hemos de buscar soluciones a problemas y retos actuales de la educaci\u00f3n; hemos de ampliar nuestros conocimientos sobre educaci\u00f3n. Por eso, ofrecemos aqu\u00ed pistas para ir encontrando instrumentos con los que poder cambiar la educaci\u00f3n, o al menos, que nos permitan reflexionar sobre el modo en que<br \/>\nla educaci\u00f3n nos puede llevar a mejorar la humanidad.<\/p>\n","protected":false},"excerpt":{"rendered":"<p>Este libro pretende ayudar a reflexionar sobre temas relacionados con la educaci\u00f3n. Est\u00e1 dividido en dos partes. En la primera se analiza la figura del maestro, de la escuela y la calidad de la ense\u00f1anza en la misma. La segunda trata sobre el profesorado y su formaci\u00f3n como elemento esencial en la educaci\u00f3n en todos sus \u00e1mbitos, para ir descendiendo hasta aspectos nuevos, como la creaci\u00f3n de redes de formaci\u00f3n. Se intercalan ideas, recuadros, voces de Internet, citas, pel\u00edculas, libros, rostros, etc., con el fin de reflexionar sobre el cambio en la educaci\u00f3n. Y el lector puede ir a\u00f1adiendo aspectos que le ayuden a matizar y ampliar lo que el libro desarrolla.<br \/>\nPorque ya no sirven conceptos antiguos para problemas nuevos. Hemos de buscar soluciones a problemas y retos actuales de la educaci\u00f3n; hemos de ampliar nuestros conocimientos sobre educaci\u00f3n. Por eso, ofrecemos aqu\u00ed pistas para ir encontrando instrumentos con los que poder cambiar la educaci\u00f3n, o al menos, que nos permitan reflexionar sobre el modo en que<br \/>\nla educaci\u00f3n nos puede llevar a mejorar la humanidad.<\/p>\n","protected":false},"featured_media":21890,"comment_status":"open","ping_status":"closed","template":"","meta":{"_et_pb_use_builder":"","_et_pb_old_content":"","_et_gb_content_width":""},"product_cat":[1512,6936,6940],"product_tag":[2602],"edicion":[1083],"editoriales":[1160,8810],"tienda":[],"autor_id":[5719],"universidades_coeditoras":[7232],"palabras_clave":[],"listado_alfabetico":[],"acf":[],"_links":{"self":[{"href":"https:\/\/wizardly-davinci.82-223-8-23.plesk.page\/en\/wp-json\/wp\/v2\/product\/17339"}],"collection":[{"href":"https:\/\/wizardly-davinci.82-223-8-23.plesk.page\/en\/wp-json\/wp\/v2\/product"}],"about":[{"href":"https:\/\/wizardly-davinci.82-223-8-23.plesk.page\/en\/wp-json\/wp\/v2\/types\/product"}],"replies":[{"embeddable":true,"href":"https:\/\/wizardly-davinci.82-223-8-23.plesk.page\/en\/wp-json\/wp\/v2\/comments?post=17339"}],"wp:featuredmedia":[{"embeddable":true,"href":"https:\/\/wizardly-davinci.82-223-8-23.plesk.page\/en\/wp-json\/wp\/v2\/media\/21890"}],"wp:attachment":[{"href":"https:\/\/wizardly-davinci.82-223-8-23.plesk.page\/en\/wp-json\/wp\/v2\/media?parent=17339"}],"wp:term":[{"taxonomy":"product_cat","embeddable":true,"href":"https:\/\/wizardly-davinci.82-223-8-23.plesk.page\/en\/wp-json\/wp\/v2\/product_cat?post=17339"},{"taxonomy":"product_tag","embeddable":true,"href":"https:\/\/wizardly-davinci.82-223-8-23.plesk.page\/en\/wp-json\/wp\/v2\/product_tag?post=17339"},{"taxonomy":"edicion","embeddable":true,"href":"https:\/\/wizardly-davinci.82-223-8-23.plesk.page\/en\/wp-json\/wp\/v2\/edicion?post=17339"},{"taxonomy":"editoriales","embeddable":true,"href":"https:\/\/wizardly-davinci.82-223-8-23.plesk.page\/en\/wp-json\/wp\/v2\/editoriales?post=17339"},{"taxonomy":"tienda","embeddable":true,"href":"https:\/\/wizardly-davinci.82-223-8-23.plesk.page\/en\/wp-json\/wp\/v2\/tienda?post=17339"},{"taxonomy":"autor_id","embeddable":true,"href":"https:\/\/wizardly-davinci.82-223-8-23.plesk.page\/en\/wp-json\/wp\/v2\/autor_id?post=17339"},{"taxonomy":"universidades_coeditoras","embeddable":true,"href":"https:\/\/wizardly-davinci.82-223-8-23.plesk.page\/en\/wp-json\/wp\/v2\/universidades_coeditoras?post=17339"},{"taxonomy":"palabras_clave","embeddable":true,"href":"https:\/\/wizardly-davinci.82-223-8-23.plesk.page\/en\/wp-json\/wp\/v2\/palabras_clave?post=17339"},{"taxonomy":"listado_alfabetico","embeddable":true,"href":"https:\/\/wizardly-davinci.82-223-8-23.plesk.page\/en\/wp-json\/wp\/v2\/listado_alfabetico?post=17339"}],"curies":[{"name":"wp","href":"https:\/\/api.w.org\/{rel}","templated":true}]}}