{"id":17342,"date":"2019-04-09T22:26:26","date_gmt":"2019-04-09T22:26:26","guid":{"rendered":"https:\/\/octaedro.com\/producto\/autonomia-de-la-escuela\/"},"modified":"2023-04-20T11:58:09","modified_gmt":"2023-04-20T09:58:09","slug":"autonomia-de-la-escuela","status":"publish","type":"product","link":"https:\/\/wizardly-davinci.82-223-8-23.plesk.page\/en\/producto\/autonomia-de-la-escuela\/","title":{"rendered":"Autonom\u00eda de la escuela"},"content":{"rendered":"<p>La escuela ciudadana es aquella que se erige como un centro de derechos y deberes. Lo que la caracteriza es la formaci\u00f3n para la ciudadan\u00eda.<br \/>\nLa escuela ciudadana, pues, es la escuela que desarrolla la ciudadan\u00eda de los que en ella est\u00e1n y de los que a ella acuden. No puede ser una escuela ciudadana en s\u00ed y para s\u00ed. Es ciudadana en la misma medida en que construye la ciudadan\u00eda de quien usa su espacio.<br \/>\nLa escuela ciudadana es una escuela coherente con la libertad. Es coherente con su discurso formador, libertador. Es ciudadana toda escuela que, procurando ser ella misma, lucha para que los educandos-educadores tambi\u00e9n sean ellos mismos. Y como nadie puede existir solo, la escuela ciudadana es una escuela de comunidad, de compa\u00f1erismo. Es una escuela de producci\u00f3n com\u00fan del saber y de la libertad. Es una escuela que nunca puede ser licenciosa ni autoritaria. Es una escuela que vive la experiencia tensa de la democracia.<br \/>\nPaulo Freire (Archivos de Paulo Freire, 19 de marzo de 1997)<\/p>\n","protected":false},"excerpt":{"rendered":"<p>La escuela ciudadana es aquella que se erige como un centro de derechos y deberes. Lo que la caracteriza es la formaci\u00f3n para la ciudadan\u00eda.<br \/>\nLa escuela ciudadana, pues, es la escuela que desarrolla la ciudadan\u00eda de los que en ella est\u00e1n y de los que a ella acuden. No puede ser una escuela ciudadana en s\u00ed y para s\u00ed. Es ciudadana en la misma medida en que construye la ciudadan\u00eda de quien usa su espacio.<br \/>\nLa escuela ciudadana es una escuela coherente con la libertad. Es coherente con su discurso formador, libertador. Es ciudadana toda escuela que, procurando ser ella misma, lucha para que los educandos-educadores tambi\u00e9n sean ellos mismos. Y como nadie puede existir solo, la escuela ciudadana es una escuela de comunidad, de compa\u00f1erismo. Es una escuela de producci\u00f3n com\u00fan del saber y de la libertad. Es una escuela que nunca puede ser licenciosa ni autoritaria. Es una escuela que vive la experiencia tensa de la democracia.<br \/>\nPaulo Freire (Archivos de Paulo Freire, 19 de marzo de 1997)<\/p>\n","protected":false},"featured_media":20845,"comment_status":"open","ping_status":"closed","template":"","meta":{"_et_pb_use_builder":"","_et_pb_old_content":"","_et_gb_content_width":""},"product_cat":[2606,1512,6675,6673],"product_tag":[2602],"edicion":[1084,1083],"editoriales":[1160],"tienda":[],"autor_id":[5529,5446],"universidades_coeditoras":[],"palabras_clave":[],"listado_alfabetico":[],"acf":[],"_links":{"self":[{"href":"https:\/\/wizardly-davinci.82-223-8-23.plesk.page\/en\/wp-json\/wp\/v2\/product\/17342"}],"collection":[{"href":"https:\/\/wizardly-davinci.82-223-8-23.plesk.page\/en\/wp-json\/wp\/v2\/product"}],"about":[{"href":"https:\/\/wizardly-davinci.82-223-8-23.plesk.page\/en\/wp-json\/wp\/v2\/types\/product"}],"replies":[{"embeddable":true,"href":"https:\/\/wizardly-davinci.82-223-8-23.plesk.page\/en\/wp-json\/wp\/v2\/comments?post=17342"}],"wp:featuredmedia":[{"embeddable":true,"href":"https:\/\/wizardly-davinci.82-223-8-23.plesk.page\/en\/wp-json\/wp\/v2\/media\/20845"}],"wp:attachment":[{"href":"https:\/\/wizardly-davinci.82-223-8-23.plesk.page\/en\/wp-json\/wp\/v2\/media?parent=17342"}],"wp:term":[{"taxonomy":"product_cat","embeddable":true,"href":"https:\/\/wizardly-davinci.82-223-8-23.plesk.page\/en\/wp-json\/wp\/v2\/product_cat?post=17342"},{"taxonomy":"product_tag","embeddable":true,"href":"https:\/\/wizardly-davinci.82-223-8-23.plesk.page\/en\/wp-json\/wp\/v2\/product_tag?post=17342"},{"taxonomy":"edicion","embeddable":true,"href":"https:\/\/wizardly-davinci.82-223-8-23.plesk.page\/en\/wp-json\/wp\/v2\/edicion?post=17342"},{"taxonomy":"editoriales","embeddable":true,"href":"https:\/\/wizardly-davinci.82-223-8-23.plesk.page\/en\/wp-json\/wp\/v2\/editoriales?post=17342"},{"taxonomy":"tienda","embeddable":true,"href":"https:\/\/wizardly-davinci.82-223-8-23.plesk.page\/en\/wp-json\/wp\/v2\/tienda?post=17342"},{"taxonomy":"autor_id","embeddable":true,"href":"https:\/\/wizardly-davinci.82-223-8-23.plesk.page\/en\/wp-json\/wp\/v2\/autor_id?post=17342"},{"taxonomy":"universidades_coeditoras","embeddable":true,"href":"https:\/\/wizardly-davinci.82-223-8-23.plesk.page\/en\/wp-json\/wp\/v2\/universidades_coeditoras?post=17342"},{"taxonomy":"palabras_clave","embeddable":true,"href":"https:\/\/wizardly-davinci.82-223-8-23.plesk.page\/en\/wp-json\/wp\/v2\/palabras_clave?post=17342"},{"taxonomy":"listado_alfabetico","embeddable":true,"href":"https:\/\/wizardly-davinci.82-223-8-23.plesk.page\/en\/wp-json\/wp\/v2\/listado_alfabetico?post=17342"}],"curies":[{"name":"wp","href":"https:\/\/api.w.org\/{rel}","templated":true}]}}