{"id":17344,"date":"2019-10-01T22:44:38","date_gmt":"2019-10-01T22:44:38","guid":{"rendered":"https:\/\/octaedro.com\/producto\/pedagogias-del-siglo-xxi\/"},"modified":"2023-04-20T11:58:17","modified_gmt":"2023-04-20T09:58:17","slug":"pedagogias-del-siglo-xxi","status":"publish","type":"product","link":"https:\/\/wizardly-davinci.82-223-8-23.plesk.page\/en\/producto\/pedagogias-del-siglo-xxi\/","title":{"rendered":"Pedagog\u00edas del S. XXI"},"content":{"rendered":"<p>\u00bfCu\u00e1les son las pedagog\u00edas alternativas que est\u00e1n marcando el rumbo de la innovaci\u00f3n educativa? \u00bfCu\u00e1les son sus referentes, se\u00f1as de identidad y experiencias m\u00e1s emblem\u00e1ticas? \u00bfQu\u00e9 aportan y qu\u00e9 cr\u00edticas suscitan? En cada cap\u00edtulo de este libro se trata de dar respuesta a estos interrogantes.<br \/>\nSe habla de las pedagog\u00edas no institucionales: de lo que se aprende en la escuela y fuera de ella; de la escuela inclusiva y del trabajo cooperativo; de las pedagog\u00edas cr\u00edticas; de la perspectiva sist\u00e9mica; del conocimiento integrado y de los proyectos de trabajo; de las pedagog\u00edas no directivas y las escuelas libres; de la educaci\u00f3n lenta, serena y sostenible, y de las aportaciones de las diversas inteligencias. Pedagog\u00edas todas ellas que contribuyen a desarrollar un aprendizaje m\u00e1s s\u00f3lido, cr\u00edtico y creativo; a la mejor comprensi\u00f3n del mundo, y a la felicidad y el bienestar personal y colectivo.<br \/>\nEste libro se dirige a estudiantes de las Facultades de Educaci\u00f3n que quieran conocer las claves actuales de la educaci\u00f3n, al profesorado en activo que quiera pensar sobre las ideas y los fundamentos te\u00f3ricos de su pr\u00e1ctica cotidiana en el aula, y a otros profesionales o personas interesadas por las distintas propuestas y escenarios educativos del presente y del futuro.<\/p>\n","protected":false},"excerpt":{"rendered":"<p>\u00bfCu\u00e1les son las pedagog\u00edas alternativas que est\u00e1n marcando el rumbo de la innovaci\u00f3n educativa? \u00bfCu\u00e1les son sus referentes, se\u00f1as de identidad y experiencias m\u00e1s emblem\u00e1ticas? \u00bfQu\u00e9 aportan y qu\u00e9 cr\u00edticas suscitan? En cada cap\u00edtulo de este libro se trata de dar respuesta a estos interrogantes.<br \/>\nSe habla de las pedagog\u00edas no institucionales: de lo que se aprende en la escuela y fuera de ella; de la escuela inclusiva y del trabajo cooperativo; de las pedagog\u00edas cr\u00edticas; de la perspectiva sist\u00e9mica; del conocimiento integrado y de los proyectos de trabajo; de las pedagog\u00edas no directivas y las escuelas libres; de la educaci\u00f3n lenta, serena y sostenible, y de las aportaciones de las diversas inteligencias. Pedagog\u00edas todas ellas que contribuyen a desarrollar un aprendizaje m\u00e1s s\u00f3lido, cr\u00edtico y creativo; a la mejor comprensi\u00f3n del mundo, y a la felicidad y el bienestar personal y colectivo.<br \/>\nEste libro se dirige a estudiantes de las Facultades de Educaci\u00f3n que quieran conocer las claves actuales de la educaci\u00f3n, al profesorado en activo que quiera pensar sobre las ideas y los fundamentos te\u00f3ricos de su pr\u00e1ctica cotidiana en el aula, y a otros profesionales o personas interesadas por las distintas propuestas y escenarios educativos del presente y del futuro.<\/p>\n","protected":false},"featured_media":32596,"comment_status":"open","ping_status":"closed","template":"","meta":{"_et_pb_use_builder":"","_et_pb_old_content":"","_et_gb_content_width":""},"product_cat":[2606,1512,6674,6675,6673],"product_tag":[2609],"edicion":[1085,1084,1083],"editoriales":[1160],"tienda":[],"autor_id":[5246],"universidades_coeditoras":[],"palabras_clave":[],"listado_alfabetico":[],"acf":[],"_links":{"self":[{"href":"https:\/\/wizardly-davinci.82-223-8-23.plesk.page\/en\/wp-json\/wp\/v2\/product\/17344"}],"collection":[{"href":"https:\/\/wizardly-davinci.82-223-8-23.plesk.page\/en\/wp-json\/wp\/v2\/product"}],"about":[{"href":"https:\/\/wizardly-davinci.82-223-8-23.plesk.page\/en\/wp-json\/wp\/v2\/types\/product"}],"replies":[{"embeddable":true,"href":"https:\/\/wizardly-davinci.82-223-8-23.plesk.page\/en\/wp-json\/wp\/v2\/comments?post=17344"}],"wp:featuredmedia":[{"embeddable":true,"href":"https:\/\/wizardly-davinci.82-223-8-23.plesk.page\/en\/wp-json\/wp\/v2\/media\/32596"}],"wp:attachment":[{"href":"https:\/\/wizardly-davinci.82-223-8-23.plesk.page\/en\/wp-json\/wp\/v2\/media?parent=17344"}],"wp:term":[{"taxonomy":"product_cat","embeddable":true,"href":"https:\/\/wizardly-davinci.82-223-8-23.plesk.page\/en\/wp-json\/wp\/v2\/product_cat?post=17344"},{"taxonomy":"product_tag","embeddable":true,"href":"https:\/\/wizardly-davinci.82-223-8-23.plesk.page\/en\/wp-json\/wp\/v2\/product_tag?post=17344"},{"taxonomy":"edicion","embeddable":true,"href":"https:\/\/wizardly-davinci.82-223-8-23.plesk.page\/en\/wp-json\/wp\/v2\/edicion?post=17344"},{"taxonomy":"editoriales","embeddable":true,"href":"https:\/\/wizardly-davinci.82-223-8-23.plesk.page\/en\/wp-json\/wp\/v2\/editoriales?post=17344"},{"taxonomy":"tienda","embeddable":true,"href":"https:\/\/wizardly-davinci.82-223-8-23.plesk.page\/en\/wp-json\/wp\/v2\/tienda?post=17344"},{"taxonomy":"autor_id","embeddable":true,"href":"https:\/\/wizardly-davinci.82-223-8-23.plesk.page\/en\/wp-json\/wp\/v2\/autor_id?post=17344"},{"taxonomy":"universidades_coeditoras","embeddable":true,"href":"https:\/\/wizardly-davinci.82-223-8-23.plesk.page\/en\/wp-json\/wp\/v2\/universidades_coeditoras?post=17344"},{"taxonomy":"palabras_clave","embeddable":true,"href":"https:\/\/wizardly-davinci.82-223-8-23.plesk.page\/en\/wp-json\/wp\/v2\/palabras_clave?post=17344"},{"taxonomy":"listado_alfabetico","embeddable":true,"href":"https:\/\/wizardly-davinci.82-223-8-23.plesk.page\/en\/wp-json\/wp\/v2\/listado_alfabetico?post=17344"}],"curies":[{"name":"wp","href":"https:\/\/api.w.org\/{rel}","templated":true}]}}