{"id":17346,"date":"2019-04-09T22:44:42","date_gmt":"2019-04-09T22:44:42","guid":{"rendered":"https:\/\/octaedro.com\/producto\/las-redes-sutiles-de-la-educacion\/"},"modified":"2023-04-20T12:03:09","modified_gmt":"2023-04-20T10:03:09","slug":"las-redes-sutiles-de-la-educacion","status":"publish","type":"product","link":"https:\/\/wizardly-davinci.82-223-8-23.plesk.page\/en\/producto\/las-redes-sutiles-de-la-educacion\/","title":{"rendered":"Las redes sutiles de la educaci\u00f3n"},"content":{"rendered":"<p>La aplicaci\u00f3n de las aportaciones de la visi\u00f3n sist\u00e9mica al marco educativo abre la puerta a un nuevo paradigma pedag\u00f3gico que permite que los docentes miren la realidad educativa como un todo, vinculando los sistemas familiares, sociales, culturales, hist\u00f3ricos y espirituales, y vean c\u00f3mo ello influye, repercute y est\u00e1 en la base de los procesos de ense\u00f1anza-aprendizaje.<br \/>\nHoy en d\u00eda sabemos que el ser humano est\u00e1 constituido por una red inmensa de complejidades neuronales, sensoriales, ps\u00edquicas, sociales y espirituales que se influyen continuamente unas a otras. Tanto la f\u00edsica moderna como la neurociencia y la biolog\u00eda, por citar solo algunos campos de la ciencia, muestran descubrimientos que van en esta direcci\u00f3n.<br \/>\nLa pedagog\u00eda sist\u00e9mica multidimensional pone la mirada en el desarrollo de la consciencia, la interioridad y las dimensiones transgeneracionales, intergeneracionales, intrageneracionales e interpersonales, y en c\u00f3mo la inclusi\u00f3n de esta informaci\u00f3n llena de sentido el aprendizaje y vincula el ser, el pensar, el sentir y el hacer.<br \/>\nEsta educaci\u00f3n incluye la raz\u00f3n y la intuici\u00f3n, une la mente y el coraz\u00f3n, escucha el cuerpo, las emociones, los sentidos y significados de cada persona, dignifica las ra\u00edces y la identidad de cada una, y ordena la complejidad de los v\u00ednculos para que cada cual est\u00e9 en su lugar y que las nuevas generaciones puedan desarrollar al m\u00e1ximo sus potencialidades.<br \/>\nEn este libro se presentan los fundamentos de todo ello y algunas herramientas para llevarlo a la pr\u00e1ctica.<\/p>\n","protected":false},"excerpt":{"rendered":"<p>La aplicaci\u00f3n de las aportaciones de la visi\u00f3n sist\u00e9mica al marco educativo abre la puerta a un nuevo paradigma pedag\u00f3gico que permite que los docentes miren la realidad educativa como un todo, vinculando los sistemas familiares, sociales, culturales, hist\u00f3ricos y espirituales, y vean c\u00f3mo ello influye, repercute y est\u00e1 en la base de los procesos de ense\u00f1anza-aprendizaje.<br \/>\nHoy en d\u00eda sabemos que el ser humano est\u00e1 constituido por una red inmensa de complejidades neuronales, sensoriales, ps\u00edquicas, sociales y espirituales que se influyen continuamente unas a otras. Tanto la f\u00edsica moderna como la neurociencia y la biolog\u00eda, por citar solo algunos campos de la ciencia, muestran descubrimientos que van en esta direcci\u00f3n.<br \/>\nLa pedagog\u00eda sist\u00e9mica multidimensional pone la mirada en el desarrollo de la consciencia, la interioridad y las dimensiones transgeneracionales, intergeneracionales, intrageneracionales e interpersonales, y en c\u00f3mo la inclusi\u00f3n de esta informaci\u00f3n llena de sentido el aprendizaje y vincula el ser, el pensar, el sentir y el hacer.<br \/>\nEsta educaci\u00f3n incluye la raz\u00f3n y la intuici\u00f3n, une la mente y el coraz\u00f3n, escucha el cuerpo, las emociones, los sentidos y significados de cada persona, dignifica las ra\u00edces y la identidad de cada una, y ordena la complejidad de los v\u00ednculos para que cada cual est\u00e9 en su lugar y que las nuevas generaciones puedan desarrollar al m\u00e1ximo sus potencialidades.<br \/>\nEn este libro se presentan los fundamentos de todo ello y algunas herramientas para llevarlo a la pr\u00e1ctica.<\/p>\n","protected":false},"featured_media":21905,"comment_status":"open","ping_status":"closed","template":"","meta":{"_et_pb_use_builder":"","_et_pb_old_content":"","_et_gb_content_width":""},"product_cat":[2606,1512,6674,6675],"product_tag":[2608],"edicion":[1085,1083],"editoriales":[1160],"tienda":[],"autor_id":[6122,6516],"universidades_coeditoras":[],"palabras_clave":[],"listado_alfabetico":[],"acf":[],"_links":{"self":[{"href":"https:\/\/wizardly-davinci.82-223-8-23.plesk.page\/en\/wp-json\/wp\/v2\/product\/17346"}],"collection":[{"href":"https:\/\/wizardly-davinci.82-223-8-23.plesk.page\/en\/wp-json\/wp\/v2\/product"}],"about":[{"href":"https:\/\/wizardly-davinci.82-223-8-23.plesk.page\/en\/wp-json\/wp\/v2\/types\/product"}],"replies":[{"embeddable":true,"href":"https:\/\/wizardly-davinci.82-223-8-23.plesk.page\/en\/wp-json\/wp\/v2\/comments?post=17346"}],"wp:featuredmedia":[{"embeddable":true,"href":"https:\/\/wizardly-davinci.82-223-8-23.plesk.page\/en\/wp-json\/wp\/v2\/media\/21905"}],"wp:attachment":[{"href":"https:\/\/wizardly-davinci.82-223-8-23.plesk.page\/en\/wp-json\/wp\/v2\/media?parent=17346"}],"wp:term":[{"taxonomy":"product_cat","embeddable":true,"href":"https:\/\/wizardly-davinci.82-223-8-23.plesk.page\/en\/wp-json\/wp\/v2\/product_cat?post=17346"},{"taxonomy":"product_tag","embeddable":true,"href":"https:\/\/wizardly-davinci.82-223-8-23.plesk.page\/en\/wp-json\/wp\/v2\/product_tag?post=17346"},{"taxonomy":"edicion","embeddable":true,"href":"https:\/\/wizardly-davinci.82-223-8-23.plesk.page\/en\/wp-json\/wp\/v2\/edicion?post=17346"},{"taxonomy":"editoriales","embeddable":true,"href":"https:\/\/wizardly-davinci.82-223-8-23.plesk.page\/en\/wp-json\/wp\/v2\/editoriales?post=17346"},{"taxonomy":"tienda","embeddable":true,"href":"https:\/\/wizardly-davinci.82-223-8-23.plesk.page\/en\/wp-json\/wp\/v2\/tienda?post=17346"},{"taxonomy":"autor_id","embeddable":true,"href":"https:\/\/wizardly-davinci.82-223-8-23.plesk.page\/en\/wp-json\/wp\/v2\/autor_id?post=17346"},{"taxonomy":"universidades_coeditoras","embeddable":true,"href":"https:\/\/wizardly-davinci.82-223-8-23.plesk.page\/en\/wp-json\/wp\/v2\/universidades_coeditoras?post=17346"},{"taxonomy":"palabras_clave","embeddable":true,"href":"https:\/\/wizardly-davinci.82-223-8-23.plesk.page\/en\/wp-json\/wp\/v2\/palabras_clave?post=17346"},{"taxonomy":"listado_alfabetico","embeddable":true,"href":"https:\/\/wizardly-davinci.82-223-8-23.plesk.page\/en\/wp-json\/wp\/v2\/listado_alfabetico?post=17346"}],"curies":[{"name":"wp","href":"https:\/\/api.w.org\/{rel}","templated":true}]}}