{"id":17354,"date":"2019-04-09T22:44:53","date_gmt":"2019-04-09T22:44:53","guid":{"rendered":"https:\/\/octaedro.com\/producto\/que-es-la-escuela-publica\/"},"modified":"2023-04-20T12:04:54","modified_gmt":"2023-04-20T10:04:54","slug":"que-es-la-escuela-publica","status":"publish","type":"product","link":"https:\/\/wizardly-davinci.82-223-8-23.plesk.page\/en\/producto\/que-es-la-escuela-publica\/","title":{"rendered":"\u00bfQu\u00e9 es la escuela p\u00fablica?"},"content":{"rendered":"<p>Hoy m\u00e1s que nunca es necesario mantener vivo el ideal de un modelo de Escuela P\u00fablica (as\u00ed, con may\u00fasculas) que haga suyos los ideales republicanos de libertad, igualdad y fraternidad, en una aspiraci\u00f3n constante hacia el bien com\u00fan. Una escuela democr\u00e1tica, inclusiva, no segregadora ni excluyente, coeducativa, que tenga como referente la <em>Declaraci\u00f3n universal de los derechos humanos<\/em>.<\/p>\n<p>En este libro, la docente <strong>M. \u00c1ngeles Llorente<\/strong> defiende que educar para la emancipaci\u00f3n y el empoderamiento deben ser los objetivos fundamentales de la Escuela P\u00fablica; espacio laico y aconfesional en el que las personas se educan en un marco de valores universales mediante la reflexi\u00f3n y el pensamiento cr\u00edtico. Porque la reconstrucci\u00f3n de la cultura en las aulas pasa por una revisi\u00f3n en profundidad de los marcos curriculares, las estrategias metodol\u00f3gicas y los mecanismos de evaluaci\u00f3n.<\/p>\n<p>El reconocimiento de la labor docente y la mejora de sus condiciones laborales, la creaci\u00f3n de cauces para la participaci\u00f3n de las familias en la vida de los centros y el protagonismo del alumnado en todo lo que le concierne son algunos de los retos pendientes.<\/p>\n<p><strong>FE DE ERRATAS<\/strong>. En la primera edici\u00f3n impresa aparece transcrito de manera err\u00f3nea el nombre de la autora en las p\u00e1ginas 5, 6 y 12, el correcto es <strong>Mar\u00eda \u00c1ngeles Llorente Cort\u00e9s<\/strong>.<\/p>\n","protected":false},"excerpt":{"rendered":"<p>Hoy m\u00e1s que nunca es necesario mantener vivo el ideal de un modelo de Escuela P\u00fablica (as\u00ed, con may\u00fasculas) que haga suyos los ideales republicanos de libertad, igualdad y fraternidad, en una aspiraci\u00f3n constante hacia el bien com\u00fan. Una escuela democr\u00e1tica, inclusiva, no segregadora ni excluyente, coeducativa, que tenga como referente la <em>Declaraci\u00f3n universal de los derechos humanos<\/em>.<\/p>\n<p>En este libro, la docente <strong>M. \u00c1ngeles Llorente<\/strong> defiende que educar para la emancipaci\u00f3n y el empoderamiento deben ser los objetivos fundamentales de la Escuela P\u00fablica; espacio laico y aconfesional en el que las personas se educan en un marco de valores universales mediante la reflexi\u00f3n y el pensamiento cr\u00edtico. Porque la reconstrucci\u00f3n de la cultura en las aulas pasa por una revisi\u00f3n en profundidad de los marcos curriculares, las estrategias metodol\u00f3gicas y los mecanismos de evaluaci\u00f3n.<\/p>\n<p>El reconocimiento de la labor docente y la mejora de sus condiciones laborales, la creaci\u00f3n de cauces para la participaci\u00f3n de las familias en la vida de los centros y el protagonismo del alumnado en todo lo que le concierne son algunos de los retos pendientes.<\/p>\n<p><strong>FE DE ERRATAS<\/strong>. En la primera edici\u00f3n impresa aparece transcrito de manera err\u00f3nea el nombre de la autora en las p\u00e1ginas 5, 6 y 12, el correcto es <strong>Mar\u00eda \u00c1ngeles Llorente Cort\u00e9s<\/strong>.<\/p>\n","protected":false},"featured_media":20837,"comment_status":"open","ping_status":"closed","template":"","meta":{"_et_pb_use_builder":"","_et_pb_old_content":"","_et_gb_content_width":""},"product_cat":[1512,6675],"product_tag":[2602],"edicion":[1083],"editoriales":[1160],"tienda":[],"autor_id":[5825],"universidades_coeditoras":[],"palabras_clave":[],"listado_alfabetico":[],"acf":[],"_links":{"self":[{"href":"https:\/\/wizardly-davinci.82-223-8-23.plesk.page\/en\/wp-json\/wp\/v2\/product\/17354"}],"collection":[{"href":"https:\/\/wizardly-davinci.82-223-8-23.plesk.page\/en\/wp-json\/wp\/v2\/product"}],"about":[{"href":"https:\/\/wizardly-davinci.82-223-8-23.plesk.page\/en\/wp-json\/wp\/v2\/types\/product"}],"replies":[{"embeddable":true,"href":"https:\/\/wizardly-davinci.82-223-8-23.plesk.page\/en\/wp-json\/wp\/v2\/comments?post=17354"}],"wp:featuredmedia":[{"embeddable":true,"href":"https:\/\/wizardly-davinci.82-223-8-23.plesk.page\/en\/wp-json\/wp\/v2\/media\/20837"}],"wp:attachment":[{"href":"https:\/\/wizardly-davinci.82-223-8-23.plesk.page\/en\/wp-json\/wp\/v2\/media?parent=17354"}],"wp:term":[{"taxonomy":"product_cat","embeddable":true,"href":"https:\/\/wizardly-davinci.82-223-8-23.plesk.page\/en\/wp-json\/wp\/v2\/product_cat?post=17354"},{"taxonomy":"product_tag","embeddable":true,"href":"https:\/\/wizardly-davinci.82-223-8-23.plesk.page\/en\/wp-json\/wp\/v2\/product_tag?post=17354"},{"taxonomy":"edicion","embeddable":true,"href":"https:\/\/wizardly-davinci.82-223-8-23.plesk.page\/en\/wp-json\/wp\/v2\/edicion?post=17354"},{"taxonomy":"editoriales","embeddable":true,"href":"https:\/\/wizardly-davinci.82-223-8-23.plesk.page\/en\/wp-json\/wp\/v2\/editoriales?post=17354"},{"taxonomy":"tienda","embeddable":true,"href":"https:\/\/wizardly-davinci.82-223-8-23.plesk.page\/en\/wp-json\/wp\/v2\/tienda?post=17354"},{"taxonomy":"autor_id","embeddable":true,"href":"https:\/\/wizardly-davinci.82-223-8-23.plesk.page\/en\/wp-json\/wp\/v2\/autor_id?post=17354"},{"taxonomy":"universidades_coeditoras","embeddable":true,"href":"https:\/\/wizardly-davinci.82-223-8-23.plesk.page\/en\/wp-json\/wp\/v2\/universidades_coeditoras?post=17354"},{"taxonomy":"palabras_clave","embeddable":true,"href":"https:\/\/wizardly-davinci.82-223-8-23.plesk.page\/en\/wp-json\/wp\/v2\/palabras_clave?post=17354"},{"taxonomy":"listado_alfabetico","embeddable":true,"href":"https:\/\/wizardly-davinci.82-223-8-23.plesk.page\/en\/wp-json\/wp\/v2\/listado_alfabetico?post=17354"}],"curies":[{"name":"wp","href":"https:\/\/api.w.org\/{rel}","templated":true}]}}