{"id":17356,"date":"2019-04-09T22:44:56","date_gmt":"2019-04-09T22:44:56","guid":{"rendered":"https:\/\/octaedro.com\/producto\/nuevo-aprendizaje\/"},"modified":"2023-04-20T12:05:10","modified_gmt":"2023-04-20T10:05:10","slug":"nuevo-aprendizaje","status":"publish","type":"product","link":"https:\/\/wizardly-davinci.82-223-8-23.plesk.page\/en\/producto\/nuevo-aprendizaje\/","title":{"rendered":"Nuevo aprendizaje"},"content":{"rendered":"<p>En <strong><em>Nuevo aprendizaje<\/em><\/strong> los reconocidos autores Mary Kalantzis y Bill Cope exploran los debates y los desaf\u00edos contempor\u00e1neos en torno a la educaci\u00f3n. En este momento de dram\u00e1tico cambio social, la educaci\u00f3n representa posibilidades y oportunidades muy significativas. Escrito en un estilo accesible y \u00e1gil, la obra pone la lupa sobre los estudiantes y sus entornos de aprendizaje y reflexiona sobre c\u00f3mo las escuelas pueden preparar a sus alumnos para el futuro.<\/p>\n<p>Por medio de ilustrativos ejemplos de actuaciones en el aula, este libro logra un equilibrio entre los conocimientos te\u00f3ricos y sus aplicaciones pr\u00e1cticas. Tanto el libro en papel como su sitio web complementario, <a href=\"&quot;http:\/\/newlearningonline.com\/&quot;\">newlearningonline.com<\/a>, incluyen una amplia cobertura de la psicolog\u00eda educativa y las perspectivas de la ciencia cognitiva, el uso de la evaluaci\u00f3n en la educaci\u00f3n y el desarrollo de planes de estudios en todo el mundo.<\/p>\n<p><strong><em>Nuevo aprendizaje<\/em><\/strong> constituye un recurso inspirador e integral para los profesores en activo, as\u00ed como para los que est\u00e1n en la fase de preparaci\u00f3n para incorporarse al mundo de la docencia.<\/p>\n","protected":false},"excerpt":{"rendered":"<p>En <strong><em>Nuevo aprendizaje<\/em><\/strong> los reconocidos autores Mary Kalantzis y Bill Cope exploran los debates y los desaf\u00edos contempor\u00e1neos en torno a la educaci\u00f3n. En este momento de dram\u00e1tico cambio social, la educaci\u00f3n representa posibilidades y oportunidades muy significativas. Escrito en un estilo accesible y \u00e1gil, la obra pone la lupa sobre los estudiantes y sus entornos de aprendizaje y reflexiona sobre c\u00f3mo las escuelas pueden preparar a sus alumnos para el futuro.<\/p>\n<p>Por medio de ilustrativos ejemplos de actuaciones en el aula, este libro logra un equilibrio entre los conocimientos te\u00f3ricos y sus aplicaciones pr\u00e1cticas. Tanto el libro en papel como su sitio web complementario, <a href=\"&quot;http:\/\/newlearningonline.com\/&quot;\">newlearningonline.com<\/a>, incluyen una amplia cobertura de la psicolog\u00eda educativa y las perspectivas de la ciencia cognitiva, el uso de la evaluaci\u00f3n en la educaci\u00f3n y el desarrollo de planes de estudios en todo el mundo.<\/p>\n<p><strong><em>Nuevo aprendizaje<\/em><\/strong> constituye un recurso inspirador e integral para los profesores en activo, as\u00ed como para los que est\u00e1n en la fase de preparaci\u00f3n para incorporarse al mundo de la docencia.<\/p>\n","protected":false},"featured_media":21930,"comment_status":"open","ping_status":"closed","template":"","meta":{"_et_pb_use_builder":"","_et_pb_old_content":"","_et_gb_content_width":""},"product_cat":[2606,1512,6674,6675],"product_tag":[2608],"edicion":[1085,1083],"editoriales":[1160],"tienda":[],"autor_id":[5325,7690],"universidades_coeditoras":[],"palabras_clave":[],"listado_alfabetico":[],"acf":[],"_links":{"self":[{"href":"https:\/\/wizardly-davinci.82-223-8-23.plesk.page\/en\/wp-json\/wp\/v2\/product\/17356"}],"collection":[{"href":"https:\/\/wizardly-davinci.82-223-8-23.plesk.page\/en\/wp-json\/wp\/v2\/product"}],"about":[{"href":"https:\/\/wizardly-davinci.82-223-8-23.plesk.page\/en\/wp-json\/wp\/v2\/types\/product"}],"replies":[{"embeddable":true,"href":"https:\/\/wizardly-davinci.82-223-8-23.plesk.page\/en\/wp-json\/wp\/v2\/comments?post=17356"}],"wp:featuredmedia":[{"embeddable":true,"href":"https:\/\/wizardly-davinci.82-223-8-23.plesk.page\/en\/wp-json\/wp\/v2\/media\/21930"}],"wp:attachment":[{"href":"https:\/\/wizardly-davinci.82-223-8-23.plesk.page\/en\/wp-json\/wp\/v2\/media?parent=17356"}],"wp:term":[{"taxonomy":"product_cat","embeddable":true,"href":"https:\/\/wizardly-davinci.82-223-8-23.plesk.page\/en\/wp-json\/wp\/v2\/product_cat?post=17356"},{"taxonomy":"product_tag","embeddable":true,"href":"https:\/\/wizardly-davinci.82-223-8-23.plesk.page\/en\/wp-json\/wp\/v2\/product_tag?post=17356"},{"taxonomy":"edicion","embeddable":true,"href":"https:\/\/wizardly-davinci.82-223-8-23.plesk.page\/en\/wp-json\/wp\/v2\/edicion?post=17356"},{"taxonomy":"editoriales","embeddable":true,"href":"https:\/\/wizardly-davinci.82-223-8-23.plesk.page\/en\/wp-json\/wp\/v2\/editoriales?post=17356"},{"taxonomy":"tienda","embeddable":true,"href":"https:\/\/wizardly-davinci.82-223-8-23.plesk.page\/en\/wp-json\/wp\/v2\/tienda?post=17356"},{"taxonomy":"autor_id","embeddable":true,"href":"https:\/\/wizardly-davinci.82-223-8-23.plesk.page\/en\/wp-json\/wp\/v2\/autor_id?post=17356"},{"taxonomy":"universidades_coeditoras","embeddable":true,"href":"https:\/\/wizardly-davinci.82-223-8-23.plesk.page\/en\/wp-json\/wp\/v2\/universidades_coeditoras?post=17356"},{"taxonomy":"palabras_clave","embeddable":true,"href":"https:\/\/wizardly-davinci.82-223-8-23.plesk.page\/en\/wp-json\/wp\/v2\/palabras_clave?post=17356"},{"taxonomy":"listado_alfabetico","embeddable":true,"href":"https:\/\/wizardly-davinci.82-223-8-23.plesk.page\/en\/wp-json\/wp\/v2\/listado_alfabetico?post=17356"}],"curies":[{"name":"wp","href":"https:\/\/api.w.org\/{rel}","templated":true}]}}