{"id":17357,"date":"2019-04-09T22:44:57","date_gmt":"2019-04-09T22:44:57","guid":{"rendered":"https:\/\/octaedro.com\/producto\/que-es-la-primaria\/"},"modified":"2023-04-20T12:05:17","modified_gmt":"2023-04-20T10:05:17","slug":"que-es-la-primaria","status":"publish","type":"product","link":"https:\/\/wizardly-davinci.82-223-8-23.plesk.page\/en\/producto\/que-es-la-primaria\/","title":{"rendered":"\u00bfQu\u00e9 es la Primaria?"},"content":{"rendered":"<p>La Primaria ha sido siempre la etapa b\u00e1sica del sistema educativo. Lo sigue siendo. En sus ciento cincuenta a\u00f1os de historia ha recibido distintas denominaciones (Primera Ense\u00f1anza, EGB), pero conserva su esencia como etapa fundamental para el progreso acad\u00e9mico y personal, y tiene identidad propia, diferenciada del resto de niveles educativos.<\/p>\n<p>Sin embargo, actualmente est\u00e1 en un profundo proceso de cambio curricular y organizativo. La escuela de hoy es muy diferente a la de otras \u00e9pocas e incluso a la que conocimos en tiempos recientes. Analizar cr\u00edticamente los \u00faltimos cambios introducidos en esta etapa, otear el horizonte y plantear propuestas de futuro en un nuevo entorno escolar es el objetivo de este libro, dirigido a docentes comprometidos con su profesi\u00f3n, a familias preocupadas por la escuela y a estudiantes universitarios ilusionados por ser ma\u00f1ana maestras y maestros en las aulas de Primaria.<\/p>\n","protected":false},"excerpt":{"rendered":"<p>La Primaria ha sido siempre la etapa b\u00e1sica del sistema educativo. Lo sigue siendo. En sus ciento cincuenta a\u00f1os de historia ha recibido distintas denominaciones (Primera Ense\u00f1anza, EGB), pero conserva su esencia como etapa fundamental para el progreso acad\u00e9mico y personal, y tiene identidad propia, diferenciada del resto de niveles educativos.<\/p>\n<p>Sin embargo, actualmente est\u00e1 en un profundo proceso de cambio curricular y organizativo. La escuela de hoy es muy diferente a la de otras \u00e9pocas e incluso a la que conocimos en tiempos recientes. Analizar cr\u00edticamente los \u00faltimos cambios introducidos en esta etapa, otear el horizonte y plantear propuestas de futuro en un nuevo entorno escolar es el objetivo de este libro, dirigido a docentes comprometidos con su profesi\u00f3n, a familias preocupadas por la escuela y a estudiantes universitarios ilusionados por ser ma\u00f1ana maestras y maestros en las aulas de Primaria.<\/p>\n","protected":false},"featured_media":20838,"comment_status":"open","ping_status":"closed","template":"","meta":{"_et_pb_use_builder":"","_et_pb_old_content":"","_et_gb_content_width":""},"product_cat":[1512,6944,6675],"product_tag":[2602],"edicion":[1083],"editoriales":[1160],"tienda":[],"autor_id":[5748],"universidades_coeditoras":[],"palabras_clave":[],"listado_alfabetico":[],"acf":[],"_links":{"self":[{"href":"https:\/\/wizardly-davinci.82-223-8-23.plesk.page\/en\/wp-json\/wp\/v2\/product\/17357"}],"collection":[{"href":"https:\/\/wizardly-davinci.82-223-8-23.plesk.page\/en\/wp-json\/wp\/v2\/product"}],"about":[{"href":"https:\/\/wizardly-davinci.82-223-8-23.plesk.page\/en\/wp-json\/wp\/v2\/types\/product"}],"replies":[{"embeddable":true,"href":"https:\/\/wizardly-davinci.82-223-8-23.plesk.page\/en\/wp-json\/wp\/v2\/comments?post=17357"}],"wp:featuredmedia":[{"embeddable":true,"href":"https:\/\/wizardly-davinci.82-223-8-23.plesk.page\/en\/wp-json\/wp\/v2\/media\/20838"}],"wp:attachment":[{"href":"https:\/\/wizardly-davinci.82-223-8-23.plesk.page\/en\/wp-json\/wp\/v2\/media?parent=17357"}],"wp:term":[{"taxonomy":"product_cat","embeddable":true,"href":"https:\/\/wizardly-davinci.82-223-8-23.plesk.page\/en\/wp-json\/wp\/v2\/product_cat?post=17357"},{"taxonomy":"product_tag","embeddable":true,"href":"https:\/\/wizardly-davinci.82-223-8-23.plesk.page\/en\/wp-json\/wp\/v2\/product_tag?post=17357"},{"taxonomy":"edicion","embeddable":true,"href":"https:\/\/wizardly-davinci.82-223-8-23.plesk.page\/en\/wp-json\/wp\/v2\/edicion?post=17357"},{"taxonomy":"editoriales","embeddable":true,"href":"https:\/\/wizardly-davinci.82-223-8-23.plesk.page\/en\/wp-json\/wp\/v2\/editoriales?post=17357"},{"taxonomy":"tienda","embeddable":true,"href":"https:\/\/wizardly-davinci.82-223-8-23.plesk.page\/en\/wp-json\/wp\/v2\/tienda?post=17357"},{"taxonomy":"autor_id","embeddable":true,"href":"https:\/\/wizardly-davinci.82-223-8-23.plesk.page\/en\/wp-json\/wp\/v2\/autor_id?post=17357"},{"taxonomy":"universidades_coeditoras","embeddable":true,"href":"https:\/\/wizardly-davinci.82-223-8-23.plesk.page\/en\/wp-json\/wp\/v2\/universidades_coeditoras?post=17357"},{"taxonomy":"palabras_clave","embeddable":true,"href":"https:\/\/wizardly-davinci.82-223-8-23.plesk.page\/en\/wp-json\/wp\/v2\/palabras_clave?post=17357"},{"taxonomy":"listado_alfabetico","embeddable":true,"href":"https:\/\/wizardly-davinci.82-223-8-23.plesk.page\/en\/wp-json\/wp\/v2\/listado_alfabetico?post=17357"}],"curies":[{"name":"wp","href":"https:\/\/api.w.org\/{rel}","templated":true}]}}