{"id":17358,"date":"2019-12-05T09:44:59","date_gmt":"2019-12-05T09:44:59","guid":{"rendered":"https:\/\/octaedro.com\/producto\/neoliberalismo-educativo\/"},"modified":"2023-04-20T12:05:24","modified_gmt":"2023-04-20T10:05:24","slug":"neoliberalismo-educativo","status":"publish","type":"product","link":"https:\/\/wizardly-davinci.82-223-8-23.plesk.page\/en\/producto\/neoliberalismo-educativo\/","title":{"rendered":"Neoliberalismo educativo"},"content":{"rendered":"<p>Este libro pretende ser un grito en defensa de una educaci\u00f3n p\u00fablica, universal, laica, inclusiva, coeducativa, ecol\u00f3gica, integral, apasionante y democr\u00e1tica, frente a la actual ola de neoliberalismo educativo que nos invade y que pretende privatizar este derecho y convertirlo en un nicho de \u00abnegocio\u00bb.<\/p>\n<p>Estamos actualmente ante dos proyectos ideol\u00f3gicos, sociales y pol\u00edticos que avanzan a nivel mundial y que encarnan dos formas radicalmente diferentes de entender el ser humano, las relaciones economicosociales y la educaci\u00f3n. El primero asienta sus ra\u00edces en un modelo econ\u00f3mico y social capitalista: apuesta por un programa educativo estandarizado, selectivo y exclusivo, al servicio del desarrollo t\u00e9cnico de los intereses econ\u00f3micos dominantes y del status quo. Pero en este libro se apuesta por otro modelo educativo, democr\u00e1tico e inclusivo, que forme rigurosamente, s\u00ed, pero cuya finalidad tambi\u00e9n sea conseguir el gusto por el saber y la pasi\u00f3n por el aprendizaje, as\u00ed como la formaci\u00f3n de una ciudadan\u00eda cr\u00edtica y comprometida con la mejora de la sociedad en la que vive; un modelo de educaci\u00f3n realmente poscapitalista, poscolonial y pospatriarcal.<\/p>\n<p>Nos jugamos el futuro de nuestros hijos, el de nuestras hijas y el de la sociedad en su conjunto. Educaci\u00f3n o barbarie, no hay neutralidad posible.<\/p>\n","protected":false},"excerpt":{"rendered":"<p>Este libro pretende ser un grito en defensa de una educaci\u00f3n p\u00fablica, universal, laica, inclusiva, coeducativa, ecol\u00f3gica, integral, apasionante y democr\u00e1tica, frente a la actual ola de neoliberalismo educativo que nos invade y que pretende privatizar este derecho y convertirlo en un nicho de \u00abnegocio\u00bb.<\/p>\n<p>Estamos actualmente ante dos proyectos ideol\u00f3gicos, sociales y pol\u00edticos que avanzan a nivel mundial y que encarnan dos formas radicalmente diferentes de entender el ser humano, las relaciones economicosociales y la educaci\u00f3n. El primero asienta sus ra\u00edces en un modelo econ\u00f3mico y social capitalista: apuesta por un programa educativo estandarizado, selectivo y exclusivo, al servicio del desarrollo t\u00e9cnico de los intereses econ\u00f3micos dominantes y del status quo. Pero en este libro se apuesta por otro modelo educativo, democr\u00e1tico e inclusivo, que forme rigurosamente, s\u00ed, pero cuya finalidad tambi\u00e9n sea conseguir el gusto por el saber y la pasi\u00f3n por el aprendizaje, as\u00ed como la formaci\u00f3n de una ciudadan\u00eda cr\u00edtica y comprometida con la mejora de la sociedad en la que vive; un modelo de educaci\u00f3n realmente poscapitalista, poscolonial y pospatriarcal.<\/p>\n<p>Nos jugamos el futuro de nuestros hijos, el de nuestras hijas y el de la sociedad en su conjunto. Educaci\u00f3n o barbarie, no hay neutralidad posible.<\/p>\n","protected":false},"featured_media":21934,"comment_status":"open","ping_status":"closed","template":"","meta":{"_et_pb_use_builder":"","_et_pb_old_content":"","_et_gb_content_width":""},"product_cat":[2606,1512,6674,6675],"product_tag":[2608],"edicion":[1085,1083],"editoriales":[1160],"tienda":[],"autor_id":[5399],"universidades_coeditoras":[],"palabras_clave":[],"listado_alfabetico":[],"acf":[],"_links":{"self":[{"href":"https:\/\/wizardly-davinci.82-223-8-23.plesk.page\/en\/wp-json\/wp\/v2\/product\/17358"}],"collection":[{"href":"https:\/\/wizardly-davinci.82-223-8-23.plesk.page\/en\/wp-json\/wp\/v2\/product"}],"about":[{"href":"https:\/\/wizardly-davinci.82-223-8-23.plesk.page\/en\/wp-json\/wp\/v2\/types\/product"}],"replies":[{"embeddable":true,"href":"https:\/\/wizardly-davinci.82-223-8-23.plesk.page\/en\/wp-json\/wp\/v2\/comments?post=17358"}],"wp:featuredmedia":[{"embeddable":true,"href":"https:\/\/wizardly-davinci.82-223-8-23.plesk.page\/en\/wp-json\/wp\/v2\/media\/21934"}],"wp:attachment":[{"href":"https:\/\/wizardly-davinci.82-223-8-23.plesk.page\/en\/wp-json\/wp\/v2\/media?parent=17358"}],"wp:term":[{"taxonomy":"product_cat","embeddable":true,"href":"https:\/\/wizardly-davinci.82-223-8-23.plesk.page\/en\/wp-json\/wp\/v2\/product_cat?post=17358"},{"taxonomy":"product_tag","embeddable":true,"href":"https:\/\/wizardly-davinci.82-223-8-23.plesk.page\/en\/wp-json\/wp\/v2\/product_tag?post=17358"},{"taxonomy":"edicion","embeddable":true,"href":"https:\/\/wizardly-davinci.82-223-8-23.plesk.page\/en\/wp-json\/wp\/v2\/edicion?post=17358"},{"taxonomy":"editoriales","embeddable":true,"href":"https:\/\/wizardly-davinci.82-223-8-23.plesk.page\/en\/wp-json\/wp\/v2\/editoriales?post=17358"},{"taxonomy":"tienda","embeddable":true,"href":"https:\/\/wizardly-davinci.82-223-8-23.plesk.page\/en\/wp-json\/wp\/v2\/tienda?post=17358"},{"taxonomy":"autor_id","embeddable":true,"href":"https:\/\/wizardly-davinci.82-223-8-23.plesk.page\/en\/wp-json\/wp\/v2\/autor_id?post=17358"},{"taxonomy":"universidades_coeditoras","embeddable":true,"href":"https:\/\/wizardly-davinci.82-223-8-23.plesk.page\/en\/wp-json\/wp\/v2\/universidades_coeditoras?post=17358"},{"taxonomy":"palabras_clave","embeddable":true,"href":"https:\/\/wizardly-davinci.82-223-8-23.plesk.page\/en\/wp-json\/wp\/v2\/palabras_clave?post=17358"},{"taxonomy":"listado_alfabetico","embeddable":true,"href":"https:\/\/wizardly-davinci.82-223-8-23.plesk.page\/en\/wp-json\/wp\/v2\/listado_alfabetico?post=17358"}],"curies":[{"name":"wp","href":"https:\/\/api.w.org\/{rel}","templated":true}]}}