{"id":17366,"date":"2021-07-04T22:45:14","date_gmt":"2021-07-04T22:45:14","guid":{"rendered":"https:\/\/octaedro.com\/producto\/que-haremos-cuando-seamos-pequenos\/"},"modified":"2023-04-20T12:08:04","modified_gmt":"2023-04-20T10:08:04","slug":"que-haremos-cuando-seamos-pequenos","status":"publish","type":"product","link":"https:\/\/wizardly-davinci.82-223-8-23.plesk.page\/en\/producto\/que-haremos-cuando-seamos-pequenos\/","title":{"rendered":"\u00bfQu\u00e9 haremos cuando seamos peque\u00f1os?"},"content":{"rendered":"<p>La pedagog\u00eda a la que se ha convenido en llamar de la escucha, la que hace evidente, por un lado, al ni\u00f1o real, competente, capaz, complejo, diverso y \u00fanico, con un imprevisible potencial, y, por otro, una acci\u00f3n educativa, una manera de hacer de maestro cargada de deseo y de voluntad de descubrir, de maravillarse, de dialogar, y llena de inteligencia, de conocimiento, de sensibilidad, de alegr\u00eda y de frescura, todo esto es lo que, p\u00e1gina tras p\u00e1gina, nos aporta el libro que tienes en las manos.Llega de la \u201cbella Italia\u201d en la voz de una maestra, con la voz de la reflexi\u00f3n, con la voz de la sencillez de quien d\u00eda tras d\u00eda est\u00e1 con las ni\u00f1as y los ni\u00f1os, un conjunto de cualidades que hacen que su lectura sea apasionante. Penny Ritscher nos acerca a una versi\u00f3n actual del pensamiento pedag\u00f3gico que ha atravesado el siglo XX. Concibe la escuela como un verdadero laboratorio de pedagog\u00eda, un espacio de aprendizaje tanto para los ni\u00f1os como para los adultos, un lugar donde el descubrimiento personal y colectivo generan una cultura que transforma la visi\u00f3n del ni\u00f1o y la educaci\u00f3n.<\/p>\n","protected":false},"excerpt":{"rendered":"<p>La pedagog\u00eda a la que se ha convenido en llamar de la escucha, la que hace evidente, por un lado, al ni\u00f1o real, competente, capaz, complejo, diverso y \u00fanico, con un imprevisible potencial, y, por otro, una acci\u00f3n educativa, una manera de hacer de maestro cargada de deseo y de voluntad de descubrir, de maravillarse, de dialogar, y llena de inteligencia, de conocimiento, de sensibilidad, de alegr\u00eda y de frescura, todo esto es lo que, p\u00e1gina tras p\u00e1gina, nos aporta el libro que tienes en las manos.Llega de la \u201cbella Italia\u201d en la voz de una maestra, con la voz de la reflexi\u00f3n, con la voz de la sencillez de quien d\u00eda tras d\u00eda est\u00e1 con las ni\u00f1as y los ni\u00f1os, un conjunto de cualidades que hacen que su lectura sea apasionante. Penny Ritscher nos acerca a una versi\u00f3n actual del pensamiento pedag\u00f3gico que ha atravesado el siglo XX. Concibe la escuela como un verdadero laboratorio de pedagog\u00eda, un espacio de aprendizaje tanto para los ni\u00f1os como para los adultos, un lugar donde el descubrimiento personal y colectivo generan una cultura que transforma la visi\u00f3n del ni\u00f1o y la educaci\u00f3n.<\/p>\n","protected":false},"featured_media":40766,"comment_status":"open","ping_status":"closed","template":"","meta":{"_et_pb_use_builder":"","_et_pb_old_content":"","_et_gb_content_width":""},"product_cat":[2606,6674,6675,7184],"product_tag":[2608],"edicion":[1085,1083],"editoriales":[1160,1163],"tienda":[],"autor_id":[6246],"universidades_coeditoras":[],"palabras_clave":[],"listado_alfabetico":[],"acf":[],"_links":{"self":[{"href":"https:\/\/wizardly-davinci.82-223-8-23.plesk.page\/en\/wp-json\/wp\/v2\/product\/17366"}],"collection":[{"href":"https:\/\/wizardly-davinci.82-223-8-23.plesk.page\/en\/wp-json\/wp\/v2\/product"}],"about":[{"href":"https:\/\/wizardly-davinci.82-223-8-23.plesk.page\/en\/wp-json\/wp\/v2\/types\/product"}],"replies":[{"embeddable":true,"href":"https:\/\/wizardly-davinci.82-223-8-23.plesk.page\/en\/wp-json\/wp\/v2\/comments?post=17366"}],"wp:featuredmedia":[{"embeddable":true,"href":"https:\/\/wizardly-davinci.82-223-8-23.plesk.page\/en\/wp-json\/wp\/v2\/media\/40766"}],"wp:attachment":[{"href":"https:\/\/wizardly-davinci.82-223-8-23.plesk.page\/en\/wp-json\/wp\/v2\/media?parent=17366"}],"wp:term":[{"taxonomy":"product_cat","embeddable":true,"href":"https:\/\/wizardly-davinci.82-223-8-23.plesk.page\/en\/wp-json\/wp\/v2\/product_cat?post=17366"},{"taxonomy":"product_tag","embeddable":true,"href":"https:\/\/wizardly-davinci.82-223-8-23.plesk.page\/en\/wp-json\/wp\/v2\/product_tag?post=17366"},{"taxonomy":"edicion","embeddable":true,"href":"https:\/\/wizardly-davinci.82-223-8-23.plesk.page\/en\/wp-json\/wp\/v2\/edicion?post=17366"},{"taxonomy":"editoriales","embeddable":true,"href":"https:\/\/wizardly-davinci.82-223-8-23.plesk.page\/en\/wp-json\/wp\/v2\/editoriales?post=17366"},{"taxonomy":"tienda","embeddable":true,"href":"https:\/\/wizardly-davinci.82-223-8-23.plesk.page\/en\/wp-json\/wp\/v2\/tienda?post=17366"},{"taxonomy":"autor_id","embeddable":true,"href":"https:\/\/wizardly-davinci.82-223-8-23.plesk.page\/en\/wp-json\/wp\/v2\/autor_id?post=17366"},{"taxonomy":"universidades_coeditoras","embeddable":true,"href":"https:\/\/wizardly-davinci.82-223-8-23.plesk.page\/en\/wp-json\/wp\/v2\/universidades_coeditoras?post=17366"},{"taxonomy":"palabras_clave","embeddable":true,"href":"https:\/\/wizardly-davinci.82-223-8-23.plesk.page\/en\/wp-json\/wp\/v2\/palabras_clave?post=17366"},{"taxonomy":"listado_alfabetico","embeddable":true,"href":"https:\/\/wizardly-davinci.82-223-8-23.plesk.page\/en\/wp-json\/wp\/v2\/listado_alfabetico?post=17366"}],"curies":[{"name":"wp","href":"https:\/\/api.w.org\/{rel}","templated":true}]}}