{"id":17368,"date":"2021-07-01T22:45:18","date_gmt":"2021-07-01T22:45:18","guid":{"rendered":"https:\/\/octaedro.com\/producto\/educar-en-la-escuela-infantil\/"},"modified":"2023-04-20T12:08:17","modified_gmt":"2023-04-20T10:08:17","slug":"educar-en-la-escuela-infantil","status":"publish","type":"product","link":"https:\/\/wizardly-davinci.82-223-8-23.plesk.page\/en\/producto\/educar-en-la-escuela-infantil\/","title":{"rendered":"Educar en la escuela infantil"},"content":{"rendered":"<p>Este es un libro escrito en la d\u00e9cada de los a\u00f1os setenta, una d\u00e9cada caracterizada en muchos pa\u00edses europeos por grandes cambios en la educaci\u00f3n de los m\u00e1s peque\u00f1os. Cambios en la expansi\u00f3n de la oferta de escuelas infantiles y cambios en el concepto de educci\u00f3n en estas primeras edades.Con gran sensibilidad e inteligencia, Goldschmied supo acompa\u00f1ar directamente estos cambios. Su larga y amplia experiencia, su intr\u00ednseco estilo ingl\u00e9s y su profundo conocimiento de la realidad italiana, confieren a estas p\u00e1ginas un profundo respeto hacia la infancia.Algunas generaciones de maestros hemos aprendido con su lectura, y en su relectura siempre descubrimos algo nuevo, quiz\u00e1 por su estilo llano o por su coherencia -que se fundamenta en el hecho de que reflexiona sobre una realidad tan cercana a la nuestra-, y tambi\u00e9n porque se trata de una teor\u00eda construida a partir de la cotidianeidad a la que envuelve y llena el significado.<\/p>\n","protected":false},"excerpt":{"rendered":"<p>Este es un libro escrito en la d\u00e9cada de los a\u00f1os setenta, una d\u00e9cada caracterizada en muchos pa\u00edses europeos por grandes cambios en la educaci\u00f3n de los m\u00e1s peque\u00f1os. Cambios en la expansi\u00f3n de la oferta de escuelas infantiles y cambios en el concepto de educci\u00f3n en estas primeras edades.Con gran sensibilidad e inteligencia, Goldschmied supo acompa\u00f1ar directamente estos cambios. Su larga y amplia experiencia, su intr\u00ednseco estilo ingl\u00e9s y su profundo conocimiento de la realidad italiana, confieren a estas p\u00e1ginas un profundo respeto hacia la infancia.Algunas generaciones de maestros hemos aprendido con su lectura, y en su relectura siempre descubrimos algo nuevo, quiz\u00e1 por su estilo llano o por su coherencia -que se fundamenta en el hecho de que reflexiona sobre una realidad tan cercana a la nuestra-, y tambi\u00e9n porque se trata de una teor\u00eda construida a partir de la cotidianeidad a la que envuelve y llena el significado.<\/p>\n","protected":false},"featured_media":40767,"comment_status":"open","ping_status":"closed","template":"","meta":{"_et_pb_use_builder":"","_et_pb_old_content":"","_et_gb_content_width":""},"product_cat":[2606,6674,6675,7184],"product_tag":[2608],"edicion":[1085,1083],"editoriales":[1160,1163],"tienda":[],"autor_id":[5598],"universidades_coeditoras":[],"palabras_clave":[],"listado_alfabetico":[],"acf":[],"_links":{"self":[{"href":"https:\/\/wizardly-davinci.82-223-8-23.plesk.page\/en\/wp-json\/wp\/v2\/product\/17368"}],"collection":[{"href":"https:\/\/wizardly-davinci.82-223-8-23.plesk.page\/en\/wp-json\/wp\/v2\/product"}],"about":[{"href":"https:\/\/wizardly-davinci.82-223-8-23.plesk.page\/en\/wp-json\/wp\/v2\/types\/product"}],"replies":[{"embeddable":true,"href":"https:\/\/wizardly-davinci.82-223-8-23.plesk.page\/en\/wp-json\/wp\/v2\/comments?post=17368"}],"wp:featuredmedia":[{"embeddable":true,"href":"https:\/\/wizardly-davinci.82-223-8-23.plesk.page\/en\/wp-json\/wp\/v2\/media\/40767"}],"wp:attachment":[{"href":"https:\/\/wizardly-davinci.82-223-8-23.plesk.page\/en\/wp-json\/wp\/v2\/media?parent=17368"}],"wp:term":[{"taxonomy":"product_cat","embeddable":true,"href":"https:\/\/wizardly-davinci.82-223-8-23.plesk.page\/en\/wp-json\/wp\/v2\/product_cat?post=17368"},{"taxonomy":"product_tag","embeddable":true,"href":"https:\/\/wizardly-davinci.82-223-8-23.plesk.page\/en\/wp-json\/wp\/v2\/product_tag?post=17368"},{"taxonomy":"edicion","embeddable":true,"href":"https:\/\/wizardly-davinci.82-223-8-23.plesk.page\/en\/wp-json\/wp\/v2\/edicion?post=17368"},{"taxonomy":"editoriales","embeddable":true,"href":"https:\/\/wizardly-davinci.82-223-8-23.plesk.page\/en\/wp-json\/wp\/v2\/editoriales?post=17368"},{"taxonomy":"tienda","embeddable":true,"href":"https:\/\/wizardly-davinci.82-223-8-23.plesk.page\/en\/wp-json\/wp\/v2\/tienda?post=17368"},{"taxonomy":"autor_id","embeddable":true,"href":"https:\/\/wizardly-davinci.82-223-8-23.plesk.page\/en\/wp-json\/wp\/v2\/autor_id?post=17368"},{"taxonomy":"universidades_coeditoras","embeddable":true,"href":"https:\/\/wizardly-davinci.82-223-8-23.plesk.page\/en\/wp-json\/wp\/v2\/universidades_coeditoras?post=17368"},{"taxonomy":"palabras_clave","embeddable":true,"href":"https:\/\/wizardly-davinci.82-223-8-23.plesk.page\/en\/wp-json\/wp\/v2\/palabras_clave?post=17368"},{"taxonomy":"listado_alfabetico","embeddable":true,"href":"https:\/\/wizardly-davinci.82-223-8-23.plesk.page\/en\/wp-json\/wp\/v2\/listado_alfabetico?post=17368"}],"curies":[{"name":"wp","href":"https:\/\/api.w.org\/{rel}","templated":true}]}}