{"id":17371,"date":"2019-04-09T22:45:23","date_gmt":"2019-04-09T22:45:23","guid":{"rendered":"https:\/\/octaedro.com\/producto\/poesias-por-alegrias\/"},"modified":"2023-04-20T12:08:38","modified_gmt":"2023-04-20T10:08:38","slug":"poesias-por-alegrias","status":"publish","type":"product","link":"https:\/\/wizardly-davinci.82-223-8-23.plesk.page\/en\/producto\/poesias-por-alegrias\/","title":{"rendered":"Poes\u00edas por alegr\u00edas"},"content":{"rendered":"<p>En este libro se combinan dos pasiones: la pasi\u00f3n por la educaci\u00f3n y la pasi\u00f3n por la poes\u00eda. Una combinatoria que cautiva al lector que se deja llevar por su escritura seductora.Los siete cap\u00edtulos del libro son siete puertas abiertas al deseo de leer y escribir, al placer sensorial de una acci\u00f3n que permite seguir el proceder personal de cada peque\u00f1o, que tambi\u00e9n es poes\u00eda.El juego con la lengua, los sentimientos y la realidad devienen pistas para la actividad cotidiana de la escuela, en talleres o laboratorios en los cuales los ni\u00f1os y ni\u00f1as pueden experimentar y descubrir los fondos y las formas de la m\u00e1s refinada forma de expresi\u00f3n, la poes\u00eda, acompa\u00f1ada siempre de los que de esta forma de lenguaje han llegado a ser maestros, los poetas.<\/p>\n","protected":false},"excerpt":{"rendered":"<p>En este libro se combinan dos pasiones: la pasi\u00f3n por la educaci\u00f3n y la pasi\u00f3n por la poes\u00eda. Una combinatoria que cautiva al lector que se deja llevar por su escritura seductora.Los siete cap\u00edtulos del libro son siete puertas abiertas al deseo de leer y escribir, al placer sensorial de una acci\u00f3n que permite seguir el proceder personal de cada peque\u00f1o, que tambi\u00e9n es poes\u00eda.El juego con la lengua, los sentimientos y la realidad devienen pistas para la actividad cotidiana de la escuela, en talleres o laboratorios en los cuales los ni\u00f1os y ni\u00f1as pueden experimentar y descubrir los fondos y las formas de la m\u00e1s refinada forma de expresi\u00f3n, la poes\u00eda, acompa\u00f1ada siempre de los que de esta forma de lenguaje han llegado a ser maestros, los poetas.<\/p>\n","protected":false},"featured_media":21945,"comment_status":"open","ping_status":"closed","template":"","meta":{"_et_pb_use_builder":"","_et_pb_old_content":"","_et_gb_content_width":""},"product_cat":[1512,6675,7184],"product_tag":[2602],"edicion":[],"editoriales":[1160,1163],"tienda":[],"autor_id":[5400],"universidades_coeditoras":[],"palabras_clave":[],"listado_alfabetico":[],"acf":[],"_links":{"self":[{"href":"https:\/\/wizardly-davinci.82-223-8-23.plesk.page\/en\/wp-json\/wp\/v2\/product\/17371"}],"collection":[{"href":"https:\/\/wizardly-davinci.82-223-8-23.plesk.page\/en\/wp-json\/wp\/v2\/product"}],"about":[{"href":"https:\/\/wizardly-davinci.82-223-8-23.plesk.page\/en\/wp-json\/wp\/v2\/types\/product"}],"replies":[{"embeddable":true,"href":"https:\/\/wizardly-davinci.82-223-8-23.plesk.page\/en\/wp-json\/wp\/v2\/comments?post=17371"}],"wp:featuredmedia":[{"embeddable":true,"href":"https:\/\/wizardly-davinci.82-223-8-23.plesk.page\/en\/wp-json\/wp\/v2\/media\/21945"}],"wp:attachment":[{"href":"https:\/\/wizardly-davinci.82-223-8-23.plesk.page\/en\/wp-json\/wp\/v2\/media?parent=17371"}],"wp:term":[{"taxonomy":"product_cat","embeddable":true,"href":"https:\/\/wizardly-davinci.82-223-8-23.plesk.page\/en\/wp-json\/wp\/v2\/product_cat?post=17371"},{"taxonomy":"product_tag","embeddable":true,"href":"https:\/\/wizardly-davinci.82-223-8-23.plesk.page\/en\/wp-json\/wp\/v2\/product_tag?post=17371"},{"taxonomy":"edicion","embeddable":true,"href":"https:\/\/wizardly-davinci.82-223-8-23.plesk.page\/en\/wp-json\/wp\/v2\/edicion?post=17371"},{"taxonomy":"editoriales","embeddable":true,"href":"https:\/\/wizardly-davinci.82-223-8-23.plesk.page\/en\/wp-json\/wp\/v2\/editoriales?post=17371"},{"taxonomy":"tienda","embeddable":true,"href":"https:\/\/wizardly-davinci.82-223-8-23.plesk.page\/en\/wp-json\/wp\/v2\/tienda?post=17371"},{"taxonomy":"autor_id","embeddable":true,"href":"https:\/\/wizardly-davinci.82-223-8-23.plesk.page\/en\/wp-json\/wp\/v2\/autor_id?post=17371"},{"taxonomy":"universidades_coeditoras","embeddable":true,"href":"https:\/\/wizardly-davinci.82-223-8-23.plesk.page\/en\/wp-json\/wp\/v2\/universidades_coeditoras?post=17371"},{"taxonomy":"palabras_clave","embeddable":true,"href":"https:\/\/wizardly-davinci.82-223-8-23.plesk.page\/en\/wp-json\/wp\/v2\/palabras_clave?post=17371"},{"taxonomy":"listado_alfabetico","embeddable":true,"href":"https:\/\/wizardly-davinci.82-223-8-23.plesk.page\/en\/wp-json\/wp\/v2\/listado_alfabetico?post=17371"}],"curies":[{"name":"wp","href":"https:\/\/api.w.org\/{rel}","templated":true}]}}