{"id":17372,"date":"2019-04-09T22:45:25","date_gmt":"2019-04-09T22:45:25","guid":{"rendered":"https:\/\/octaedro.com\/producto\/cuentos-de-siempre-para-ninas-y-ninos-de-hoy\/"},"modified":"2023-04-20T12:08:45","modified_gmt":"2023-04-20T10:08:45","slug":"cuentos-de-siempre-para-ninas-y-ninos-de-hoy","status":"publish","type":"product","link":"https:\/\/wizardly-davinci.82-223-8-23.plesk.page\/en\/producto\/cuentos-de-siempre-para-ninas-y-ninos-de-hoy\/","title":{"rendered":"Cuentos de siempre para ni\u00f1as y ni\u00f1os de hoy"},"content":{"rendered":"<p>Quiz\u00e1 alguien podr\u00eda pensar que los ni\u00f1os y ni\u00f1as de hoy, tan llenos de est\u00edmulos audiovisuales, tan inmersos en el mundo televisivo, no est\u00e1n interesados por la tradici\u00f3n oral que atesoran los cuentos que con tanto esmero ha recopilado para ellos Roser Ros. Pero muchos conocemos la fascinaci\u00f3n que los ni\u00f1os sienten por los cuentos, por estos cuentos que han devenido patrimonio cultural de la humanidad. Este libro es una recopilaci\u00f3n de cuentos de todo el mundo, organizada en cuatro partes y precedida de una breve introducci\u00f3n de la autora.<\/p>\n","protected":false},"excerpt":{"rendered":"<p>Quiz\u00e1 alguien podr\u00eda pensar que los ni\u00f1os y ni\u00f1as de hoy, tan llenos de est\u00edmulos audiovisuales, tan inmersos en el mundo televisivo, no est\u00e1n interesados por la tradici\u00f3n oral que atesoran los cuentos que con tanto esmero ha recopilado para ellos Roser Ros. Pero muchos conocemos la fascinaci\u00f3n que los ni\u00f1os sienten por los cuentos, por estos cuentos que han devenido patrimonio cultural de la humanidad. Este libro es una recopilaci\u00f3n de cuentos de todo el mundo, organizada en cuatro partes y precedida de una breve introducci\u00f3n de la autora.<\/p>\n","protected":false},"featured_media":21946,"comment_status":"open","ping_status":"closed","template":"","meta":{"_et_pb_use_builder":"","_et_pb_old_content":"","_et_gb_content_width":""},"product_cat":[1512,6675,7184],"product_tag":[2602],"edicion":[],"editoriales":[1160,1163],"tienda":[],"autor_id":[6299],"universidades_coeditoras":[],"palabras_clave":[],"listado_alfabetico":[],"acf":[],"_links":{"self":[{"href":"https:\/\/wizardly-davinci.82-223-8-23.plesk.page\/en\/wp-json\/wp\/v2\/product\/17372"}],"collection":[{"href":"https:\/\/wizardly-davinci.82-223-8-23.plesk.page\/en\/wp-json\/wp\/v2\/product"}],"about":[{"href":"https:\/\/wizardly-davinci.82-223-8-23.plesk.page\/en\/wp-json\/wp\/v2\/types\/product"}],"replies":[{"embeddable":true,"href":"https:\/\/wizardly-davinci.82-223-8-23.plesk.page\/en\/wp-json\/wp\/v2\/comments?post=17372"}],"wp:featuredmedia":[{"embeddable":true,"href":"https:\/\/wizardly-davinci.82-223-8-23.plesk.page\/en\/wp-json\/wp\/v2\/media\/21946"}],"wp:attachment":[{"href":"https:\/\/wizardly-davinci.82-223-8-23.plesk.page\/en\/wp-json\/wp\/v2\/media?parent=17372"}],"wp:term":[{"taxonomy":"product_cat","embeddable":true,"href":"https:\/\/wizardly-davinci.82-223-8-23.plesk.page\/en\/wp-json\/wp\/v2\/product_cat?post=17372"},{"taxonomy":"product_tag","embeddable":true,"href":"https:\/\/wizardly-davinci.82-223-8-23.plesk.page\/en\/wp-json\/wp\/v2\/product_tag?post=17372"},{"taxonomy":"edicion","embeddable":true,"href":"https:\/\/wizardly-davinci.82-223-8-23.plesk.page\/en\/wp-json\/wp\/v2\/edicion?post=17372"},{"taxonomy":"editoriales","embeddable":true,"href":"https:\/\/wizardly-davinci.82-223-8-23.plesk.page\/en\/wp-json\/wp\/v2\/editoriales?post=17372"},{"taxonomy":"tienda","embeddable":true,"href":"https:\/\/wizardly-davinci.82-223-8-23.plesk.page\/en\/wp-json\/wp\/v2\/tienda?post=17372"},{"taxonomy":"autor_id","embeddable":true,"href":"https:\/\/wizardly-davinci.82-223-8-23.plesk.page\/en\/wp-json\/wp\/v2\/autor_id?post=17372"},{"taxonomy":"universidades_coeditoras","embeddable":true,"href":"https:\/\/wizardly-davinci.82-223-8-23.plesk.page\/en\/wp-json\/wp\/v2\/universidades_coeditoras?post=17372"},{"taxonomy":"palabras_clave","embeddable":true,"href":"https:\/\/wizardly-davinci.82-223-8-23.plesk.page\/en\/wp-json\/wp\/v2\/palabras_clave?post=17372"},{"taxonomy":"listado_alfabetico","embeddable":true,"href":"https:\/\/wizardly-davinci.82-223-8-23.plesk.page\/en\/wp-json\/wp\/v2\/listado_alfabetico?post=17372"}],"curies":[{"name":"wp","href":"https:\/\/api.w.org\/{rel}","templated":true}]}}