{"id":17374,"date":"2019-04-09T22:45:28","date_gmt":"2019-04-09T22:45:28","guid":{"rendered":"https:\/\/octaedro.com\/producto\/el-maestro-y-los-derechos-del-nino\/"},"modified":"2023-04-20T12:08:58","modified_gmt":"2023-04-20T10:08:58","slug":"el-maestro-y-los-derechos-del-nino","status":"publish","type":"product","link":"https:\/\/wizardly-davinci.82-223-8-23.plesk.page\/en\/producto\/el-maestro-y-los-derechos-del-nino\/","title":{"rendered":"El maestro y los derechos del ni\u00f1o"},"content":{"rendered":"<p>Si a una obra pedag\u00f3gica se le pudiera aplicar el dicho popular de \u201cEn el tarro peque\u00f1o est\u00e1 la buena confitura\u201d, no hay duda de que se ajustar\u00eda perfectamente a este libro de Philippe Meirieu. Un maestro que se ha convertido en maestro de maestros, con una rica experiencia pr\u00e1ctica y un profundo saber te\u00f3rico y que lucha para hacer realidad una pedagog\u00eda que rechaza la exclusi\u00f3n como fatalidad de la reproducci\u00f3n social.Una obra que aborda un viejo dilema sobre la educaci\u00f3n del ni\u00f1o y la manera de hacer de maestro, desde una perspectiva nueva, la que recoge la Convenci\u00f3n Internacional de los Derechos del Ni\u00f1o, como una invitaci\u00f3n a interrogarnos sobre la historia de un malentendido.<\/p>\n","protected":false},"excerpt":{"rendered":"<p>Si a una obra pedag\u00f3gica se le pudiera aplicar el dicho popular de \u201cEn el tarro peque\u00f1o est\u00e1 la buena confitura\u201d, no hay duda de que se ajustar\u00eda perfectamente a este libro de Philippe Meirieu. Un maestro que se ha convertido en maestro de maestros, con una rica experiencia pr\u00e1ctica y un profundo saber te\u00f3rico y que lucha para hacer realidad una pedagog\u00eda que rechaza la exclusi\u00f3n como fatalidad de la reproducci\u00f3n social.Una obra que aborda un viejo dilema sobre la educaci\u00f3n del ni\u00f1o y la manera de hacer de maestro, desde una perspectiva nueva, la que recoge la Convenci\u00f3n Internacional de los Derechos del Ni\u00f1o, como una invitaci\u00f3n a interrogarnos sobre la historia de un malentendido.<\/p>\n","protected":false},"featured_media":21954,"comment_status":"open","ping_status":"closed","template":"","meta":{"_et_pb_use_builder":"","_et_pb_old_content":"","_et_gb_content_width":""},"product_cat":[1512,6675,7184],"product_tag":[2602],"edicion":[],"editoriales":[1160,1163],"tienda":[],"autor_id":[5961],"universidades_coeditoras":[],"palabras_clave":[],"listado_alfabetico":[],"acf":[],"_links":{"self":[{"href":"https:\/\/wizardly-davinci.82-223-8-23.plesk.page\/en\/wp-json\/wp\/v2\/product\/17374"}],"collection":[{"href":"https:\/\/wizardly-davinci.82-223-8-23.plesk.page\/en\/wp-json\/wp\/v2\/product"}],"about":[{"href":"https:\/\/wizardly-davinci.82-223-8-23.plesk.page\/en\/wp-json\/wp\/v2\/types\/product"}],"replies":[{"embeddable":true,"href":"https:\/\/wizardly-davinci.82-223-8-23.plesk.page\/en\/wp-json\/wp\/v2\/comments?post=17374"}],"wp:featuredmedia":[{"embeddable":true,"href":"https:\/\/wizardly-davinci.82-223-8-23.plesk.page\/en\/wp-json\/wp\/v2\/media\/21954"}],"wp:attachment":[{"href":"https:\/\/wizardly-davinci.82-223-8-23.plesk.page\/en\/wp-json\/wp\/v2\/media?parent=17374"}],"wp:term":[{"taxonomy":"product_cat","embeddable":true,"href":"https:\/\/wizardly-davinci.82-223-8-23.plesk.page\/en\/wp-json\/wp\/v2\/product_cat?post=17374"},{"taxonomy":"product_tag","embeddable":true,"href":"https:\/\/wizardly-davinci.82-223-8-23.plesk.page\/en\/wp-json\/wp\/v2\/product_tag?post=17374"},{"taxonomy":"edicion","embeddable":true,"href":"https:\/\/wizardly-davinci.82-223-8-23.plesk.page\/en\/wp-json\/wp\/v2\/edicion?post=17374"},{"taxonomy":"editoriales","embeddable":true,"href":"https:\/\/wizardly-davinci.82-223-8-23.plesk.page\/en\/wp-json\/wp\/v2\/editoriales?post=17374"},{"taxonomy":"tienda","embeddable":true,"href":"https:\/\/wizardly-davinci.82-223-8-23.plesk.page\/en\/wp-json\/wp\/v2\/tienda?post=17374"},{"taxonomy":"autor_id","embeddable":true,"href":"https:\/\/wizardly-davinci.82-223-8-23.plesk.page\/en\/wp-json\/wp\/v2\/autor_id?post=17374"},{"taxonomy":"universidades_coeditoras","embeddable":true,"href":"https:\/\/wizardly-davinci.82-223-8-23.plesk.page\/en\/wp-json\/wp\/v2\/universidades_coeditoras?post=17374"},{"taxonomy":"palabras_clave","embeddable":true,"href":"https:\/\/wizardly-davinci.82-223-8-23.plesk.page\/en\/wp-json\/wp\/v2\/palabras_clave?post=17374"},{"taxonomy":"listado_alfabetico","embeddable":true,"href":"https:\/\/wizardly-davinci.82-223-8-23.plesk.page\/en\/wp-json\/wp\/v2\/listado_alfabetico?post=17374"}],"curies":[{"name":"wp","href":"https:\/\/api.w.org\/{rel}","templated":true}]}}