{"id":17375,"date":"2019-04-09T22:45:30","date_gmt":"2019-04-09T22:45:30","guid":{"rendered":"https:\/\/octaedro.com\/producto\/el-juego-del-arte\/"},"modified":"2023-04-20T12:14:37","modified_gmt":"2023-04-20T10:14:37","slug":"el-juego-del-arte","status":"publish","type":"product","link":"https:\/\/wizardly-davinci.82-223-8-23.plesk.page\/en\/producto\/el-juego-del-arte\/","title":{"rendered":"El juego del arte"},"content":{"rendered":"<p>En este libro, Soledad Carl\u00e9 aborda con maestr\u00eda tres elementos b\u00e1sicos sobre el arte de la pedagog\u00eda y la pedagog\u00eda del arte. Una reflexi\u00f3n sobre la experiencia de trabajo con los ni\u00f1os y las ni\u00f1as, en la cual se hace evidente este \u00abpensar con las manos\u00bb, esa actividad compleja, en tantas ocasiones y en tantos contextos poco valorada en educaci\u00f3n. Cuando es un hacer para expresar, para propiciar que emanen los sentimientos, las sensaciones, las emociones&#8230; tantas veces en estrecha relaci\u00f3n con las hip\u00f3tesis, los desaf\u00edos, las diversas formas de abordarlos, de entender y apropiarse del mundo, en una narraci\u00f3n del arte de su pedagog\u00eda. Una experiencia sobre la pedagog\u00eda del arte, el arte como juego que posibilita la creaci\u00f3n, la belleza, la imaginaci\u00f3n, la transgresi\u00f3n. Tambi\u00e9n el arte como cultura, o, mejor, como culturas de la humanidad, y, desde esta perspectiva, este libro muestra las m\u00faltiples t\u00e9cnicas posibles, para poder conocerlas y combinarlas, para poder expresarse de m\u00faltiples formas, para poder disfrutar del juego del arte.<\/p>\n","protected":false},"excerpt":{"rendered":"<p>En este libro, Soledad Carl\u00e9 aborda con maestr\u00eda tres elementos b\u00e1sicos sobre el arte de la pedagog\u00eda y la pedagog\u00eda del arte. Una reflexi\u00f3n sobre la experiencia de trabajo con los ni\u00f1os y las ni\u00f1as, en la cual se hace evidente este \u00abpensar con las manos\u00bb, esa actividad compleja, en tantas ocasiones y en tantos contextos poco valorada en educaci\u00f3n. Cuando es un hacer para expresar, para propiciar que emanen los sentimientos, las sensaciones, las emociones&#8230; tantas veces en estrecha relaci\u00f3n con las hip\u00f3tesis, los desaf\u00edos, las diversas formas de abordarlos, de entender y apropiarse del mundo, en una narraci\u00f3n del arte de su pedagog\u00eda. Una experiencia sobre la pedagog\u00eda del arte, el arte como juego que posibilita la creaci\u00f3n, la belleza, la imaginaci\u00f3n, la transgresi\u00f3n. Tambi\u00e9n el arte como cultura, o, mejor, como culturas de la humanidad, y, desde esta perspectiva, este libro muestra las m\u00faltiples t\u00e9cnicas posibles, para poder conocerlas y combinarlas, para poder expresarse de m\u00faltiples formas, para poder disfrutar del juego del arte.<\/p>\n","protected":false},"featured_media":40771,"comment_status":"open","ping_status":"closed","template":"","meta":{"_et_pb_use_builder":"","_et_pb_old_content":"","_et_gb_content_width":""},"product_cat":[1512,6675,7184],"product_tag":[2602],"edicion":[1083],"editoriales":[1160,1163],"tienda":[],"autor_id":[5250],"universidades_coeditoras":[],"palabras_clave":[],"listado_alfabetico":[],"acf":[],"_links":{"self":[{"href":"https:\/\/wizardly-davinci.82-223-8-23.plesk.page\/en\/wp-json\/wp\/v2\/product\/17375"}],"collection":[{"href":"https:\/\/wizardly-davinci.82-223-8-23.plesk.page\/en\/wp-json\/wp\/v2\/product"}],"about":[{"href":"https:\/\/wizardly-davinci.82-223-8-23.plesk.page\/en\/wp-json\/wp\/v2\/types\/product"}],"replies":[{"embeddable":true,"href":"https:\/\/wizardly-davinci.82-223-8-23.plesk.page\/en\/wp-json\/wp\/v2\/comments?post=17375"}],"wp:featuredmedia":[{"embeddable":true,"href":"https:\/\/wizardly-davinci.82-223-8-23.plesk.page\/en\/wp-json\/wp\/v2\/media\/40771"}],"wp:attachment":[{"href":"https:\/\/wizardly-davinci.82-223-8-23.plesk.page\/en\/wp-json\/wp\/v2\/media?parent=17375"}],"wp:term":[{"taxonomy":"product_cat","embeddable":true,"href":"https:\/\/wizardly-davinci.82-223-8-23.plesk.page\/en\/wp-json\/wp\/v2\/product_cat?post=17375"},{"taxonomy":"product_tag","embeddable":true,"href":"https:\/\/wizardly-davinci.82-223-8-23.plesk.page\/en\/wp-json\/wp\/v2\/product_tag?post=17375"},{"taxonomy":"edicion","embeddable":true,"href":"https:\/\/wizardly-davinci.82-223-8-23.plesk.page\/en\/wp-json\/wp\/v2\/edicion?post=17375"},{"taxonomy":"editoriales","embeddable":true,"href":"https:\/\/wizardly-davinci.82-223-8-23.plesk.page\/en\/wp-json\/wp\/v2\/editoriales?post=17375"},{"taxonomy":"tienda","embeddable":true,"href":"https:\/\/wizardly-davinci.82-223-8-23.plesk.page\/en\/wp-json\/wp\/v2\/tienda?post=17375"},{"taxonomy":"autor_id","embeddable":true,"href":"https:\/\/wizardly-davinci.82-223-8-23.plesk.page\/en\/wp-json\/wp\/v2\/autor_id?post=17375"},{"taxonomy":"universidades_coeditoras","embeddable":true,"href":"https:\/\/wizardly-davinci.82-223-8-23.plesk.page\/en\/wp-json\/wp\/v2\/universidades_coeditoras?post=17375"},{"taxonomy":"palabras_clave","embeddable":true,"href":"https:\/\/wizardly-davinci.82-223-8-23.plesk.page\/en\/wp-json\/wp\/v2\/palabras_clave?post=17375"},{"taxonomy":"listado_alfabetico","embeddable":true,"href":"https:\/\/wizardly-davinci.82-223-8-23.plesk.page\/en\/wp-json\/wp\/v2\/listado_alfabetico?post=17375"}],"curies":[{"name":"wp","href":"https:\/\/api.w.org\/{rel}","templated":true}]}}