{"id":17376,"date":"2019-04-09T22:45:32","date_gmt":"2019-04-09T22:45:32","guid":{"rendered":"https:\/\/octaedro.com\/producto\/emociones\/"},"modified":"2023-04-20T12:14:44","modified_gmt":"2023-04-20T10:14:44","slug":"emociones","status":"publish","type":"product","link":"https:\/\/wizardly-davinci.82-223-8-23.plesk.page\/en\/producto\/emociones\/","title":{"rendered":"Emociones"},"content":{"rendered":"<p>Se podr\u00eda decir que las emociones, tema de este libro, est\u00e1n de moda en el mundo de la educaci\u00f3n. Quiz\u00e1 por este motivo resulta doblemente interesante el trabajo que han hecho las autoras, herederas de una vieja tradici\u00f3n hoy poco de moda: la de hacer escuela, con estilo propio, pero haciendo evidente un estilo com\u00fan. Con su trabajo sobre las emociones hacen evidente la vida de la escuela infantil din\u00e1mica, creativa y sin prejuicios, que cada d\u00eda descubre c\u00f3mo van construyendo los ni\u00f1os sus conocimientos y sus emociones. Resulta emocionante descubrir con ellas el pensamiento de los ni\u00f1os en relaci\u00f3n a temas que durante, quiz\u00e1 demasiado tiempo, se ha considerado que no eran propios de estas primeras edades. M\u00e1s all\u00e1 de las emociones, Elisabet, M.\u00aa Carmen y Pitti hacen escuela, en el sentido m\u00e1s amplio y general, en sus escuelas: Nab\u00ed, Vella de P\u00f2rtol y Aire Libre. Y con este trabajo dialogado y dialogante muestran c\u00f3mo, desde la pr\u00e1ctica, es posible hacer escuela. Una idea de escuela sin fronteras, de escuela que, porque est\u00e1 plenamente enraizada en la propia realidad, puede superarla e ir m\u00e1s all\u00e1, una escuela que se puede ver en tantos lugares&#8230; y que ahora, con este libro, descubrimos en Vallvidrera, en Palma y Alicante.<\/p>\n","protected":false},"excerpt":{"rendered":"<p>Se podr\u00eda decir que las emociones, tema de este libro, est\u00e1n de moda en el mundo de la educaci\u00f3n. Quiz\u00e1 por este motivo resulta doblemente interesante el trabajo que han hecho las autoras, herederas de una vieja tradici\u00f3n hoy poco de moda: la de hacer escuela, con estilo propio, pero haciendo evidente un estilo com\u00fan. Con su trabajo sobre las emociones hacen evidente la vida de la escuela infantil din\u00e1mica, creativa y sin prejuicios, que cada d\u00eda descubre c\u00f3mo van construyendo los ni\u00f1os sus conocimientos y sus emociones. Resulta emocionante descubrir con ellas el pensamiento de los ni\u00f1os en relaci\u00f3n a temas que durante, quiz\u00e1 demasiado tiempo, se ha considerado que no eran propios de estas primeras edades. M\u00e1s all\u00e1 de las emociones, Elisabet, M.\u00aa Carmen y Pitti hacen escuela, en el sentido m\u00e1s amplio y general, en sus escuelas: Nab\u00ed, Vella de P\u00f2rtol y Aire Libre. Y con este trabajo dialogado y dialogante muestran c\u00f3mo, desde la pr\u00e1ctica, es posible hacer escuela. Una idea de escuela sin fronteras, de escuela que, porque est\u00e1 plenamente enraizada en la propia realidad, puede superarla e ir m\u00e1s all\u00e1, una escuela que se puede ver en tantos lugares&#8230; y que ahora, con este libro, descubrimos en Vallvidrera, en Palma y Alicante.<\/p>\n","protected":false},"featured_media":21956,"comment_status":"open","ping_status":"closed","template":"","meta":{"_et_pb_use_builder":"","_et_pb_old_content":"","_et_gb_content_width":""},"product_cat":[1512,6675,7184],"product_tag":[2602],"edicion":[1083],"editoriales":[1160,1163],"tienda":[],"autor_id":[4981,5400,5659],"universidades_coeditoras":[],"palabras_clave":[],"listado_alfabetico":[],"acf":[],"_links":{"self":[{"href":"https:\/\/wizardly-davinci.82-223-8-23.plesk.page\/en\/wp-json\/wp\/v2\/product\/17376"}],"collection":[{"href":"https:\/\/wizardly-davinci.82-223-8-23.plesk.page\/en\/wp-json\/wp\/v2\/product"}],"about":[{"href":"https:\/\/wizardly-davinci.82-223-8-23.plesk.page\/en\/wp-json\/wp\/v2\/types\/product"}],"replies":[{"embeddable":true,"href":"https:\/\/wizardly-davinci.82-223-8-23.plesk.page\/en\/wp-json\/wp\/v2\/comments?post=17376"}],"wp:featuredmedia":[{"embeddable":true,"href":"https:\/\/wizardly-davinci.82-223-8-23.plesk.page\/en\/wp-json\/wp\/v2\/media\/21956"}],"wp:attachment":[{"href":"https:\/\/wizardly-davinci.82-223-8-23.plesk.page\/en\/wp-json\/wp\/v2\/media?parent=17376"}],"wp:term":[{"taxonomy":"product_cat","embeddable":true,"href":"https:\/\/wizardly-davinci.82-223-8-23.plesk.page\/en\/wp-json\/wp\/v2\/product_cat?post=17376"},{"taxonomy":"product_tag","embeddable":true,"href":"https:\/\/wizardly-davinci.82-223-8-23.plesk.page\/en\/wp-json\/wp\/v2\/product_tag?post=17376"},{"taxonomy":"edicion","embeddable":true,"href":"https:\/\/wizardly-davinci.82-223-8-23.plesk.page\/en\/wp-json\/wp\/v2\/edicion?post=17376"},{"taxonomy":"editoriales","embeddable":true,"href":"https:\/\/wizardly-davinci.82-223-8-23.plesk.page\/en\/wp-json\/wp\/v2\/editoriales?post=17376"},{"taxonomy":"tienda","embeddable":true,"href":"https:\/\/wizardly-davinci.82-223-8-23.plesk.page\/en\/wp-json\/wp\/v2\/tienda?post=17376"},{"taxonomy":"autor_id","embeddable":true,"href":"https:\/\/wizardly-davinci.82-223-8-23.plesk.page\/en\/wp-json\/wp\/v2\/autor_id?post=17376"},{"taxonomy":"universidades_coeditoras","embeddable":true,"href":"https:\/\/wizardly-davinci.82-223-8-23.plesk.page\/en\/wp-json\/wp\/v2\/universidades_coeditoras?post=17376"},{"taxonomy":"palabras_clave","embeddable":true,"href":"https:\/\/wizardly-davinci.82-223-8-23.plesk.page\/en\/wp-json\/wp\/v2\/palabras_clave?post=17376"},{"taxonomy":"listado_alfabetico","embeddable":true,"href":"https:\/\/wizardly-davinci.82-223-8-23.plesk.page\/en\/wp-json\/wp\/v2\/listado_alfabetico?post=17376"}],"curies":[{"name":"wp","href":"https:\/\/api.w.org\/{rel}","templated":true}]}}