{"id":17377,"date":"2019-04-09T22:45:33","date_gmt":"2019-04-09T22:45:33","guid":{"rendered":"https:\/\/octaedro.com\/producto\/la-estetica-en-el-pensamiento-y-obra-pedagogica-de-loris-malaguzzi\/"},"modified":"2023-04-20T12:14:51","modified_gmt":"2023-04-20T10:14:51","slug":"la-estetica-en-el-pensamiento-y-obra-pedagogica-de-loris-malaguzzi","status":"publish","type":"product","link":"https:\/\/wizardly-davinci.82-223-8-23.plesk.page\/en\/producto\/la-estetica-en-el-pensamiento-y-obra-pedagogica-de-loris-malaguzzi\/","title":{"rendered":"La est\u00e9tica en el pensamiento y obra pedag\u00f3gica de Loris Malaguzzi"},"content":{"rendered":"<p>La est\u00e9tica en las escuelas infantiles de Reggio y en el pensamiento pedag\u00f3gico de Malaguzzi es, a la vez, el elemento m\u00e1s impactante de su pedagog\u00eda y su tal\u00f3n de Aquiles. Despu\u00e9s de visitar las escuelas infantiles de Reggio, puede que haya personas que piensen que, poniendo unas transparencias en las ventanas de una escuela, se est\u00e1 haciendo realidad la pedagog\u00eda de Reggio; otras que se sientan tan abrumadas por la belleza del ambiente de las escuelas infantiles de Reggio, que consideren su pedagog\u00eda inalcanzable en otro contexto; tambi\u00e9n es posible encontrar a qui\u00e9n piense que se hace una pedagog\u00eda puramente de imagen, de escaparate. El libro de Alfonso Hoyuelos es un elemento clave para deconstruir de manera rigurosa estas posibles lecturas sobre la realidad reggiana. El autor, en este volumen, desgrana el fondo y la significaci\u00f3n de la est\u00e9tica en el pensamiento pedag\u00f3gico de Malaguzzi y en la vida cotidiana de las escuelas infantiles.<\/p>\n","protected":false},"excerpt":{"rendered":"<p>La est\u00e9tica en las escuelas infantiles de Reggio y en el pensamiento pedag\u00f3gico de Malaguzzi es, a la vez, el elemento m\u00e1s impactante de su pedagog\u00eda y su tal\u00f3n de Aquiles. Despu\u00e9s de visitar las escuelas infantiles de Reggio, puede que haya personas que piensen que, poniendo unas transparencias en las ventanas de una escuela, se est\u00e1 haciendo realidad la pedagog\u00eda de Reggio; otras que se sientan tan abrumadas por la belleza del ambiente de las escuelas infantiles de Reggio, que consideren su pedagog\u00eda inalcanzable en otro contexto; tambi\u00e9n es posible encontrar a qui\u00e9n piense que se hace una pedagog\u00eda puramente de imagen, de escaparate. El libro de Alfonso Hoyuelos es un elemento clave para deconstruir de manera rigurosa estas posibles lecturas sobre la realidad reggiana. El autor, en este volumen, desgrana el fondo y la significaci\u00f3n de la est\u00e9tica en el pensamiento pedag\u00f3gico de Malaguzzi y en la vida cotidiana de las escuelas infantiles.<\/p>\n","protected":false},"featured_media":50060,"comment_status":"open","ping_status":"closed","template":"","meta":{"_et_pb_use_builder":"","_et_pb_old_content":"","_et_gb_content_width":""},"product_cat":[1512,6675,7184],"product_tag":[2602],"edicion":[1083],"editoriales":[1160,1163],"tienda":[],"autor_id":[5706],"universidades_coeditoras":[],"palabras_clave":[],"listado_alfabetico":[],"acf":[],"_links":{"self":[{"href":"https:\/\/wizardly-davinci.82-223-8-23.plesk.page\/en\/wp-json\/wp\/v2\/product\/17377"}],"collection":[{"href":"https:\/\/wizardly-davinci.82-223-8-23.plesk.page\/en\/wp-json\/wp\/v2\/product"}],"about":[{"href":"https:\/\/wizardly-davinci.82-223-8-23.plesk.page\/en\/wp-json\/wp\/v2\/types\/product"}],"replies":[{"embeddable":true,"href":"https:\/\/wizardly-davinci.82-223-8-23.plesk.page\/en\/wp-json\/wp\/v2\/comments?post=17377"}],"wp:featuredmedia":[{"embeddable":true,"href":"https:\/\/wizardly-davinci.82-223-8-23.plesk.page\/en\/wp-json\/wp\/v2\/media\/50060"}],"wp:attachment":[{"href":"https:\/\/wizardly-davinci.82-223-8-23.plesk.page\/en\/wp-json\/wp\/v2\/media?parent=17377"}],"wp:term":[{"taxonomy":"product_cat","embeddable":true,"href":"https:\/\/wizardly-davinci.82-223-8-23.plesk.page\/en\/wp-json\/wp\/v2\/product_cat?post=17377"},{"taxonomy":"product_tag","embeddable":true,"href":"https:\/\/wizardly-davinci.82-223-8-23.plesk.page\/en\/wp-json\/wp\/v2\/product_tag?post=17377"},{"taxonomy":"edicion","embeddable":true,"href":"https:\/\/wizardly-davinci.82-223-8-23.plesk.page\/en\/wp-json\/wp\/v2\/edicion?post=17377"},{"taxonomy":"editoriales","embeddable":true,"href":"https:\/\/wizardly-davinci.82-223-8-23.plesk.page\/en\/wp-json\/wp\/v2\/editoriales?post=17377"},{"taxonomy":"tienda","embeddable":true,"href":"https:\/\/wizardly-davinci.82-223-8-23.plesk.page\/en\/wp-json\/wp\/v2\/tienda?post=17377"},{"taxonomy":"autor_id","embeddable":true,"href":"https:\/\/wizardly-davinci.82-223-8-23.plesk.page\/en\/wp-json\/wp\/v2\/autor_id?post=17377"},{"taxonomy":"universidades_coeditoras","embeddable":true,"href":"https:\/\/wizardly-davinci.82-223-8-23.plesk.page\/en\/wp-json\/wp\/v2\/universidades_coeditoras?post=17377"},{"taxonomy":"palabras_clave","embeddable":true,"href":"https:\/\/wizardly-davinci.82-223-8-23.plesk.page\/en\/wp-json\/wp\/v2\/palabras_clave?post=17377"},{"taxonomy":"listado_alfabetico","embeddable":true,"href":"https:\/\/wizardly-davinci.82-223-8-23.plesk.page\/en\/wp-json\/wp\/v2\/listado_alfabetico?post=17377"}],"curies":[{"name":"wp","href":"https:\/\/api.w.org\/{rel}","templated":true}]}}