{"id":17378,"date":"2019-04-09T22:45:34","date_gmt":"2019-04-09T22:45:34","guid":{"rendered":"https:\/\/octaedro.com\/producto\/coleccionando-momentos\/"},"modified":"2023-04-20T12:14:57","modified_gmt":"2023-04-20T10:14:57","slug":"coleccionando-momentos","status":"publish","type":"product","link":"https:\/\/wizardly-davinci.82-223-8-23.plesk.page\/en\/producto\/coleccionando-momentos\/","title":{"rendered":"Coleccionando momentos"},"content":{"rendered":"<p>La profunda estima y respeto hacia los ni\u00f1os, hacia el trabajo de maestra, hacia la escuela, hacia los compa\u00f1eros, hacia las familias son el motor de la reflexi\u00f3n-acci\u00f3n recogida en este libro. De manera llana, nos acerca a temas de hoy y de siempre sobre c\u00f3mo aprender, c\u00f3mo relacionarnos y c\u00f3mo ense\u00f1ar a los ni\u00f1os y ni\u00f1as de parvulario. Y nos permite descubrir un estilo de maestra, una maestra que con su trabajo genera una din\u00e1mica constructiva y nos muestra una pedagog\u00eda real, cotidiana, capaz de generar entusiasmo. En los diferentes momentos recogidos en el libro, podemos identificar algunas constantes del pensamiento pedag\u00f3gico que gu\u00eda el trabajo de Mari Carmen D\u00edez: la escucha de los ni\u00f1os, el optimismo en la educaci\u00f3n, la apertura hacia los dem\u00e1s y la sensibilidad hacia la belleza, de manera especial la literaria. Son momentos que permiten descubrir en nuestra compa\u00f1era a una gran maestra.<\/p>\n","protected":false},"excerpt":{"rendered":"<p>La profunda estima y respeto hacia los ni\u00f1os, hacia el trabajo de maestra, hacia la escuela, hacia los compa\u00f1eros, hacia las familias son el motor de la reflexi\u00f3n-acci\u00f3n recogida en este libro. De manera llana, nos acerca a temas de hoy y de siempre sobre c\u00f3mo aprender, c\u00f3mo relacionarnos y c\u00f3mo ense\u00f1ar a los ni\u00f1os y ni\u00f1as de parvulario. Y nos permite descubrir un estilo de maestra, una maestra que con su trabajo genera una din\u00e1mica constructiva y nos muestra una pedagog\u00eda real, cotidiana, capaz de generar entusiasmo. En los diferentes momentos recogidos en el libro, podemos identificar algunas constantes del pensamiento pedag\u00f3gico que gu\u00eda el trabajo de Mari Carmen D\u00edez: la escucha de los ni\u00f1os, el optimismo en la educaci\u00f3n, la apertura hacia los dem\u00e1s y la sensibilidad hacia la belleza, de manera especial la literaria. Son momentos que permiten descubrir en nuestra compa\u00f1era a una gran maestra.<\/p>\n","protected":false},"featured_media":21958,"comment_status":"open","ping_status":"closed","template":"","meta":{"_et_pb_use_builder":"","_et_pb_old_content":"","_et_gb_content_width":""},"product_cat":[1512,6675,7184],"product_tag":[2602],"edicion":[],"editoriales":[1160,1163],"tienda":[],"autor_id":[5400],"universidades_coeditoras":[],"palabras_clave":[],"listado_alfabetico":[],"acf":[],"_links":{"self":[{"href":"https:\/\/wizardly-davinci.82-223-8-23.plesk.page\/en\/wp-json\/wp\/v2\/product\/17378"}],"collection":[{"href":"https:\/\/wizardly-davinci.82-223-8-23.plesk.page\/en\/wp-json\/wp\/v2\/product"}],"about":[{"href":"https:\/\/wizardly-davinci.82-223-8-23.plesk.page\/en\/wp-json\/wp\/v2\/types\/product"}],"replies":[{"embeddable":true,"href":"https:\/\/wizardly-davinci.82-223-8-23.plesk.page\/en\/wp-json\/wp\/v2\/comments?post=17378"}],"wp:featuredmedia":[{"embeddable":true,"href":"https:\/\/wizardly-davinci.82-223-8-23.plesk.page\/en\/wp-json\/wp\/v2\/media\/21958"}],"wp:attachment":[{"href":"https:\/\/wizardly-davinci.82-223-8-23.plesk.page\/en\/wp-json\/wp\/v2\/media?parent=17378"}],"wp:term":[{"taxonomy":"product_cat","embeddable":true,"href":"https:\/\/wizardly-davinci.82-223-8-23.plesk.page\/en\/wp-json\/wp\/v2\/product_cat?post=17378"},{"taxonomy":"product_tag","embeddable":true,"href":"https:\/\/wizardly-davinci.82-223-8-23.plesk.page\/en\/wp-json\/wp\/v2\/product_tag?post=17378"},{"taxonomy":"edicion","embeddable":true,"href":"https:\/\/wizardly-davinci.82-223-8-23.plesk.page\/en\/wp-json\/wp\/v2\/edicion?post=17378"},{"taxonomy":"editoriales","embeddable":true,"href":"https:\/\/wizardly-davinci.82-223-8-23.plesk.page\/en\/wp-json\/wp\/v2\/editoriales?post=17378"},{"taxonomy":"tienda","embeddable":true,"href":"https:\/\/wizardly-davinci.82-223-8-23.plesk.page\/en\/wp-json\/wp\/v2\/tienda?post=17378"},{"taxonomy":"autor_id","embeddable":true,"href":"https:\/\/wizardly-davinci.82-223-8-23.plesk.page\/en\/wp-json\/wp\/v2\/autor_id?post=17378"},{"taxonomy":"universidades_coeditoras","embeddable":true,"href":"https:\/\/wizardly-davinci.82-223-8-23.plesk.page\/en\/wp-json\/wp\/v2\/universidades_coeditoras?post=17378"},{"taxonomy":"palabras_clave","embeddable":true,"href":"https:\/\/wizardly-davinci.82-223-8-23.plesk.page\/en\/wp-json\/wp\/v2\/palabras_clave?post=17378"},{"taxonomy":"listado_alfabetico","embeddable":true,"href":"https:\/\/wizardly-davinci.82-223-8-23.plesk.page\/en\/wp-json\/wp\/v2\/listado_alfabetico?post=17378"}],"curies":[{"name":"wp","href":"https:\/\/api.w.org\/{rel}","templated":true}]}}