{"id":17379,"date":"2019-04-09T22:45:36","date_gmt":"2019-04-09T22:45:36","guid":{"rendered":"https:\/\/octaedro.com\/producto\/el-jardin-de-los-secretos\/"},"modified":"2023-04-20T12:15:04","modified_gmt":"2023-04-20T10:15:04","slug":"el-jardin-de-los-secretos","status":"publish","type":"product","link":"https:\/\/wizardly-davinci.82-223-8-23.plesk.page\/en\/producto\/el-jardin-de-los-secretos\/","title":{"rendered":"El jard\u00edn de los secretos"},"content":{"rendered":"<p>Penny Ritscher, con su estilo provocador, desgrana las muchas posibilidades que el jard\u00edn ofrece a los ni\u00f1os para su desarrollo motriz, sensorial, emotivo, social, est\u00e9tico\u2026 Describe minuciosamente el jard\u00edn como un verdadero taller de inteligencia. De inteligencias.<br \/>\nEn <em>el jard\u00edn de los secretos<\/em>, la autora hace evidentes unos espacios y unos tiempos, fuera del control del adulto, que en ning\u00fan caso significan abandono, sino que son espacios y tiempo de respeto, de intimidad y de confianza en las posibilidades de los ni\u00f1os entre s\u00ed. Un jard\u00edn en el que el ni\u00f1o puede tener experiencias y guardar buenos recuerdos\u2026<br \/>\nDesdichadamente, en nuestra cultura pedag\u00f3gica hay maestros a quienes todav\u00eda les cuesta confiar en los ni\u00f1os y en las numerosas posibilidades de aprendizaje que le brinda un medio natural y rico como el del jard\u00edn de la escuela.<br \/>\nEste libro de la colecci\u00f3n Temas de Infancia se plantea, con sutileza, rigor y pasi\u00f3n, un gran reto pedag\u00f3gico en el que maestros competentes hacen que los ni\u00f1os, todos ellos competentes, sean los protagonistas. Unos ni\u00f1os que aprenden entre ellos, con una programaci\u00f3n del ambiente que les permite descubrir y comprender la biodiversidad desde el inicio de su vida. Un viejo reto que puede parecer nuevo.<\/p>\n","protected":false},"excerpt":{"rendered":"<p>Penny Ritscher, con su estilo provocador, desgrana las muchas posibilidades que el jard\u00edn ofrece a los ni\u00f1os para su desarrollo motriz, sensorial, emotivo, social, est\u00e9tico\u2026 Describe minuciosamente el jard\u00edn como un verdadero taller de inteligencia. De inteligencias.<br \/>\nEn <em>el jard\u00edn de los secretos<\/em>, la autora hace evidentes unos espacios y unos tiempos, fuera del control del adulto, que en ning\u00fan caso significan abandono, sino que son espacios y tiempo de respeto, de intimidad y de confianza en las posibilidades de los ni\u00f1os entre s\u00ed. Un jard\u00edn en el que el ni\u00f1o puede tener experiencias y guardar buenos recuerdos\u2026<br \/>\nDesdichadamente, en nuestra cultura pedag\u00f3gica hay maestros a quienes todav\u00eda les cuesta confiar en los ni\u00f1os y en las numerosas posibilidades de aprendizaje que le brinda un medio natural y rico como el del jard\u00edn de la escuela.<br \/>\nEste libro de la colecci\u00f3n Temas de Infancia se plantea, con sutileza, rigor y pasi\u00f3n, un gran reto pedag\u00f3gico en el que maestros competentes hacen que los ni\u00f1os, todos ellos competentes, sean los protagonistas. Unos ni\u00f1os que aprenden entre ellos, con una programaci\u00f3n del ambiente que les permite descubrir y comprender la biodiversidad desde el inicio de su vida. Un viejo reto que puede parecer nuevo.<\/p>\n","protected":false},"featured_media":40772,"comment_status":"open","ping_status":"closed","template":"","meta":{"_et_pb_use_builder":"","_et_pb_old_content":"","_et_gb_content_width":""},"product_cat":[1512,6675,7184],"product_tag":[2602],"edicion":[],"editoriales":[1160,1163],"tienda":[],"autor_id":[6246],"universidades_coeditoras":[],"palabras_clave":[],"listado_alfabetico":[],"acf":[],"_links":{"self":[{"href":"https:\/\/wizardly-davinci.82-223-8-23.plesk.page\/en\/wp-json\/wp\/v2\/product\/17379"}],"collection":[{"href":"https:\/\/wizardly-davinci.82-223-8-23.plesk.page\/en\/wp-json\/wp\/v2\/product"}],"about":[{"href":"https:\/\/wizardly-davinci.82-223-8-23.plesk.page\/en\/wp-json\/wp\/v2\/types\/product"}],"replies":[{"embeddable":true,"href":"https:\/\/wizardly-davinci.82-223-8-23.plesk.page\/en\/wp-json\/wp\/v2\/comments?post=17379"}],"wp:featuredmedia":[{"embeddable":true,"href":"https:\/\/wizardly-davinci.82-223-8-23.plesk.page\/en\/wp-json\/wp\/v2\/media\/40772"}],"wp:attachment":[{"href":"https:\/\/wizardly-davinci.82-223-8-23.plesk.page\/en\/wp-json\/wp\/v2\/media?parent=17379"}],"wp:term":[{"taxonomy":"product_cat","embeddable":true,"href":"https:\/\/wizardly-davinci.82-223-8-23.plesk.page\/en\/wp-json\/wp\/v2\/product_cat?post=17379"},{"taxonomy":"product_tag","embeddable":true,"href":"https:\/\/wizardly-davinci.82-223-8-23.plesk.page\/en\/wp-json\/wp\/v2\/product_tag?post=17379"},{"taxonomy":"edicion","embeddable":true,"href":"https:\/\/wizardly-davinci.82-223-8-23.plesk.page\/en\/wp-json\/wp\/v2\/edicion?post=17379"},{"taxonomy":"editoriales","embeddable":true,"href":"https:\/\/wizardly-davinci.82-223-8-23.plesk.page\/en\/wp-json\/wp\/v2\/editoriales?post=17379"},{"taxonomy":"tienda","embeddable":true,"href":"https:\/\/wizardly-davinci.82-223-8-23.plesk.page\/en\/wp-json\/wp\/v2\/tienda?post=17379"},{"taxonomy":"autor_id","embeddable":true,"href":"https:\/\/wizardly-davinci.82-223-8-23.plesk.page\/en\/wp-json\/wp\/v2\/autor_id?post=17379"},{"taxonomy":"universidades_coeditoras","embeddable":true,"href":"https:\/\/wizardly-davinci.82-223-8-23.plesk.page\/en\/wp-json\/wp\/v2\/universidades_coeditoras?post=17379"},{"taxonomy":"palabras_clave","embeddable":true,"href":"https:\/\/wizardly-davinci.82-223-8-23.plesk.page\/en\/wp-json\/wp\/v2\/palabras_clave?post=17379"},{"taxonomy":"listado_alfabetico","embeddable":true,"href":"https:\/\/wizardly-davinci.82-223-8-23.plesk.page\/en\/wp-json\/wp\/v2\/listado_alfabetico?post=17379"}],"curies":[{"name":"wp","href":"https:\/\/api.w.org\/{rel}","templated":true}]}}