{"id":17380,"date":"2019-04-09T22:45:37","date_gmt":"2019-04-09T22:45:37","guid":{"rendered":"https:\/\/octaedro.com\/producto\/veo-todo-el-mundo\/"},"modified":"2023-04-20T12:15:11","modified_gmt":"2023-04-20T10:15:11","slug":"veo-todo-el-mundo","status":"publish","type":"product","link":"https:\/\/wizardly-davinci.82-223-8-23.plesk.page\/en\/producto\/veo-todo-el-mundo\/","title":{"rendered":"\u00a1Veo todo el mundo!"},"content":{"rendered":"<p><em>\u00a1Veo todo el mundo! <\/em>es el grito de Ester cuando tiene la oportunidad de mirar m\u00e1s all\u00e1 de lo que es habitual, rutinario, normal, en la vida de la escuela. En cierta medida es lo que S\u00edlvia Mayoral invita a hacer con la descripci\u00f3n de su acci\u00f3n y reflexi\u00f3n pedag\u00f3gica sobre los proyectos de trabajo en educaci\u00f3n infantil de 3 a 6 a\u00f1os.<br \/>\nEste libro va m\u00e1s all\u00e1 de lo que podr\u00eda ser el an\u00e1lisis de una metodolog\u00eda o de una did\u00e1ctica de trabajo con los ni\u00f1os. Se muestra el propio proceso de aprendizaje de hacer de maestra, con las certezas e incertidumbres en la manera de relacionarse con los ni\u00f1os y las ni\u00f1as, con el descubrimiento de sus curiosidades, pensamientos y deseos.Un aprendizaje que no pone l\u00edmites a la imaginaci\u00f3n de los ni\u00f1os, que es capaz de identificar procesos imprevistos en la co-construcci\u00f3n de proyectos de trabajo y que involucra a las familias en todo aquello que los ni\u00f1os hacen y descubren, compartiendo y disfrutando de los progresos cognitivos, emocionales, intelectuales y sociales que se hacen en grupo e individualmente.<br \/>\nUn aprendizaje que contrasta teor\u00eda y pr\u00e1ctica, que cuestiona y se cuestiona, que sistematiza, que experimenta. Una maestra que sabe que el proceso de aprendizaje es constante, con cada ni\u00f1o, con cada grupo, con cada actividad, con cada cosa que pasa en la escuela o en el mundo.<br \/>\n<em>\u00a1Veo todo el mundo! <\/em>Crecer juntos haciendo proyectos es un libro que produce entusiasmo, es sencillo, pero no simple, un libro que nos aproxima, con frescura, imaginaci\u00f3n e inteligencia, a la complejidad de la realidad viva y din\u00e1mica de la escuela.<\/p>\n","protected":false},"excerpt":{"rendered":"<p><em>\u00a1Veo todo el mundo! <\/em>es el grito de Ester cuando tiene la oportunidad de mirar m\u00e1s all\u00e1 de lo que es habitual, rutinario, normal, en la vida de la escuela. En cierta medida es lo que S\u00edlvia Mayoral invita a hacer con la descripci\u00f3n de su acci\u00f3n y reflexi\u00f3n pedag\u00f3gica sobre los proyectos de trabajo en educaci\u00f3n infantil de 3 a 6 a\u00f1os.<br \/>\nEste libro va m\u00e1s all\u00e1 de lo que podr\u00eda ser el an\u00e1lisis de una metodolog\u00eda o de una did\u00e1ctica de trabajo con los ni\u00f1os. Se muestra el propio proceso de aprendizaje de hacer de maestra, con las certezas e incertidumbres en la manera de relacionarse con los ni\u00f1os y las ni\u00f1as, con el descubrimiento de sus curiosidades, pensamientos y deseos.Un aprendizaje que no pone l\u00edmites a la imaginaci\u00f3n de los ni\u00f1os, que es capaz de identificar procesos imprevistos en la co-construcci\u00f3n de proyectos de trabajo y que involucra a las familias en todo aquello que los ni\u00f1os hacen y descubren, compartiendo y disfrutando de los progresos cognitivos, emocionales, intelectuales y sociales que se hacen en grupo e individualmente.<br \/>\nUn aprendizaje que contrasta teor\u00eda y pr\u00e1ctica, que cuestiona y se cuestiona, que sistematiza, que experimenta. Una maestra que sabe que el proceso de aprendizaje es constante, con cada ni\u00f1o, con cada grupo, con cada actividad, con cada cosa que pasa en la escuela o en el mundo.<br \/>\n<em>\u00a1Veo todo el mundo! <\/em>Crecer juntos haciendo proyectos es un libro que produce entusiasmo, es sencillo, pero no simple, un libro que nos aproxima, con frescura, imaginaci\u00f3n e inteligencia, a la complejidad de la realidad viva y din\u00e1mica de la escuela.<\/p>\n","protected":false},"featured_media":20833,"comment_status":"open","ping_status":"closed","template":"","meta":{"_et_pb_use_builder":"","_et_pb_old_content":"","_et_gb_content_width":""},"product_cat":[1512,6675,7184],"product_tag":[2602],"edicion":[1083],"editoriales":[1160,1163],"tienda":[],"autor_id":[5879],"universidades_coeditoras":[],"palabras_clave":[],"listado_alfabetico":[],"acf":[],"_links":{"self":[{"href":"https:\/\/wizardly-davinci.82-223-8-23.plesk.page\/en\/wp-json\/wp\/v2\/product\/17380"}],"collection":[{"href":"https:\/\/wizardly-davinci.82-223-8-23.plesk.page\/en\/wp-json\/wp\/v2\/product"}],"about":[{"href":"https:\/\/wizardly-davinci.82-223-8-23.plesk.page\/en\/wp-json\/wp\/v2\/types\/product"}],"replies":[{"embeddable":true,"href":"https:\/\/wizardly-davinci.82-223-8-23.plesk.page\/en\/wp-json\/wp\/v2\/comments?post=17380"}],"wp:featuredmedia":[{"embeddable":true,"href":"https:\/\/wizardly-davinci.82-223-8-23.plesk.page\/en\/wp-json\/wp\/v2\/media\/20833"}],"wp:attachment":[{"href":"https:\/\/wizardly-davinci.82-223-8-23.plesk.page\/en\/wp-json\/wp\/v2\/media?parent=17380"}],"wp:term":[{"taxonomy":"product_cat","embeddable":true,"href":"https:\/\/wizardly-davinci.82-223-8-23.plesk.page\/en\/wp-json\/wp\/v2\/product_cat?post=17380"},{"taxonomy":"product_tag","embeddable":true,"href":"https:\/\/wizardly-davinci.82-223-8-23.plesk.page\/en\/wp-json\/wp\/v2\/product_tag?post=17380"},{"taxonomy":"edicion","embeddable":true,"href":"https:\/\/wizardly-davinci.82-223-8-23.plesk.page\/en\/wp-json\/wp\/v2\/edicion?post=17380"},{"taxonomy":"editoriales","embeddable":true,"href":"https:\/\/wizardly-davinci.82-223-8-23.plesk.page\/en\/wp-json\/wp\/v2\/editoriales?post=17380"},{"taxonomy":"tienda","embeddable":true,"href":"https:\/\/wizardly-davinci.82-223-8-23.plesk.page\/en\/wp-json\/wp\/v2\/tienda?post=17380"},{"taxonomy":"autor_id","embeddable":true,"href":"https:\/\/wizardly-davinci.82-223-8-23.plesk.page\/en\/wp-json\/wp\/v2\/autor_id?post=17380"},{"taxonomy":"universidades_coeditoras","embeddable":true,"href":"https:\/\/wizardly-davinci.82-223-8-23.plesk.page\/en\/wp-json\/wp\/v2\/universidades_coeditoras?post=17380"},{"taxonomy":"palabras_clave","embeddable":true,"href":"https:\/\/wizardly-davinci.82-223-8-23.plesk.page\/en\/wp-json\/wp\/v2\/palabras_clave?post=17380"},{"taxonomy":"listado_alfabetico","embeddable":true,"href":"https:\/\/wizardly-davinci.82-223-8-23.plesk.page\/en\/wp-json\/wp\/v2\/listado_alfabetico?post=17380"}],"curies":[{"name":"wp","href":"https:\/\/api.w.org\/{rel}","templated":true}]}}