{"id":17381,"date":"2019-04-09T22:45:39","date_gmt":"2019-04-09T22:45:39","guid":{"rendered":"https:\/\/octaedro.com\/producto\/viviendo-el-barrio\/"},"modified":"2023-04-20T12:15:18","modified_gmt":"2023-04-20T10:15:18","slug":"viviendo-el-barrio","status":"publish","type":"product","link":"https:\/\/wizardly-davinci.82-223-8-23.plesk.page\/en\/producto\/viviendo-el-barrio\/","title":{"rendered":"Viviendo el barrio"},"content":{"rendered":"<p>El libro que tienes en las manos es la historia de casi treinta a\u00f1os haciendo escuela, escuela infantil de cero a seis a\u00f1os. Esta escuela que siempre ha sido minoritaria y que, ahora m\u00e1s que nunca, est\u00e1 en proceso de extinci\u00f3n. La escuela que se ha construido y creado en la libertad y el di\u00e1logo, la escuela como laboratorio de pedagog\u00eda que ha tenido tiempo suficiente para dar respuesta a las muchas cuestiones que hoy siguen abiertas e incomprendidas sobre la educaci\u00f3n en estas primeras edades.Un proyecto de escuela de cero a seis a\u00f1os que narra el arraigo en su barrio, en el Albaic\u00edn granadino, en un proceso continuo de descubrir, analizar, redescubrir, dialogar, aprender juntos. Un trabajo artesano, el de tejer conocimientos y emociones, que genera fuertes v\u00ednculos de pertenencia, de respeto, de ciudadan\u00eda en los mayores y en los m\u00e1s peque\u00f1os. Un proyecto real que s\u00f3lo es posible si es compartido.<\/p>\n","protected":false},"excerpt":{"rendered":"<p>El libro que tienes en las manos es la historia de casi treinta a\u00f1os haciendo escuela, escuela infantil de cero a seis a\u00f1os. Esta escuela que siempre ha sido minoritaria y que, ahora m\u00e1s que nunca, est\u00e1 en proceso de extinci\u00f3n. La escuela que se ha construido y creado en la libertad y el di\u00e1logo, la escuela como laboratorio de pedagog\u00eda que ha tenido tiempo suficiente para dar respuesta a las muchas cuestiones que hoy siguen abiertas e incomprendidas sobre la educaci\u00f3n en estas primeras edades.Un proyecto de escuela de cero a seis a\u00f1os que narra el arraigo en su barrio, en el Albaic\u00edn granadino, en un proceso continuo de descubrir, analizar, redescubrir, dialogar, aprender juntos. Un trabajo artesano, el de tejer conocimientos y emociones, que genera fuertes v\u00ednculos de pertenencia, de respeto, de ciudadan\u00eda en los mayores y en los m\u00e1s peque\u00f1os. Un proyecto real que s\u00f3lo es posible si es compartido.<\/p>\n","protected":false},"featured_media":40756,"comment_status":"open","ping_status":"closed","template":"","meta":{"_et_pb_use_builder":"","_et_pb_old_content":"","_et_gb_content_width":""},"product_cat":[1512,6675,7184],"product_tag":[2602],"edicion":[1083],"editoriales":[1160,1163],"tienda":[],"autor_id":[4985,5286,5514,6182,6427,6548,6571],"universidades_coeditoras":[],"palabras_clave":[],"listado_alfabetico":[],"acf":[],"_links":{"self":[{"href":"https:\/\/wizardly-davinci.82-223-8-23.plesk.page\/en\/wp-json\/wp\/v2\/product\/17381"}],"collection":[{"href":"https:\/\/wizardly-davinci.82-223-8-23.plesk.page\/en\/wp-json\/wp\/v2\/product"}],"about":[{"href":"https:\/\/wizardly-davinci.82-223-8-23.plesk.page\/en\/wp-json\/wp\/v2\/types\/product"}],"replies":[{"embeddable":true,"href":"https:\/\/wizardly-davinci.82-223-8-23.plesk.page\/en\/wp-json\/wp\/v2\/comments?post=17381"}],"wp:featuredmedia":[{"embeddable":true,"href":"https:\/\/wizardly-davinci.82-223-8-23.plesk.page\/en\/wp-json\/wp\/v2\/media\/40756"}],"wp:attachment":[{"href":"https:\/\/wizardly-davinci.82-223-8-23.plesk.page\/en\/wp-json\/wp\/v2\/media?parent=17381"}],"wp:term":[{"taxonomy":"product_cat","embeddable":true,"href":"https:\/\/wizardly-davinci.82-223-8-23.plesk.page\/en\/wp-json\/wp\/v2\/product_cat?post=17381"},{"taxonomy":"product_tag","embeddable":true,"href":"https:\/\/wizardly-davinci.82-223-8-23.plesk.page\/en\/wp-json\/wp\/v2\/product_tag?post=17381"},{"taxonomy":"edicion","embeddable":true,"href":"https:\/\/wizardly-davinci.82-223-8-23.plesk.page\/en\/wp-json\/wp\/v2\/edicion?post=17381"},{"taxonomy":"editoriales","embeddable":true,"href":"https:\/\/wizardly-davinci.82-223-8-23.plesk.page\/en\/wp-json\/wp\/v2\/editoriales?post=17381"},{"taxonomy":"tienda","embeddable":true,"href":"https:\/\/wizardly-davinci.82-223-8-23.plesk.page\/en\/wp-json\/wp\/v2\/tienda?post=17381"},{"taxonomy":"autor_id","embeddable":true,"href":"https:\/\/wizardly-davinci.82-223-8-23.plesk.page\/en\/wp-json\/wp\/v2\/autor_id?post=17381"},{"taxonomy":"universidades_coeditoras","embeddable":true,"href":"https:\/\/wizardly-davinci.82-223-8-23.plesk.page\/en\/wp-json\/wp\/v2\/universidades_coeditoras?post=17381"},{"taxonomy":"palabras_clave","embeddable":true,"href":"https:\/\/wizardly-davinci.82-223-8-23.plesk.page\/en\/wp-json\/wp\/v2\/palabras_clave?post=17381"},{"taxonomy":"listado_alfabetico","embeddable":true,"href":"https:\/\/wizardly-davinci.82-223-8-23.plesk.page\/en\/wp-json\/wp\/v2\/listado_alfabetico?post=17381"}],"curies":[{"name":"wp","href":"https:\/\/api.w.org\/{rel}","templated":true}]}}