{"id":17384,"date":"2019-04-09T22:45:45","date_gmt":"2019-04-09T22:45:45","guid":{"rendered":"https:\/\/octaedro.com\/producto\/la-educacion-de-0-a-6-anos-hoy\/"},"modified":"2023-04-20T12:15:49","modified_gmt":"2023-04-20T10:15:49","slug":"la-educacion-de-0-a-6-anos-hoy","status":"publish","type":"product","link":"https:\/\/wizardly-davinci.82-223-8-23.plesk.page\/en\/producto\/la-educacion-de-0-a-6-anos-hoy\/","title":{"rendered":"La educaci\u00f3n de 0 a 6 a\u00f1os hoy"},"content":{"rendered":"<p>Este libro es el resultado del trabajo hecho, durantes nueve meses, por 236 maestras, autoras de las ideas y acciones que contiene este libro. Han trabajado intensamente, generosamente y alegremente en torno a cuatro temas: los tiempos, los espacios y materiales, las relaciones y las actividades.<\/p>\n<p>Cuatro temas que forman parte de la vida cotidiana de ni\u00f1os y ni\u00f1as, tanto si est\u00e1n en el periodo de 0 a 3 a\u00f1os como si est\u00e1n en el de 3 a 6 a\u00f1os. Son temas amplios, que pueden abordarse desde perspectivas m\u00faltiples; temas, tambi\u00e9n que pueden contribuir a generar confrontaci\u00f3n, debate, argumentaci\u00f3n; temas que quedan abiertos, que pueden y que se tienen que seguir trabajando y que contribuyen a plantear interrogantes y a acortar las distancias actuales entre la educaci\u00f3n de los ni\u00f1os de 0 a 3 a\u00f1os y de los de 3 a 6 a\u00f1os.<\/p>\n<p>Un elemento de fondo ha vertebrado el trabajo que recoge el libro: la confianza; la confianza en el presente de los ni\u00f1os y la confianza en el presente de los maestros, con la voluntad de garantizar a los peque\u00f1os el tiempo de crecer, los espacios y los materiales por descubrir, de facilitar las relaciones, de asegurar el respeto de sus actividades como motor del propio aprendizaje, de garantizar a los maestros la capacidad de dialogar, de discutir, de compartir, de comprometerse, de trabajar o de luchar a la vez, para el presente de los ni\u00f1os y las ni\u00f1as.<\/p>\n","protected":false},"excerpt":{"rendered":"<p>Este libro es el resultado del trabajo hecho, durantes nueve meses, por 236 maestras, autoras de las ideas y acciones que contiene este libro. Han trabajado intensamente, generosamente y alegremente en torno a cuatro temas: los tiempos, los espacios y materiales, las relaciones y las actividades.<\/p>\n<p>Cuatro temas que forman parte de la vida cotidiana de ni\u00f1os y ni\u00f1as, tanto si est\u00e1n en el periodo de 0 a 3 a\u00f1os como si est\u00e1n en el de 3 a 6 a\u00f1os. Son temas amplios, que pueden abordarse desde perspectivas m\u00faltiples; temas, tambi\u00e9n que pueden contribuir a generar confrontaci\u00f3n, debate, argumentaci\u00f3n; temas que quedan abiertos, que pueden y que se tienen que seguir trabajando y que contribuyen a plantear interrogantes y a acortar las distancias actuales entre la educaci\u00f3n de los ni\u00f1os de 0 a 3 a\u00f1os y de los de 3 a 6 a\u00f1os.<\/p>\n<p>Un elemento de fondo ha vertebrado el trabajo que recoge el libro: la confianza; la confianza en el presente de los ni\u00f1os y la confianza en el presente de los maestros, con la voluntad de garantizar a los peque\u00f1os el tiempo de crecer, los espacios y los materiales por descubrir, de facilitar las relaciones, de asegurar el respeto de sus actividades como motor del propio aprendizaje, de garantizar a los maestros la capacidad de dialogar, de discutir, de compartir, de comprometerse, de trabajar o de luchar a la vez, para el presente de los ni\u00f1os y las ni\u00f1as.<\/p>\n","protected":false},"featured_media":21959,"comment_status":"open","ping_status":"closed","template":"","meta":{"_et_pb_use_builder":"","_et_pb_old_content":"","_et_gb_content_width":""},"product_cat":[1512,6675,7184],"product_tag":[2602],"edicion":[1083],"editoriales":[1160,1163],"tienda":[],"autor_id":[4973],"universidades_coeditoras":[],"palabras_clave":[],"listado_alfabetico":[],"acf":[],"_links":{"self":[{"href":"https:\/\/wizardly-davinci.82-223-8-23.plesk.page\/en\/wp-json\/wp\/v2\/product\/17384"}],"collection":[{"href":"https:\/\/wizardly-davinci.82-223-8-23.plesk.page\/en\/wp-json\/wp\/v2\/product"}],"about":[{"href":"https:\/\/wizardly-davinci.82-223-8-23.plesk.page\/en\/wp-json\/wp\/v2\/types\/product"}],"replies":[{"embeddable":true,"href":"https:\/\/wizardly-davinci.82-223-8-23.plesk.page\/en\/wp-json\/wp\/v2\/comments?post=17384"}],"wp:featuredmedia":[{"embeddable":true,"href":"https:\/\/wizardly-davinci.82-223-8-23.plesk.page\/en\/wp-json\/wp\/v2\/media\/21959"}],"wp:attachment":[{"href":"https:\/\/wizardly-davinci.82-223-8-23.plesk.page\/en\/wp-json\/wp\/v2\/media?parent=17384"}],"wp:term":[{"taxonomy":"product_cat","embeddable":true,"href":"https:\/\/wizardly-davinci.82-223-8-23.plesk.page\/en\/wp-json\/wp\/v2\/product_cat?post=17384"},{"taxonomy":"product_tag","embeddable":true,"href":"https:\/\/wizardly-davinci.82-223-8-23.plesk.page\/en\/wp-json\/wp\/v2\/product_tag?post=17384"},{"taxonomy":"edicion","embeddable":true,"href":"https:\/\/wizardly-davinci.82-223-8-23.plesk.page\/en\/wp-json\/wp\/v2\/edicion?post=17384"},{"taxonomy":"editoriales","embeddable":true,"href":"https:\/\/wizardly-davinci.82-223-8-23.plesk.page\/en\/wp-json\/wp\/v2\/editoriales?post=17384"},{"taxonomy":"tienda","embeddable":true,"href":"https:\/\/wizardly-davinci.82-223-8-23.plesk.page\/en\/wp-json\/wp\/v2\/tienda?post=17384"},{"taxonomy":"autor_id","embeddable":true,"href":"https:\/\/wizardly-davinci.82-223-8-23.plesk.page\/en\/wp-json\/wp\/v2\/autor_id?post=17384"},{"taxonomy":"universidades_coeditoras","embeddable":true,"href":"https:\/\/wizardly-davinci.82-223-8-23.plesk.page\/en\/wp-json\/wp\/v2\/universidades_coeditoras?post=17384"},{"taxonomy":"palabras_clave","embeddable":true,"href":"https:\/\/wizardly-davinci.82-223-8-23.plesk.page\/en\/wp-json\/wp\/v2\/palabras_clave?post=17384"},{"taxonomy":"listado_alfabetico","embeddable":true,"href":"https:\/\/wizardly-davinci.82-223-8-23.plesk.page\/en\/wp-json\/wp\/v2\/listado_alfabetico?post=17384"}],"curies":[{"name":"wp","href":"https:\/\/api.w.org\/{rel}","templated":true}]}}