{"id":17386,"date":"2019-04-09T22:45:48","date_gmt":"2019-04-09T22:45:48","guid":{"rendered":"https:\/\/octaedro.com\/producto\/como-escuchar-a-la-infancia\/"},"modified":"2023-04-20T12:16:05","modified_gmt":"2023-04-20T10:16:05","slug":"como-escuchar-a-la-infancia","status":"publish","type":"product","link":"https:\/\/wizardly-davinci.82-223-8-23.plesk.page\/en\/producto\/como-escuchar-a-la-infancia\/","title":{"rendered":"\u00bfC\u00f3mo escuchar a la infancia?"},"content":{"rendered":"<p>El autor de este libro, de una forma sencilla y familiar, y con una mirada y voz de maestro, pretende aproximarnos a dos aspectos b\u00e1sicos de la pedagog\u00eda reggiana: la escucha y la documentaci\u00f3n.<br \/>\nSe trata de dos aspectos que reclaman un profundo cambio de mentalidad, de mirada, de actitud. Reclaman una idea, una imagen, de un ni\u00f1o potente, capaz, y tambi\u00e9n un adulto capaz de establecer un di\u00e1logo con \u00e9l, un di\u00e1logo serio y culto, propio de un adulto con voluntad de aprender con los ni\u00f1os, en disposici\u00f3n de compartir dudas y descubrimientos con los dem\u00e1s adultos.<br \/>\nEl autor dio sus primeros pasos como maestro en las escuelas de Regio Emilia, por lo que pudo disfrutar de un punto de partida excepcional. Tal vez sea este el motivo que explica que, transcurridos unos a\u00f1os, con una cierta distancia y con la reflexi\u00f3n sobre las nuevas experiencias acumuladas, pueda explicar de un modo tan llano la complejidad que caracteriza la acci\u00f3n y el pensamiento de la pedagog\u00eda de Reggio.<br \/>\nEl contenido de este libro es maduro, humilde y profundo, equilibrado y preciso. Sus citas, alejadas de toda formalidad acad\u00e9mica, son un ejemplo m\u00e1s respeto que el autor, conocedor de lo que explica y de por qu\u00e9 y c\u00f3mo lo explica, siente hacia la teor\u00eda y la pr\u00e1ctica de las escuelas de Reggio.<br \/>\nY este conocimiento y esta pr\u00e1ctica son los que nos brinda, a modo de regalo, en estas p\u00e1ginas.<\/p>\n","protected":false},"excerpt":{"rendered":"<p>El autor de este libro, de una forma sencilla y familiar, y con una mirada y voz de maestro, pretende aproximarnos a dos aspectos b\u00e1sicos de la pedagog\u00eda reggiana: la escucha y la documentaci\u00f3n.<br \/>\nSe trata de dos aspectos que reclaman un profundo cambio de mentalidad, de mirada, de actitud. Reclaman una idea, una imagen, de un ni\u00f1o potente, capaz, y tambi\u00e9n un adulto capaz de establecer un di\u00e1logo con \u00e9l, un di\u00e1logo serio y culto, propio de un adulto con voluntad de aprender con los ni\u00f1os, en disposici\u00f3n de compartir dudas y descubrimientos con los dem\u00e1s adultos.<br \/>\nEl autor dio sus primeros pasos como maestro en las escuelas de Regio Emilia, por lo que pudo disfrutar de un punto de partida excepcional. Tal vez sea este el motivo que explica que, transcurridos unos a\u00f1os, con una cierta distancia y con la reflexi\u00f3n sobre las nuevas experiencias acumuladas, pueda explicar de un modo tan llano la complejidad que caracteriza la acci\u00f3n y el pensamiento de la pedagog\u00eda de Reggio.<br \/>\nEl contenido de este libro es maduro, humilde y profundo, equilibrado y preciso. Sus citas, alejadas de toda formalidad acad\u00e9mica, son un ejemplo m\u00e1s respeto que el autor, conocedor de lo que explica y de por qu\u00e9 y c\u00f3mo lo explica, siente hacia la teor\u00eda y la pr\u00e1ctica de las escuelas de Reggio.<br \/>\nY este conocimiento y esta pr\u00e1ctica son los que nos brinda, a modo de regalo, en estas p\u00e1ginas.<\/p>\n","protected":false},"featured_media":20835,"comment_status":"open","ping_status":"closed","template":"","meta":{"_et_pb_use_builder":"","_et_pb_old_content":"","_et_gb_content_width":""},"product_cat":[1512,6675,7184],"product_tag":[2602],"edicion":[1083],"editoriales":[1160,1163],"tienda":[],"autor_id":[5028],"universidades_coeditoras":[],"palabras_clave":[],"listado_alfabetico":[],"acf":[],"_links":{"self":[{"href":"https:\/\/wizardly-davinci.82-223-8-23.plesk.page\/en\/wp-json\/wp\/v2\/product\/17386"}],"collection":[{"href":"https:\/\/wizardly-davinci.82-223-8-23.plesk.page\/en\/wp-json\/wp\/v2\/product"}],"about":[{"href":"https:\/\/wizardly-davinci.82-223-8-23.plesk.page\/en\/wp-json\/wp\/v2\/types\/product"}],"replies":[{"embeddable":true,"href":"https:\/\/wizardly-davinci.82-223-8-23.plesk.page\/en\/wp-json\/wp\/v2\/comments?post=17386"}],"wp:featuredmedia":[{"embeddable":true,"href":"https:\/\/wizardly-davinci.82-223-8-23.plesk.page\/en\/wp-json\/wp\/v2\/media\/20835"}],"wp:attachment":[{"href":"https:\/\/wizardly-davinci.82-223-8-23.plesk.page\/en\/wp-json\/wp\/v2\/media?parent=17386"}],"wp:term":[{"taxonomy":"product_cat","embeddable":true,"href":"https:\/\/wizardly-davinci.82-223-8-23.plesk.page\/en\/wp-json\/wp\/v2\/product_cat?post=17386"},{"taxonomy":"product_tag","embeddable":true,"href":"https:\/\/wizardly-davinci.82-223-8-23.plesk.page\/en\/wp-json\/wp\/v2\/product_tag?post=17386"},{"taxonomy":"edicion","embeddable":true,"href":"https:\/\/wizardly-davinci.82-223-8-23.plesk.page\/en\/wp-json\/wp\/v2\/edicion?post=17386"},{"taxonomy":"editoriales","embeddable":true,"href":"https:\/\/wizardly-davinci.82-223-8-23.plesk.page\/en\/wp-json\/wp\/v2\/editoriales?post=17386"},{"taxonomy":"tienda","embeddable":true,"href":"https:\/\/wizardly-davinci.82-223-8-23.plesk.page\/en\/wp-json\/wp\/v2\/tienda?post=17386"},{"taxonomy":"autor_id","embeddable":true,"href":"https:\/\/wizardly-davinci.82-223-8-23.plesk.page\/en\/wp-json\/wp\/v2\/autor_id?post=17386"},{"taxonomy":"universidades_coeditoras","embeddable":true,"href":"https:\/\/wizardly-davinci.82-223-8-23.plesk.page\/en\/wp-json\/wp\/v2\/universidades_coeditoras?post=17386"},{"taxonomy":"palabras_clave","embeddable":true,"href":"https:\/\/wizardly-davinci.82-223-8-23.plesk.page\/en\/wp-json\/wp\/v2\/palabras_clave?post=17386"},{"taxonomy":"listado_alfabetico","embeddable":true,"href":"https:\/\/wizardly-davinci.82-223-8-23.plesk.page\/en\/wp-json\/wp\/v2\/listado_alfabetico?post=17386"}],"curies":[{"name":"wp","href":"https:\/\/api.w.org\/{rel}","templated":true}]}}