{"id":17387,"date":"2019-04-09T22:45:50","date_gmt":"2019-04-09T22:45:50","guid":{"rendered":"https:\/\/octaedro.com\/producto\/pedagogia-de-la-familia\/"},"modified":"2023-04-20T12:16:11","modified_gmt":"2023-04-20T10:16:11","slug":"pedagogia-de-la-familia","status":"publish","type":"product","link":"https:\/\/wizardly-davinci.82-223-8-23.plesk.page\/en\/producto\/pedagogia-de-la-familia\/","title":{"rendered":"Pedagog\u00eda de la familia"},"content":{"rendered":"<p>Aunque se habla con frecuencia sobre el papel de la familia y el significado educativo de la paternidad, existe una carencia de intervenciones pensadas para apoyar a los padres y las madres, tanto en el \u00e1mbito econ\u00f3mico como educativo. Este libro muestra la necesidad de ofrecer servicios donde los padres y las madres puedan tomar conciencia de su importancia como primeros educadores y se reconozcan competentes para gestionar de forma aut\u00f3noma la responsabilidad que supone tener hijos. Entre otras cuestiones, se reflexiona sobre los programas de preparaci\u00f3n al parto, el trabajo de los servicios sociales para la infancia y la importancia de la cooperaci\u00f3n entre los profesionales de la educaci\u00f3n y los padres y las madres de los peque\u00f1os.<br \/>\nEl texto resultar\u00e1 de inter\u00e9s no solo en la formaci\u00f3n de estudiantes universitarios, sino tambi\u00e9n para todos los que tienen que ver, desde el punto de vista profesional, con los problemas educativos asociados al universo de las familias (educadores, psic\u00f3logos, pedagogos&#8230;).<\/p>\n","protected":false},"excerpt":{"rendered":"<p>Aunque se habla con frecuencia sobre el papel de la familia y el significado educativo de la paternidad, existe una carencia de intervenciones pensadas para apoyar a los padres y las madres, tanto en el \u00e1mbito econ\u00f3mico como educativo. Este libro muestra la necesidad de ofrecer servicios donde los padres y las madres puedan tomar conciencia de su importancia como primeros educadores y se reconozcan competentes para gestionar de forma aut\u00f3noma la responsabilidad que supone tener hijos. Entre otras cuestiones, se reflexiona sobre los programas de preparaci\u00f3n al parto, el trabajo de los servicios sociales para la infancia y la importancia de la cooperaci\u00f3n entre los profesionales de la educaci\u00f3n y los padres y las madres de los peque\u00f1os.<br \/>\nEl texto resultar\u00e1 de inter\u00e9s no solo en la formaci\u00f3n de estudiantes universitarios, sino tambi\u00e9n para todos los que tienen que ver, desde el punto de vista profesional, con los problemas educativos asociados al universo de las familias (educadores, psic\u00f3logos, pedagogos&#8230;).<\/p>\n","protected":false},"featured_media":21962,"comment_status":"open","ping_status":"closed","template":"","meta":{"_et_pb_use_builder":"","_et_pb_old_content":"","_et_gb_content_width":""},"product_cat":[1512,6675,7184],"product_tag":[2602],"edicion":[],"editoriales":[1160,1163],"tienda":[],"autor_id":[5419],"universidades_coeditoras":[],"palabras_clave":[],"listado_alfabetico":[],"acf":[],"_links":{"self":[{"href":"https:\/\/wizardly-davinci.82-223-8-23.plesk.page\/en\/wp-json\/wp\/v2\/product\/17387"}],"collection":[{"href":"https:\/\/wizardly-davinci.82-223-8-23.plesk.page\/en\/wp-json\/wp\/v2\/product"}],"about":[{"href":"https:\/\/wizardly-davinci.82-223-8-23.plesk.page\/en\/wp-json\/wp\/v2\/types\/product"}],"replies":[{"embeddable":true,"href":"https:\/\/wizardly-davinci.82-223-8-23.plesk.page\/en\/wp-json\/wp\/v2\/comments?post=17387"}],"wp:featuredmedia":[{"embeddable":true,"href":"https:\/\/wizardly-davinci.82-223-8-23.plesk.page\/en\/wp-json\/wp\/v2\/media\/21962"}],"wp:attachment":[{"href":"https:\/\/wizardly-davinci.82-223-8-23.plesk.page\/en\/wp-json\/wp\/v2\/media?parent=17387"}],"wp:term":[{"taxonomy":"product_cat","embeddable":true,"href":"https:\/\/wizardly-davinci.82-223-8-23.plesk.page\/en\/wp-json\/wp\/v2\/product_cat?post=17387"},{"taxonomy":"product_tag","embeddable":true,"href":"https:\/\/wizardly-davinci.82-223-8-23.plesk.page\/en\/wp-json\/wp\/v2\/product_tag?post=17387"},{"taxonomy":"edicion","embeddable":true,"href":"https:\/\/wizardly-davinci.82-223-8-23.plesk.page\/en\/wp-json\/wp\/v2\/edicion?post=17387"},{"taxonomy":"editoriales","embeddable":true,"href":"https:\/\/wizardly-davinci.82-223-8-23.plesk.page\/en\/wp-json\/wp\/v2\/editoriales?post=17387"},{"taxonomy":"tienda","embeddable":true,"href":"https:\/\/wizardly-davinci.82-223-8-23.plesk.page\/en\/wp-json\/wp\/v2\/tienda?post=17387"},{"taxonomy":"autor_id","embeddable":true,"href":"https:\/\/wizardly-davinci.82-223-8-23.plesk.page\/en\/wp-json\/wp\/v2\/autor_id?post=17387"},{"taxonomy":"universidades_coeditoras","embeddable":true,"href":"https:\/\/wizardly-davinci.82-223-8-23.plesk.page\/en\/wp-json\/wp\/v2\/universidades_coeditoras?post=17387"},{"taxonomy":"palabras_clave","embeddable":true,"href":"https:\/\/wizardly-davinci.82-223-8-23.plesk.page\/en\/wp-json\/wp\/v2\/palabras_clave?post=17387"},{"taxonomy":"listado_alfabetico","embeddable":true,"href":"https:\/\/wizardly-davinci.82-223-8-23.plesk.page\/en\/wp-json\/wp\/v2\/listado_alfabetico?post=17387"}],"curies":[{"name":"wp","href":"https:\/\/api.w.org\/{rel}","templated":true}]}}