{"id":17392,"date":"2019-04-09T22:45:57","date_gmt":"2019-04-09T22:45:57","guid":{"rendered":"https:\/\/octaedro.com\/producto\/caminando-hacia-la-escuela-que-queremos\/"},"modified":"2023-04-20T12:16:57","modified_gmt":"2023-04-20T10:16:57","slug":"caminando-hacia-la-escuela-que-queremos","status":"publish","type":"product","link":"https:\/\/wizardly-davinci.82-223-8-23.plesk.page\/en\/producto\/caminando-hacia-la-escuela-que-queremos\/","title":{"rendered":"Caminando hacia la escuela que queremos"},"content":{"rendered":"<p>Crear escuela es un trabajo colectivo, un trabajo de equipo, un trabajo de di\u00e1logo. Para dialogar hay que escuchar, en sentido amplio, lo que se dice verbalmente y lo que cada gesto, cada mirada de un ni\u00f1o, compa\u00f1ero o familia nos plantea. Por lo tanto, el t\u00edtulo de este \u00abTemas de Infancia\u00bb, <span class=\"destacat\">Caminando hacia la escuela que queremos<\/span>, es descriptivo del contenido de fondo que plantea, porque este es un camino infinito, que no acaba nunca, precisamente porque una escuela abierta y dialogante es una realidad viva y cambiante. Por eso es tan apasionante el trabajo de maestro en una escuela que busca siempre la manera de avanzar, de hacer camino.<br \/>\nEn el libro se desgranan peque\u00f1as, o quiz\u00e1s grandes, realidades de la vida cotidiana en el parvulario, a trav\u00e9s de las cuales las autoras, de manera llana, aparentemente sencilla, muestran la extraordinaria curiosidad y capacidad de los ni\u00f1os, con la presencia de una maestra atenta a todo aquello que hacen y descubren, ya sea en grupo o individualmente.<br \/>\nConstruir la escuela que queremos es posible, como nos muestran las autoras del libro que ahora tienes en las manos. Para ello hay que estar dispuesto a compartir proyectos, dudas, ilusiones, intereses y saber que hay que darse tiempo.<\/p>\n","protected":false},"excerpt":{"rendered":"<p>Crear escuela es un trabajo colectivo, un trabajo de equipo, un trabajo de di\u00e1logo. Para dialogar hay que escuchar, en sentido amplio, lo que se dice verbalmente y lo que cada gesto, cada mirada de un ni\u00f1o, compa\u00f1ero o familia nos plantea. Por lo tanto, el t\u00edtulo de este \u00abTemas de Infancia\u00bb, <span class=\"destacat\">Caminando hacia la escuela que queremos<\/span>, es descriptivo del contenido de fondo que plantea, porque este es un camino infinito, que no acaba nunca, precisamente porque una escuela abierta y dialogante es una realidad viva y cambiante. Por eso es tan apasionante el trabajo de maestro en una escuela que busca siempre la manera de avanzar, de hacer camino.<br \/>\nEn el libro se desgranan peque\u00f1as, o quiz\u00e1s grandes, realidades de la vida cotidiana en el parvulario, a trav\u00e9s de las cuales las autoras, de manera llana, aparentemente sencilla, muestran la extraordinaria curiosidad y capacidad de los ni\u00f1os, con la presencia de una maestra atenta a todo aquello que hacen y descubren, ya sea en grupo o individualmente.<br \/>\nConstruir la escuela que queremos es posible, como nos muestran las autoras del libro que ahora tienes en las manos. Para ello hay que estar dispuesto a compartir proyectos, dudas, ilusiones, intereses y saber que hay que darse tiempo.<\/p>\n","protected":false},"featured_media":21969,"comment_status":"open","ping_status":"closed","template":"","meta":{"_et_pb_use_builder":"","_et_pb_old_content":"","_et_gb_content_width":""},"product_cat":[1512,6675,7184],"product_tag":[2602],"edicion":[],"editoriales":[1160,1163],"tienda":[],"autor_id":[5586,5644,6017],"universidades_coeditoras":[],"palabras_clave":[],"listado_alfabetico":[],"acf":[],"_links":{"self":[{"href":"https:\/\/wizardly-davinci.82-223-8-23.plesk.page\/en\/wp-json\/wp\/v2\/product\/17392"}],"collection":[{"href":"https:\/\/wizardly-davinci.82-223-8-23.plesk.page\/en\/wp-json\/wp\/v2\/product"}],"about":[{"href":"https:\/\/wizardly-davinci.82-223-8-23.plesk.page\/en\/wp-json\/wp\/v2\/types\/product"}],"replies":[{"embeddable":true,"href":"https:\/\/wizardly-davinci.82-223-8-23.plesk.page\/en\/wp-json\/wp\/v2\/comments?post=17392"}],"wp:featuredmedia":[{"embeddable":true,"href":"https:\/\/wizardly-davinci.82-223-8-23.plesk.page\/en\/wp-json\/wp\/v2\/media\/21969"}],"wp:attachment":[{"href":"https:\/\/wizardly-davinci.82-223-8-23.plesk.page\/en\/wp-json\/wp\/v2\/media?parent=17392"}],"wp:term":[{"taxonomy":"product_cat","embeddable":true,"href":"https:\/\/wizardly-davinci.82-223-8-23.plesk.page\/en\/wp-json\/wp\/v2\/product_cat?post=17392"},{"taxonomy":"product_tag","embeddable":true,"href":"https:\/\/wizardly-davinci.82-223-8-23.plesk.page\/en\/wp-json\/wp\/v2\/product_tag?post=17392"},{"taxonomy":"edicion","embeddable":true,"href":"https:\/\/wizardly-davinci.82-223-8-23.plesk.page\/en\/wp-json\/wp\/v2\/edicion?post=17392"},{"taxonomy":"editoriales","embeddable":true,"href":"https:\/\/wizardly-davinci.82-223-8-23.plesk.page\/en\/wp-json\/wp\/v2\/editoriales?post=17392"},{"taxonomy":"tienda","embeddable":true,"href":"https:\/\/wizardly-davinci.82-223-8-23.plesk.page\/en\/wp-json\/wp\/v2\/tienda?post=17392"},{"taxonomy":"autor_id","embeddable":true,"href":"https:\/\/wizardly-davinci.82-223-8-23.plesk.page\/en\/wp-json\/wp\/v2\/autor_id?post=17392"},{"taxonomy":"universidades_coeditoras","embeddable":true,"href":"https:\/\/wizardly-davinci.82-223-8-23.plesk.page\/en\/wp-json\/wp\/v2\/universidades_coeditoras?post=17392"},{"taxonomy":"palabras_clave","embeddable":true,"href":"https:\/\/wizardly-davinci.82-223-8-23.plesk.page\/en\/wp-json\/wp\/v2\/palabras_clave?post=17392"},{"taxonomy":"listado_alfabetico","embeddable":true,"href":"https:\/\/wizardly-davinci.82-223-8-23.plesk.page\/en\/wp-json\/wp\/v2\/listado_alfabetico?post=17392"}],"curies":[{"name":"wp","href":"https:\/\/api.w.org\/{rel}","templated":true}]}}