{"id":17393,"date":"2019-04-09T22:45:59","date_gmt":"2019-04-09T22:45:59","guid":{"rendered":"https:\/\/octaedro.com\/producto\/siguiendo-el-hilo\/"},"modified":"2023-04-20T12:17:04","modified_gmt":"2023-04-20T10:17:04","slug":"siguiendo-el-hilo","status":"publish","type":"product","link":"https:\/\/wizardly-davinci.82-223-8-23.plesk.page\/en\/producto\/siguiendo-el-hilo\/","title":{"rendered":"Siguiendo el hilo"},"content":{"rendered":"<p>Este libro se podr\u00eda titular <span class=\"destacat\">Siguiendo el hilo<\/span> de Ariadna, en referencia a la bella met\u00e1fora con la que Loris Malaguzzi describ\u00eda la sutileza de los procesos de aprendizaje que llevan a cabo los ni\u00f1os y las ni\u00f1as y que algunas veces las personas adultas son capaces de seguir.<br \/>\nEs, sencillamente, lo que ha hecho la autora. Seguir ese hilo de seda, casi imperceptible; un hilo que requiere mucha delicadeza para poder verlo, documentarlo y recogerlo.<br \/>\nAl leer este libro, nuestro trabajo parece f\u00e1cil, solo habr\u00eda que estar atentos, como quien dice, lo cual ya es mucho; pero a\u00fan es insuficiente, porque en todo lo que se describe hay espontaneidad por parte de los ni\u00f1os, pero en ning\u00fan caso por parte de la maestra. Todo puede resultar f\u00e1cil si existe un trabajo constante, riguroso y profundo antes, durante y despu\u00e9s de la actividad del grupo.<br \/>\nLa experiencia de seguir el hilo posee un elemento remarcable: el tiempo. Tres a\u00f1os de trabajo con un mismo grupo de ni\u00f1os y ni\u00f1as permite un largo itinerario de relaciones y construcci\u00f3n de conocimientos juntos, de di\u00e1logos y complicidades, de entendimiento y de progreso.<br \/>\nLa confianza en el grupo, en cada ni\u00f1o, hace visible la madurez de una maestra que, de forma sencilla, conduce al lector por el laberinto de los aprendizajes; solo hay que dejarse llevar.<\/p>\n","protected":false},"excerpt":{"rendered":"<p>Este libro se podr\u00eda titular <span class=\"destacat\">Siguiendo el hilo<\/span> de Ariadna, en referencia a la bella met\u00e1fora con la que Loris Malaguzzi describ\u00eda la sutileza de los procesos de aprendizaje que llevan a cabo los ni\u00f1os y las ni\u00f1as y que algunas veces las personas adultas son capaces de seguir.<br \/>\nEs, sencillamente, lo que ha hecho la autora. Seguir ese hilo de seda, casi imperceptible; un hilo que requiere mucha delicadeza para poder verlo, documentarlo y recogerlo.<br \/>\nAl leer este libro, nuestro trabajo parece f\u00e1cil, solo habr\u00eda que estar atentos, como quien dice, lo cual ya es mucho; pero a\u00fan es insuficiente, porque en todo lo que se describe hay espontaneidad por parte de los ni\u00f1os, pero en ning\u00fan caso por parte de la maestra. Todo puede resultar f\u00e1cil si existe un trabajo constante, riguroso y profundo antes, durante y despu\u00e9s de la actividad del grupo.<br \/>\nLa experiencia de seguir el hilo posee un elemento remarcable: el tiempo. Tres a\u00f1os de trabajo con un mismo grupo de ni\u00f1os y ni\u00f1as permite un largo itinerario de relaciones y construcci\u00f3n de conocimientos juntos, de di\u00e1logos y complicidades, de entendimiento y de progreso.<br \/>\nLa confianza en el grupo, en cada ni\u00f1o, hace visible la madurez de una maestra que, de forma sencilla, conduce al lector por el laberinto de los aprendizajes; solo hay que dejarse llevar.<\/p>\n","protected":false},"featured_media":21977,"comment_status":"open","ping_status":"closed","template":"","meta":{"_et_pb_use_builder":"","_et_pb_old_content":"","_et_gb_content_width":""},"product_cat":[1512,6675,7184],"product_tag":[2602],"edicion":[1083],"editoriales":[1160,1163],"tienda":[],"autor_id":[5879],"universidades_coeditoras":[],"palabras_clave":[],"listado_alfabetico":[],"acf":[],"_links":{"self":[{"href":"https:\/\/wizardly-davinci.82-223-8-23.plesk.page\/en\/wp-json\/wp\/v2\/product\/17393"}],"collection":[{"href":"https:\/\/wizardly-davinci.82-223-8-23.plesk.page\/en\/wp-json\/wp\/v2\/product"}],"about":[{"href":"https:\/\/wizardly-davinci.82-223-8-23.plesk.page\/en\/wp-json\/wp\/v2\/types\/product"}],"replies":[{"embeddable":true,"href":"https:\/\/wizardly-davinci.82-223-8-23.plesk.page\/en\/wp-json\/wp\/v2\/comments?post=17393"}],"wp:featuredmedia":[{"embeddable":true,"href":"https:\/\/wizardly-davinci.82-223-8-23.plesk.page\/en\/wp-json\/wp\/v2\/media\/21977"}],"wp:attachment":[{"href":"https:\/\/wizardly-davinci.82-223-8-23.plesk.page\/en\/wp-json\/wp\/v2\/media?parent=17393"}],"wp:term":[{"taxonomy":"product_cat","embeddable":true,"href":"https:\/\/wizardly-davinci.82-223-8-23.plesk.page\/en\/wp-json\/wp\/v2\/product_cat?post=17393"},{"taxonomy":"product_tag","embeddable":true,"href":"https:\/\/wizardly-davinci.82-223-8-23.plesk.page\/en\/wp-json\/wp\/v2\/product_tag?post=17393"},{"taxonomy":"edicion","embeddable":true,"href":"https:\/\/wizardly-davinci.82-223-8-23.plesk.page\/en\/wp-json\/wp\/v2\/edicion?post=17393"},{"taxonomy":"editoriales","embeddable":true,"href":"https:\/\/wizardly-davinci.82-223-8-23.plesk.page\/en\/wp-json\/wp\/v2\/editoriales?post=17393"},{"taxonomy":"tienda","embeddable":true,"href":"https:\/\/wizardly-davinci.82-223-8-23.plesk.page\/en\/wp-json\/wp\/v2\/tienda?post=17393"},{"taxonomy":"autor_id","embeddable":true,"href":"https:\/\/wizardly-davinci.82-223-8-23.plesk.page\/en\/wp-json\/wp\/v2\/autor_id?post=17393"},{"taxonomy":"universidades_coeditoras","embeddable":true,"href":"https:\/\/wizardly-davinci.82-223-8-23.plesk.page\/en\/wp-json\/wp\/v2\/universidades_coeditoras?post=17393"},{"taxonomy":"palabras_clave","embeddable":true,"href":"https:\/\/wizardly-davinci.82-223-8-23.plesk.page\/en\/wp-json\/wp\/v2\/palabras_clave?post=17393"},{"taxonomy":"listado_alfabetico","embeddable":true,"href":"https:\/\/wizardly-davinci.82-223-8-23.plesk.page\/en\/wp-json\/wp\/v2\/listado_alfabetico?post=17393"}],"curies":[{"name":"wp","href":"https:\/\/api.w.org\/{rel}","templated":true}]}}