{"id":17394,"date":"2019-04-09T22:46:00","date_gmt":"2019-04-09T22:46:00","guid":{"rendered":"https:\/\/octaedro.com\/producto\/el-adulto-y-el-juego-del-nino\/"},"modified":"2023-04-20T12:17:11","modified_gmt":"2023-04-20T10:17:11","slug":"el-adulto-y-el-juego-del-nino","status":"publish","type":"product","link":"https:\/\/wizardly-davinci.82-223-8-23.plesk.page\/en\/producto\/el-adulto-y-el-juego-del-nino\/","title":{"rendered":"El adulto y el juego del ni\u00f1o"},"content":{"rendered":"<p>Desde hace d\u00e9cadas, la realidad y la teor\u00eda de L\u00f3czy han sido una fuente inagotable de reflexi\u00f3n y de inspiraci\u00f3n para mejorar el trabajo cotidiano de los maestros en cuanto a la manera de hacer, y por lo tanto tambi\u00e9n a la manera de ver y respetar al ni\u00f1o.<br \/>\nEl librito que tienes en las manos es una joya de esta pedagog\u00eda, hace a\u00f1os tan poco conocida y ahora tan desvirtuada, que se ha construido d\u00eda tras d\u00eda en la peque\u00f1a mansi\u00f3n con un gran jard\u00edn de la calle L\u00f3czy de Budapest, una casa donde se han aunado de manera excepcional la vida al lado de los ni\u00f1os con la investigaci\u00f3n sistem\u00e1tica del Instituto Pikler, combinaci\u00f3n todav\u00eda hoy \u00fanica en el mundo de la educaci\u00f3n de los m\u00e1s peque\u00f1os.<br \/>\nHacer accesible a todo el mundo lo que es complejo es una caracter\u00edstica de su estilo de trabajo, por eso la lectura de este librito resulta sencilla, f\u00e1cil, pero lo que plantea es de una gran profundidad. Por lo tanto, hay que estar alerta, su lectura exige tiempo y reflexi\u00f3n.<br \/>\nComo sucede tantas veces con el juego de los ni\u00f1os, el delicado hilo de la narraci\u00f3n se podr\u00eda banalizar, pero, si se toma en serio, puede ayudar al lector a convertirse en un adulto m\u00e1s diestro en las relaciones que establece con el ni\u00f1o y su juego.<\/p>\n","protected":false},"excerpt":{"rendered":"<p>Desde hace d\u00e9cadas, la realidad y la teor\u00eda de L\u00f3czy han sido una fuente inagotable de reflexi\u00f3n y de inspiraci\u00f3n para mejorar el trabajo cotidiano de los maestros en cuanto a la manera de hacer, y por lo tanto tambi\u00e9n a la manera de ver y respetar al ni\u00f1o.<br \/>\nEl librito que tienes en las manos es una joya de esta pedagog\u00eda, hace a\u00f1os tan poco conocida y ahora tan desvirtuada, que se ha construido d\u00eda tras d\u00eda en la peque\u00f1a mansi\u00f3n con un gran jard\u00edn de la calle L\u00f3czy de Budapest, una casa donde se han aunado de manera excepcional la vida al lado de los ni\u00f1os con la investigaci\u00f3n sistem\u00e1tica del Instituto Pikler, combinaci\u00f3n todav\u00eda hoy \u00fanica en el mundo de la educaci\u00f3n de los m\u00e1s peque\u00f1os.<br \/>\nHacer accesible a todo el mundo lo que es complejo es una caracter\u00edstica de su estilo de trabajo, por eso la lectura de este librito resulta sencilla, f\u00e1cil, pero lo que plantea es de una gran profundidad. Por lo tanto, hay que estar alerta, su lectura exige tiempo y reflexi\u00f3n.<br \/>\nComo sucede tantas veces con el juego de los ni\u00f1os, el delicado hilo de la narraci\u00f3n se podr\u00eda banalizar, pero, si se toma en serio, puede ayudar al lector a convertirse en un adulto m\u00e1s diestro en las relaciones que establece con el ni\u00f1o y su juego.<\/p>\n","protected":false},"featured_media":21983,"comment_status":"open","ping_status":"closed","template":"","meta":{"_et_pb_use_builder":"","_et_pb_old_content":"","_et_gb_content_width":""},"product_cat":[1512,6675,7184],"product_tag":[2602],"edicion":[1083],"editoriales":[1160,1163],"tienda":[],"autor_id":[6475],"universidades_coeditoras":[14947],"palabras_clave":[],"listado_alfabetico":[],"acf":[],"_links":{"self":[{"href":"https:\/\/wizardly-davinci.82-223-8-23.plesk.page\/en\/wp-json\/wp\/v2\/product\/17394"}],"collection":[{"href":"https:\/\/wizardly-davinci.82-223-8-23.plesk.page\/en\/wp-json\/wp\/v2\/product"}],"about":[{"href":"https:\/\/wizardly-davinci.82-223-8-23.plesk.page\/en\/wp-json\/wp\/v2\/types\/product"}],"replies":[{"embeddable":true,"href":"https:\/\/wizardly-davinci.82-223-8-23.plesk.page\/en\/wp-json\/wp\/v2\/comments?post=17394"}],"wp:featuredmedia":[{"embeddable":true,"href":"https:\/\/wizardly-davinci.82-223-8-23.plesk.page\/en\/wp-json\/wp\/v2\/media\/21983"}],"wp:attachment":[{"href":"https:\/\/wizardly-davinci.82-223-8-23.plesk.page\/en\/wp-json\/wp\/v2\/media?parent=17394"}],"wp:term":[{"taxonomy":"product_cat","embeddable":true,"href":"https:\/\/wizardly-davinci.82-223-8-23.plesk.page\/en\/wp-json\/wp\/v2\/product_cat?post=17394"},{"taxonomy":"product_tag","embeddable":true,"href":"https:\/\/wizardly-davinci.82-223-8-23.plesk.page\/en\/wp-json\/wp\/v2\/product_tag?post=17394"},{"taxonomy":"edicion","embeddable":true,"href":"https:\/\/wizardly-davinci.82-223-8-23.plesk.page\/en\/wp-json\/wp\/v2\/edicion?post=17394"},{"taxonomy":"editoriales","embeddable":true,"href":"https:\/\/wizardly-davinci.82-223-8-23.plesk.page\/en\/wp-json\/wp\/v2\/editoriales?post=17394"},{"taxonomy":"tienda","embeddable":true,"href":"https:\/\/wizardly-davinci.82-223-8-23.plesk.page\/en\/wp-json\/wp\/v2\/tienda?post=17394"},{"taxonomy":"autor_id","embeddable":true,"href":"https:\/\/wizardly-davinci.82-223-8-23.plesk.page\/en\/wp-json\/wp\/v2\/autor_id?post=17394"},{"taxonomy":"universidades_coeditoras","embeddable":true,"href":"https:\/\/wizardly-davinci.82-223-8-23.plesk.page\/en\/wp-json\/wp\/v2\/universidades_coeditoras?post=17394"},{"taxonomy":"palabras_clave","embeddable":true,"href":"https:\/\/wizardly-davinci.82-223-8-23.plesk.page\/en\/wp-json\/wp\/v2\/palabras_clave?post=17394"},{"taxonomy":"listado_alfabetico","embeddable":true,"href":"https:\/\/wizardly-davinci.82-223-8-23.plesk.page\/en\/wp-json\/wp\/v2\/listado_alfabetico?post=17394"}],"curies":[{"name":"wp","href":"https:\/\/api.w.org\/{rel}","templated":true}]}}