{"id":17398,"date":"2019-04-09T22:46:07","date_gmt":"2019-04-09T22:46:07","guid":{"rendered":"https:\/\/octaedro.com\/producto\/la-escuela-slow\/"},"modified":"2023-04-20T12:18:10","modified_gmt":"2023-04-20T10:18:10","slug":"la-escuela-slow","status":"publish","type":"product","link":"https:\/\/wizardly-davinci.82-223-8-23.plesk.page\/en\/producto\/la-escuela-slow\/","title":{"rendered":"La escuela slow"},"content":{"rendered":"<p>Nos hallamos ante una nueva realidad social, marcada por la publicidad, la televisi\u00f3n, el alcance inmediato de la informaci\u00f3n, el mercado. Una realidad que nos lleva a la \u00abcultura de la inmediatez\u00bb, a no tolerar el tiempo de espera, a tener prisa, a querer el \u00faltimo modelo de un determinado producto, a no tener tiempo para distraernos y estar sin hacer nada, a no poder ponernos enfermos\u2026<\/p>\n<p>En estas p\u00e1ginas se reflexiona sobre c\u00f3mo los ni\u00f1os y las familias nos vemos arrojados a una sociedad que posee un engranaje del que formamos parte sin ser demasiado conscientes de ello. La descripci\u00f3n de situaciones que pueden ser f\u00e1cilmente identificables nos ofrece la oportunidad de regresar a una escuela y una sociedad pensadas y vividas desde el sentido com\u00fan.<\/p>\n<p><em>La escuela slow<\/em> describe una escuela respetuosa con los distintos ritmos de los ni\u00f1os y las ni\u00f1as, el profesorado y las familias, en la que d\u00eda tras d\u00eda existe un ir y venir de relaciones y de momentos de vida cotidiana.<\/p>\n","protected":false},"excerpt":{"rendered":"<p>Nos hallamos ante una nueva realidad social, marcada por la publicidad, la televisi\u00f3n, el alcance inmediato de la informaci\u00f3n, el mercado. Una realidad que nos lleva a la \u00abcultura de la inmediatez\u00bb, a no tolerar el tiempo de espera, a tener prisa, a querer el \u00faltimo modelo de un determinado producto, a no tener tiempo para distraernos y estar sin hacer nada, a no poder ponernos enfermos\u2026<\/p>\n<p>En estas p\u00e1ginas se reflexiona sobre c\u00f3mo los ni\u00f1os y las familias nos vemos arrojados a una sociedad que posee un engranaje del que formamos parte sin ser demasiado conscientes de ello. La descripci\u00f3n de situaciones que pueden ser f\u00e1cilmente identificables nos ofrece la oportunidad de regresar a una escuela y una sociedad pensadas y vividas desde el sentido com\u00fan.<\/p>\n<p><em>La escuela slow<\/em> describe una escuela respetuosa con los distintos ritmos de los ni\u00f1os y las ni\u00f1as, el profesorado y las familias, en la que d\u00eda tras d\u00eda existe un ir y venir de relaciones y de momentos de vida cotidiana.<\/p>\n","protected":false},"featured_media":21989,"comment_status":"open","ping_status":"closed","template":"","meta":{"_et_pb_use_builder":"","_et_pb_old_content":"","_et_gb_content_width":""},"product_cat":[1512,6675,7184],"product_tag":[2602],"edicion":[],"editoriales":[1160,1163],"tienda":[],"autor_id":[6246],"universidades_coeditoras":[],"palabras_clave":[],"listado_alfabetico":[],"acf":[],"_links":{"self":[{"href":"https:\/\/wizardly-davinci.82-223-8-23.plesk.page\/en\/wp-json\/wp\/v2\/product\/17398"}],"collection":[{"href":"https:\/\/wizardly-davinci.82-223-8-23.plesk.page\/en\/wp-json\/wp\/v2\/product"}],"about":[{"href":"https:\/\/wizardly-davinci.82-223-8-23.plesk.page\/en\/wp-json\/wp\/v2\/types\/product"}],"replies":[{"embeddable":true,"href":"https:\/\/wizardly-davinci.82-223-8-23.plesk.page\/en\/wp-json\/wp\/v2\/comments?post=17398"}],"wp:featuredmedia":[{"embeddable":true,"href":"https:\/\/wizardly-davinci.82-223-8-23.plesk.page\/en\/wp-json\/wp\/v2\/media\/21989"}],"wp:attachment":[{"href":"https:\/\/wizardly-davinci.82-223-8-23.plesk.page\/en\/wp-json\/wp\/v2\/media?parent=17398"}],"wp:term":[{"taxonomy":"product_cat","embeddable":true,"href":"https:\/\/wizardly-davinci.82-223-8-23.plesk.page\/en\/wp-json\/wp\/v2\/product_cat?post=17398"},{"taxonomy":"product_tag","embeddable":true,"href":"https:\/\/wizardly-davinci.82-223-8-23.plesk.page\/en\/wp-json\/wp\/v2\/product_tag?post=17398"},{"taxonomy":"edicion","embeddable":true,"href":"https:\/\/wizardly-davinci.82-223-8-23.plesk.page\/en\/wp-json\/wp\/v2\/edicion?post=17398"},{"taxonomy":"editoriales","embeddable":true,"href":"https:\/\/wizardly-davinci.82-223-8-23.plesk.page\/en\/wp-json\/wp\/v2\/editoriales?post=17398"},{"taxonomy":"tienda","embeddable":true,"href":"https:\/\/wizardly-davinci.82-223-8-23.plesk.page\/en\/wp-json\/wp\/v2\/tienda?post=17398"},{"taxonomy":"autor_id","embeddable":true,"href":"https:\/\/wizardly-davinci.82-223-8-23.plesk.page\/en\/wp-json\/wp\/v2\/autor_id?post=17398"},{"taxonomy":"universidades_coeditoras","embeddable":true,"href":"https:\/\/wizardly-davinci.82-223-8-23.plesk.page\/en\/wp-json\/wp\/v2\/universidades_coeditoras?post=17398"},{"taxonomy":"palabras_clave","embeddable":true,"href":"https:\/\/wizardly-davinci.82-223-8-23.plesk.page\/en\/wp-json\/wp\/v2\/palabras_clave?post=17398"},{"taxonomy":"listado_alfabetico","embeddable":true,"href":"https:\/\/wizardly-davinci.82-223-8-23.plesk.page\/en\/wp-json\/wp\/v2\/listado_alfabetico?post=17398"}],"curies":[{"name":"wp","href":"https:\/\/api.w.org\/{rel}","templated":true}]}}