{"id":17399,"date":"2019-04-09T22:46:09","date_gmt":"2019-04-09T22:46:09","guid":{"rendered":"https:\/\/octaedro.com\/producto\/participacion\/"},"modified":"2023-04-20T12:18:17","modified_gmt":"2023-04-20T10:18:17","slug":"participacion","status":"publish","type":"product","link":"https:\/\/wizardly-davinci.82-223-8-23.plesk.page\/en\/producto\/participacion\/","title":{"rendered":"Participaci\u00f3n"},"content":{"rendered":"<p>Las relaciones de Rosa Sensat con la realidad de los jardines de infancia y parvularios del Ayuntamiento de Pistoya se remontan al siglo pasado. Empiezan, pues, hace muchos a\u00f1os; tal vez algunos de vosotros, amigos lectores, todav\u00eda no hab\u00edais nacido.<\/p>\n<p>Son relaciones marcadas por los ep\u00edgrafes que se encadenan en el contenido de este libro sobre la participaci\u00f3n. Una participaci\u00f3n veraz, que las maestras de esas escuelas viven y hacen vivir a todo el mundo, tambi\u00e9n al visitante, dando a conocer su trabajo, con proximidad y afecto, y dialogando sobre \u00e9l.<\/p>\n<p>Hay libros gruesos, de gran volumen, cuyos contenidos pueden ser, sin embargo, densos, fr\u00edvolos o incluso vac\u00edos. Este que tienes en tus manos es un libro ligero, una muestra, como una degustaci\u00f3n, de una larga y densa contienda colectiva: hacer realidad un sue\u00f1o educativo en el que la democracia y la participaci\u00f3n han sido elementos clave.<\/p>\n<p>La autora, que ha participado en ello desde el principio, construye un relato que estimula, incita, anima, ilusiona, alienta e induce al lector a entusiasmarse por las cualidades que la cotidianidad brinda a todo aquel que trabaja para convertir la educaci\u00f3n en un contexto de crecimiento y aprendizaje de ni\u00f1os y adultos.<\/p>\n","protected":false},"excerpt":{"rendered":"<p>Las relaciones de Rosa Sensat con la realidad de los jardines de infancia y parvularios del Ayuntamiento de Pistoya se remontan al siglo pasado. Empiezan, pues, hace muchos a\u00f1os; tal vez algunos de vosotros, amigos lectores, todav\u00eda no hab\u00edais nacido.<\/p>\n<p>Son relaciones marcadas por los ep\u00edgrafes que se encadenan en el contenido de este libro sobre la participaci\u00f3n. Una participaci\u00f3n veraz, que las maestras de esas escuelas viven y hacen vivir a todo el mundo, tambi\u00e9n al visitante, dando a conocer su trabajo, con proximidad y afecto, y dialogando sobre \u00e9l.<\/p>\n<p>Hay libros gruesos, de gran volumen, cuyos contenidos pueden ser, sin embargo, densos, fr\u00edvolos o incluso vac\u00edos. Este que tienes en tus manos es un libro ligero, una muestra, como una degustaci\u00f3n, de una larga y densa contienda colectiva: hacer realidad un sue\u00f1o educativo en el que la democracia y la participaci\u00f3n han sido elementos clave.<\/p>\n<p>La autora, que ha participado en ello desde el principio, construye un relato que estimula, incita, anima, ilusiona, alienta e induce al lector a entusiasmarse por las cualidades que la cotidianidad brinda a todo aquel que trabaja para convertir la educaci\u00f3n en un contexto de crecimiento y aprendizaje de ni\u00f1os y adultos.<\/p>\n","protected":false},"featured_media":21991,"comment_status":"open","ping_status":"closed","template":"","meta":{"_et_pb_use_builder":"","_et_pb_old_content":"","_et_gb_content_width":""},"product_cat":[1512,6675,7184],"product_tag":[2602],"edicion":[],"editoriales":[1160,1163],"tienda":[],"autor_id":[5808],"universidades_coeditoras":[],"palabras_clave":[],"listado_alfabetico":[],"acf":[],"_links":{"self":[{"href":"https:\/\/wizardly-davinci.82-223-8-23.plesk.page\/en\/wp-json\/wp\/v2\/product\/17399"}],"collection":[{"href":"https:\/\/wizardly-davinci.82-223-8-23.plesk.page\/en\/wp-json\/wp\/v2\/product"}],"about":[{"href":"https:\/\/wizardly-davinci.82-223-8-23.plesk.page\/en\/wp-json\/wp\/v2\/types\/product"}],"replies":[{"embeddable":true,"href":"https:\/\/wizardly-davinci.82-223-8-23.plesk.page\/en\/wp-json\/wp\/v2\/comments?post=17399"}],"wp:featuredmedia":[{"embeddable":true,"href":"https:\/\/wizardly-davinci.82-223-8-23.plesk.page\/en\/wp-json\/wp\/v2\/media\/21991"}],"wp:attachment":[{"href":"https:\/\/wizardly-davinci.82-223-8-23.plesk.page\/en\/wp-json\/wp\/v2\/media?parent=17399"}],"wp:term":[{"taxonomy":"product_cat","embeddable":true,"href":"https:\/\/wizardly-davinci.82-223-8-23.plesk.page\/en\/wp-json\/wp\/v2\/product_cat?post=17399"},{"taxonomy":"product_tag","embeddable":true,"href":"https:\/\/wizardly-davinci.82-223-8-23.plesk.page\/en\/wp-json\/wp\/v2\/product_tag?post=17399"},{"taxonomy":"edicion","embeddable":true,"href":"https:\/\/wizardly-davinci.82-223-8-23.plesk.page\/en\/wp-json\/wp\/v2\/edicion?post=17399"},{"taxonomy":"editoriales","embeddable":true,"href":"https:\/\/wizardly-davinci.82-223-8-23.plesk.page\/en\/wp-json\/wp\/v2\/editoriales?post=17399"},{"taxonomy":"tienda","embeddable":true,"href":"https:\/\/wizardly-davinci.82-223-8-23.plesk.page\/en\/wp-json\/wp\/v2\/tienda?post=17399"},{"taxonomy":"autor_id","embeddable":true,"href":"https:\/\/wizardly-davinci.82-223-8-23.plesk.page\/en\/wp-json\/wp\/v2\/autor_id?post=17399"},{"taxonomy":"universidades_coeditoras","embeddable":true,"href":"https:\/\/wizardly-davinci.82-223-8-23.plesk.page\/en\/wp-json\/wp\/v2\/universidades_coeditoras?post=17399"},{"taxonomy":"palabras_clave","embeddable":true,"href":"https:\/\/wizardly-davinci.82-223-8-23.plesk.page\/en\/wp-json\/wp\/v2\/palabras_clave?post=17399"},{"taxonomy":"listado_alfabetico","embeddable":true,"href":"https:\/\/wizardly-davinci.82-223-8-23.plesk.page\/en\/wp-json\/wp\/v2\/listado_alfabetico?post=17399"}],"curies":[{"name":"wp","href":"https:\/\/api.w.org\/{rel}","templated":true}]}}