{"id":17401,"date":"2019-10-20T22:46:12","date_gmt":"2019-10-20T22:46:12","guid":{"rendered":"https:\/\/octaedro.com\/producto\/consejos\/"},"modified":"2023-04-20T12:18:31","modified_gmt":"2023-04-20T10:18:31","slug":"consejos","status":"publish","type":"product","link":"https:\/\/wizardly-davinci.82-223-8-23.plesk.page\/en\/producto\/consejos\/","title":{"rendered":"Consejos"},"content":{"rendered":"<p><span style=\"font-weight: 400;\">Este es el libro que el parvulario municipal Diana de Reggio Emilia ha elaborado para dar acogida a los ni\u00f1os nuevos y a sus familias. Un libro escrito e ilustrado b\u00e1sicamente por los mayores de la escuela, por las ni\u00f1as y ni\u00f1os de 5 a\u00f1os, que permite descubrir la dimensi\u00f3n y el significado de la experiencia.\u00a0<\/span><\/p>\n<p><span style=\"font-weight: 400;\">Es una experiencia compleja, llena de valores, de emociones, de ideas, de conocimiento, de comprensi\u00f3n, en la que la mirada anal\u00edtica y global de los ni\u00f1os permite descubrir qu\u00e9 es importante para ellos. Hace visible lo invisible de la educaci\u00f3n y muestra lo m\u00e1s profundo de la ense\u00f1anza y, sobre todo, del aprendizaje.\u00a0<\/span><\/p>\n<p><i><span style=\"font-weight: 400;\">Consejos<\/span><\/i><span style=\"font-weight: 400;\">, como libro, invita a experimentar en solitario o en grupo, entre mayores y peque\u00f1os, invita a entrar en el juego de la pedagog\u00eda de Malaguzzi, invita a ser activo en la lectura, a dar color a sus p\u00e1ginas, invita a descubrir, a trav\u00e9s de la voz de los ni\u00f1os, la sutileza de la educaci\u00f3n.\u00a0<\/span><\/p>\n<p><span style=\"font-weight: 400;\">Muestra con exquisita fineza, a trav\u00e9s de textos e im\u00e1genes, una escuela en la cual los ni\u00f1os felizmente felices tienen posibilidad de descubrir, experimentar y expresar lo que ven, lo que sienten, lo que piensan, lo que imaginan de las cosas, de las personas, del mundo. Un mundo que en su escuela discute y dialoga, un mundo en el cual la historia y la realidad se combinan para proyectar un futuro posible, que se ha construido de manera colectiva entre ni\u00f1os y adultos.\u00a0<\/span><\/p>\n<p><i><span style=\"font-weight: 400;\">Consejos<\/span><\/i><span style=\"font-weight: 400;\"> plantea un gran reto a cualquier educador, pero sobre todo al pol\u00edtico y al maestro.<\/span><\/p>\n","protected":false},"excerpt":{"rendered":"<p>\u00c9ste es el libro que el parvulario municipal Diana de Reggio Emilia ha elaborado para dar acogida a los ni\u00f1os nuevos y a sus familias. Un libro escrito e ilustrado b\u00e1sicamente por los mayores de la escuela, por las ni\u00f1as y ni\u00f1os de 5 a\u00f1os, que permite descubrir la dimensi\u00f3n y el significado de la experiencia. Es una experiencia compleja, llena de valores, de emociones, de ideas, de conocimiento, de comprensi\u00f3n, en la que la mirada anal\u00edtica y global de los ni\u00f1os permite descubrir qu\u00e9 es importante para ellos. Hace visible lo invisible de la educaci\u00f3n y muestra lo m\u00e1s profundo de la ense\u00f1anza y, sobre todo, del aprendizaje.Consejos, como libro, invita a experimentar en solitario o en grupo, entre mayores y peque\u00f1os, invita a entrar en el juego de la pedagog\u00eda de Malaguzzi, invita a ser activo en la lectura, a dar color a sus p\u00e1ginas, invita a descubrir a trav\u00e9s de la voz de los ni\u00f1os, la sutileza de la educaci\u00f3n. Muestra con exquisita fineza, a trav\u00e9s de textos e im\u00e1genes, una escuela en la cual los ni\u00f1os felizmente felices tienen posibilidad de descubrir, experimentar y expresar lo que ven, lo que sienten, lo que piensan, lo que imaginan de las cosas, de las personas, del mundo. Un mundo que en su escuela discute y dialoga, un mundo en el cual la historia y la realidad se combinan para proyectar un futuro posible, que se ha construido de manera colectiva entre ni\u00f1os y adultos.Consejos plantea un gran reto a cualquier educador, pero sobre todo a pol\u00edticos y al maestro.<\/p>\n","protected":false},"featured_media":32604,"comment_status":"open","ping_status":"closed","template":"","meta":{"_et_pb_use_builder":"","_et_pb_old_content":"","_et_gb_content_width":""},"product_cat":[1512,6675,7184],"product_tag":[2602],"edicion":[1083],"editoriales":[1160,1163],"tienda":[],"autor_id":[5292],"universidades_coeditoras":[],"palabras_clave":[],"listado_alfabetico":[],"acf":[],"_links":{"self":[{"href":"https:\/\/wizardly-davinci.82-223-8-23.plesk.page\/en\/wp-json\/wp\/v2\/product\/17401"}],"collection":[{"href":"https:\/\/wizardly-davinci.82-223-8-23.plesk.page\/en\/wp-json\/wp\/v2\/product"}],"about":[{"href":"https:\/\/wizardly-davinci.82-223-8-23.plesk.page\/en\/wp-json\/wp\/v2\/types\/product"}],"replies":[{"embeddable":true,"href":"https:\/\/wizardly-davinci.82-223-8-23.plesk.page\/en\/wp-json\/wp\/v2\/comments?post=17401"}],"wp:featuredmedia":[{"embeddable":true,"href":"https:\/\/wizardly-davinci.82-223-8-23.plesk.page\/en\/wp-json\/wp\/v2\/media\/32604"}],"wp:attachment":[{"href":"https:\/\/wizardly-davinci.82-223-8-23.plesk.page\/en\/wp-json\/wp\/v2\/media?parent=17401"}],"wp:term":[{"taxonomy":"product_cat","embeddable":true,"href":"https:\/\/wizardly-davinci.82-223-8-23.plesk.page\/en\/wp-json\/wp\/v2\/product_cat?post=17401"},{"taxonomy":"product_tag","embeddable":true,"href":"https:\/\/wizardly-davinci.82-223-8-23.plesk.page\/en\/wp-json\/wp\/v2\/product_tag?post=17401"},{"taxonomy":"edicion","embeddable":true,"href":"https:\/\/wizardly-davinci.82-223-8-23.plesk.page\/en\/wp-json\/wp\/v2\/edicion?post=17401"},{"taxonomy":"editoriales","embeddable":true,"href":"https:\/\/wizardly-davinci.82-223-8-23.plesk.page\/en\/wp-json\/wp\/v2\/editoriales?post=17401"},{"taxonomy":"tienda","embeddable":true,"href":"https:\/\/wizardly-davinci.82-223-8-23.plesk.page\/en\/wp-json\/wp\/v2\/tienda?post=17401"},{"taxonomy":"autor_id","embeddable":true,"href":"https:\/\/wizardly-davinci.82-223-8-23.plesk.page\/en\/wp-json\/wp\/v2\/autor_id?post=17401"},{"taxonomy":"universidades_coeditoras","embeddable":true,"href":"https:\/\/wizardly-davinci.82-223-8-23.plesk.page\/en\/wp-json\/wp\/v2\/universidades_coeditoras?post=17401"},{"taxonomy":"palabras_clave","embeddable":true,"href":"https:\/\/wizardly-davinci.82-223-8-23.plesk.page\/en\/wp-json\/wp\/v2\/palabras_clave?post=17401"},{"taxonomy":"listado_alfabetico","embeddable":true,"href":"https:\/\/wizardly-davinci.82-223-8-23.plesk.page\/en\/wp-json\/wp\/v2\/listado_alfabetico?post=17401"}],"curies":[{"name":"wp","href":"https:\/\/api.w.org\/{rel}","templated":true}]}}