{"id":17403,"date":"2019-04-09T22:46:17","date_gmt":"2019-04-09T22:46:17","guid":{"rendered":"https:\/\/octaedro.com\/producto\/de-viaje-con-los-derechos-de-las-ninas-y-los-ninos\/"},"modified":"2023-04-20T12:18:45","modified_gmt":"2023-04-20T10:18:45","slug":"de-viaje-con-los-derechos-de-las-ninas-y-los-ninos","status":"publish","type":"product","link":"https:\/\/wizardly-davinci.82-223-8-23.plesk.page\/en\/producto\/de-viaje-con-los-derechos-de-las-ninas-y-los-ninos\/","title":{"rendered":"De viaje con los derechos de las ni\u00f1as y los ni\u00f1os"},"content":{"rendered":"<p>Durante a\u00f1os en nuestro pa\u00eds se ha identificado la pedagog\u00eda de las escuelas infantiles municipales de Reggio Emilia con la pedagog\u00eda de la est\u00e9tica. Y sin ning\u00fan g\u00e9nero de dudas, ello es as\u00ed, pero esta identificaci\u00f3n ha enmascarado el porqu\u00e9 de la est\u00e9tica: la est\u00e9tica como provocaci\u00f3n pedag\u00f3gica, la est\u00e9tica que hace visibles las capacidades de las ni\u00f1as y los ni\u00f1os, la est\u00e9tica como un derecho de los ni\u00f1os. De viaje con los derechos de las ni\u00f1as y los ni\u00f1os es una peque\u00f1a joya de la pedagog\u00eda reggiana, en la que los ni\u00f1os toman la palabra y desgranan su pensamiento sobre los derechos, los derechos de las personas, sobre los afectos, sobre los problemas del mundo, sobre la complejidad que rodea la vida de los peque\u00f1os. El hilo conductor del libro permite hacer un recorrido por el pensamiento de las ni\u00f1as y los ni\u00f1os. Porque hablar de las escuelas infantiles municipales de Reggio es hablar del respeto a los derechos de la infancia, es una est\u00e9tica \u00e9tica.<\/p>\n","protected":false},"excerpt":{"rendered":"<p>Durante a\u00f1os en nuestro pa\u00eds se ha identificado la pedagog\u00eda de las escuelas infantiles municipales de Reggio Emilia con la pedagog\u00eda de la est\u00e9tica. Y sin ning\u00fan g\u00e9nero de dudas, ello es as\u00ed, pero esta identificaci\u00f3n ha enmascarado el porqu\u00e9 de la est\u00e9tica: la est\u00e9tica como provocaci\u00f3n pedag\u00f3gica, la est\u00e9tica que hace visibles las capacidades de las ni\u00f1as y los ni\u00f1os, la est\u00e9tica como un derecho de los ni\u00f1os. De viaje con los derechos de las ni\u00f1as y los ni\u00f1os es una peque\u00f1a joya de la pedagog\u00eda reggiana, en la que los ni\u00f1os toman la palabra y desgranan su pensamiento sobre los derechos, los derechos de las personas, sobre los afectos, sobre los problemas del mundo, sobre la complejidad que rodea la vida de los peque\u00f1os. El hilo conductor del libro permite hacer un recorrido por el pensamiento de las ni\u00f1as y los ni\u00f1os. Porque hablar de las escuelas infantiles municipales de Reggio es hablar del respeto a los derechos de la infancia, es una est\u00e9tica \u00e9tica.<\/p>\n","protected":false},"featured_media":21996,"comment_status":"open","ping_status":"closed","template":"","meta":{"_et_pb_use_builder":"","_et_pb_old_content":"","_et_gb_content_width":""},"product_cat":[1512,6675,7184],"product_tag":[2602],"edicion":[1083],"editoriales":[1160,1163],"tienda":[],"autor_id":[5292],"universidades_coeditoras":[],"palabras_clave":[],"listado_alfabetico":[],"acf":[],"_links":{"self":[{"href":"https:\/\/wizardly-davinci.82-223-8-23.plesk.page\/en\/wp-json\/wp\/v2\/product\/17403"}],"collection":[{"href":"https:\/\/wizardly-davinci.82-223-8-23.plesk.page\/en\/wp-json\/wp\/v2\/product"}],"about":[{"href":"https:\/\/wizardly-davinci.82-223-8-23.plesk.page\/en\/wp-json\/wp\/v2\/types\/product"}],"replies":[{"embeddable":true,"href":"https:\/\/wizardly-davinci.82-223-8-23.plesk.page\/en\/wp-json\/wp\/v2\/comments?post=17403"}],"wp:featuredmedia":[{"embeddable":true,"href":"https:\/\/wizardly-davinci.82-223-8-23.plesk.page\/en\/wp-json\/wp\/v2\/media\/21996"}],"wp:attachment":[{"href":"https:\/\/wizardly-davinci.82-223-8-23.plesk.page\/en\/wp-json\/wp\/v2\/media?parent=17403"}],"wp:term":[{"taxonomy":"product_cat","embeddable":true,"href":"https:\/\/wizardly-davinci.82-223-8-23.plesk.page\/en\/wp-json\/wp\/v2\/product_cat?post=17403"},{"taxonomy":"product_tag","embeddable":true,"href":"https:\/\/wizardly-davinci.82-223-8-23.plesk.page\/en\/wp-json\/wp\/v2\/product_tag?post=17403"},{"taxonomy":"edicion","embeddable":true,"href":"https:\/\/wizardly-davinci.82-223-8-23.plesk.page\/en\/wp-json\/wp\/v2\/edicion?post=17403"},{"taxonomy":"editoriales","embeddable":true,"href":"https:\/\/wizardly-davinci.82-223-8-23.plesk.page\/en\/wp-json\/wp\/v2\/editoriales?post=17403"},{"taxonomy":"tienda","embeddable":true,"href":"https:\/\/wizardly-davinci.82-223-8-23.plesk.page\/en\/wp-json\/wp\/v2\/tienda?post=17403"},{"taxonomy":"autor_id","embeddable":true,"href":"https:\/\/wizardly-davinci.82-223-8-23.plesk.page\/en\/wp-json\/wp\/v2\/autor_id?post=17403"},{"taxonomy":"universidades_coeditoras","embeddable":true,"href":"https:\/\/wizardly-davinci.82-223-8-23.plesk.page\/en\/wp-json\/wp\/v2\/universidades_coeditoras?post=17403"},{"taxonomy":"palabras_clave","embeddable":true,"href":"https:\/\/wizardly-davinci.82-223-8-23.plesk.page\/en\/wp-json\/wp\/v2\/palabras_clave?post=17403"},{"taxonomy":"listado_alfabetico","embeddable":true,"href":"https:\/\/wizardly-davinci.82-223-8-23.plesk.page\/en\/wp-json\/wp\/v2\/listado_alfabetico?post=17403"}],"curies":[{"name":"wp","href":"https:\/\/api.w.org\/{rel}","templated":true}]}}