{"id":17406,"date":"2019-04-09T22:46:21","date_gmt":"2019-04-09T22:46:21","guid":{"rendered":"https:\/\/octaedro.com\/producto\/los-cien-lenguajes-de-la-infancia-els-cent-llenguatges-del-infants\/"},"modified":"2023-04-20T12:23:16","modified_gmt":"2023-04-20T10:23:16","slug":"los-cien-lenguajes-de-la-infancia-els-cent-llenguatges-del-infants","status":"publish","type":"product","link":"https:\/\/wizardly-davinci.82-223-8-23.plesk.page\/en\/producto\/los-cien-lenguajes-de-la-infancia-els-cent-llenguatges-del-infants\/","title":{"rendered":"Los cien lenguajes de la infancia \/ Els cent llenguatges del infants"},"content":{"rendered":"<p>Hace a\u00f1os vino a Madrid la primera exposici\u00f3n procedente de la realizaci\u00f3n del Proyecto Infancia llevado a cabo por el pedagogo italiano <span class=\"destacat\">Loris Malaguzzi<\/span> con sus colaboradores m\u00e1s pr\u00f3ximos, basada en la experiencia de las escuelas de educaci\u00f3n infantil del Ayuntamiento de Regio Emilia. Se titulaba \u201cL\u2019occhio salta il muro\u201d. Su objetivo era mostrar que la educaci\u00f3n del ni\u00f1o, mediante la met\u00e1fora del ojo, para ser eficaz, ten\u00eda que saltarse los muros del conformismo, el aburrimiento y el tedio, basados en una pedagog\u00eda ret\u00f3rica, pasiva e ineficaz. Su pedagog\u00eda significa el rechazo a las programaciones educativas que implican prever de antemano, de forma r\u00edgida, lo que tiene que ocurrir en la ense\u00f1anza.<br \/>\nLa idea b\u00e1sica de la pedagog\u00eda de <span class=\"destacat\">Loris Malaguzzi<\/span> parte de que educar significa optimismo, surgido de la convicci\u00f3n profunda de la potencialidades y creatividad del ser humano, que en el caso de los ni\u00f1os son ilimitadas y, si hay un l\u00edmite, \u00e9ste se encuentra en la persona que mira al ni\u00f1o, no en el ni\u00f1o.<\/p>\n","protected":false},"excerpt":{"rendered":"<p>Hace a\u00f1os vino a Madrid la primera exposici\u00f3n procedente de la realizaci\u00f3n del Proyecto Infancia llevado a cabo por el pedagogo italiano <span class=\"destacat\">Loris Malaguzzi<\/span> con sus colaboradores m\u00e1s pr\u00f3ximos, basada en la experiencia de las escuelas de educaci\u00f3n infantil del Ayuntamiento de Regio Emilia. Se titulaba \u201cL\u2019occhio salta il muro\u201d. Su objetivo era mostrar que la educaci\u00f3n del ni\u00f1o, mediante la met\u00e1fora del ojo, para ser eficaz, ten\u00eda que saltarse los muros del conformismo, el aburrimiento y el tedio, basados en una pedagog\u00eda ret\u00f3rica, pasiva e ineficaz. Su pedagog\u00eda significa el rechazo a las programaciones educativas que implican prever de antemano, de forma r\u00edgida, lo que tiene que ocurrir en la ense\u00f1anza.<br \/>\nLa idea b\u00e1sica de la pedagog\u00eda de <span class=\"destacat\">Loris Malaguzzi<\/span> parte de que educar significa optimismo, surgido de la convicci\u00f3n profunda de la potencialidades y creatividad del ser humano, que en el caso de los ni\u00f1os son ilimitadas y, si hay un l\u00edmite, \u00e9ste se encuentra en la persona que mira al ni\u00f1o, no en el ni\u00f1o.<\/p>\n","protected":false},"featured_media":21999,"comment_status":"open","ping_status":"closed","template":"","meta":{"_et_pb_use_builder":"","_et_pb_old_content":"","_et_gb_content_width":""},"product_cat":[1512,6675,7184],"product_tag":[2602],"edicion":[],"editoriales":[1160,1163],"tienda":[],"autor_id":[5881],"universidades_coeditoras":[],"palabras_clave":[],"listado_alfabetico":[],"acf":[],"_links":{"self":[{"href":"https:\/\/wizardly-davinci.82-223-8-23.plesk.page\/en\/wp-json\/wp\/v2\/product\/17406"}],"collection":[{"href":"https:\/\/wizardly-davinci.82-223-8-23.plesk.page\/en\/wp-json\/wp\/v2\/product"}],"about":[{"href":"https:\/\/wizardly-davinci.82-223-8-23.plesk.page\/en\/wp-json\/wp\/v2\/types\/product"}],"replies":[{"embeddable":true,"href":"https:\/\/wizardly-davinci.82-223-8-23.plesk.page\/en\/wp-json\/wp\/v2\/comments?post=17406"}],"wp:featuredmedia":[{"embeddable":true,"href":"https:\/\/wizardly-davinci.82-223-8-23.plesk.page\/en\/wp-json\/wp\/v2\/media\/21999"}],"wp:attachment":[{"href":"https:\/\/wizardly-davinci.82-223-8-23.plesk.page\/en\/wp-json\/wp\/v2\/media?parent=17406"}],"wp:term":[{"taxonomy":"product_cat","embeddable":true,"href":"https:\/\/wizardly-davinci.82-223-8-23.plesk.page\/en\/wp-json\/wp\/v2\/product_cat?post=17406"},{"taxonomy":"product_tag","embeddable":true,"href":"https:\/\/wizardly-davinci.82-223-8-23.plesk.page\/en\/wp-json\/wp\/v2\/product_tag?post=17406"},{"taxonomy":"edicion","embeddable":true,"href":"https:\/\/wizardly-davinci.82-223-8-23.plesk.page\/en\/wp-json\/wp\/v2\/edicion?post=17406"},{"taxonomy":"editoriales","embeddable":true,"href":"https:\/\/wizardly-davinci.82-223-8-23.plesk.page\/en\/wp-json\/wp\/v2\/editoriales?post=17406"},{"taxonomy":"tienda","embeddable":true,"href":"https:\/\/wizardly-davinci.82-223-8-23.plesk.page\/en\/wp-json\/wp\/v2\/tienda?post=17406"},{"taxonomy":"autor_id","embeddable":true,"href":"https:\/\/wizardly-davinci.82-223-8-23.plesk.page\/en\/wp-json\/wp\/v2\/autor_id?post=17406"},{"taxonomy":"universidades_coeditoras","embeddable":true,"href":"https:\/\/wizardly-davinci.82-223-8-23.plesk.page\/en\/wp-json\/wp\/v2\/universidades_coeditoras?post=17406"},{"taxonomy":"palabras_clave","embeddable":true,"href":"https:\/\/wizardly-davinci.82-223-8-23.plesk.page\/en\/wp-json\/wp\/v2\/palabras_clave?post=17406"},{"taxonomy":"listado_alfabetico","embeddable":true,"href":"https:\/\/wizardly-davinci.82-223-8-23.plesk.page\/en\/wp-json\/wp\/v2\/listado_alfabetico?post=17406"}],"curies":[{"name":"wp","href":"https:\/\/api.w.org\/{rel}","templated":true}]}}