{"id":17407,"date":"2019-04-09T22:46:23","date_gmt":"2019-04-09T22:46:23","guid":{"rendered":"https:\/\/octaedro.com\/producto\/procesos-de-aprendizaje-y-formacion-docente-en-condiciones-de-extrema-diversidad\/"},"modified":"2023-04-20T12:23:22","modified_gmt":"2023-04-20T10:23:22","slug":"procesos-de-aprendizaje-y-formacion-docente-en-condiciones-de-extrema-diversidad","status":"publish","type":"product","link":"https:\/\/wizardly-davinci.82-223-8-23.plesk.page\/en\/producto\/procesos-de-aprendizaje-y-formacion-docente-en-condiciones-de-extrema-diversidad\/","title":{"rendered":"Procesos de aprendizaje y formaci\u00f3n docente en condiciones de extrema diversidad"},"content":{"rendered":"<p>Un equipo de maestros narra, de manera \u00e1gil y original, el resultado de diez a\u00f1os de formaci\u00f3n del equipo docente. Fundamentaci\u00f3n te\u00f3rica y aplicaci\u00f3n aparecen ligadas de manera natural, reflejo fiel del proceso de construcci\u00f3n del conocimiento hecho por los educadores y del cambio en las condiciones de aprendizaje de los alumnos durante este periodo. Las propuestas educativas muestran c\u00f3mo es posible romper la barrera entre escuela y entorno.<\/p>\n","protected":false},"excerpt":{"rendered":"<p>Un equipo de maestros narra, de manera \u00e1gil y original, el resultado de diez a\u00f1os de formaci\u00f3n del equipo docente. Fundamentaci\u00f3n te\u00f3rica y aplicaci\u00f3n aparecen ligadas de manera natural, reflejo fiel del proceso de construcci\u00f3n del conocimiento hecho por los educadores y del cambio en las condiciones de aprendizaje de los alumnos durante este periodo. Las propuestas educativas muestran c\u00f3mo es posible romper la barrera entre escuela y entorno.<\/p>\n","protected":false},"featured_media":20886,"comment_status":"open","ping_status":"closed","template":"","meta":{"_et_pb_use_builder":"","_et_pb_old_content":"","_et_gb_content_width":""},"product_cat":[1512,6675,1502],"product_tag":[2602],"edicion":[1083],"editoriales":[1160,1163],"tienda":[],"autor_id":[6490],"universidades_coeditoras":[],"palabras_clave":[],"listado_alfabetico":[],"acf":[],"_links":{"self":[{"href":"https:\/\/wizardly-davinci.82-223-8-23.plesk.page\/en\/wp-json\/wp\/v2\/product\/17407"}],"collection":[{"href":"https:\/\/wizardly-davinci.82-223-8-23.plesk.page\/en\/wp-json\/wp\/v2\/product"}],"about":[{"href":"https:\/\/wizardly-davinci.82-223-8-23.plesk.page\/en\/wp-json\/wp\/v2\/types\/product"}],"replies":[{"embeddable":true,"href":"https:\/\/wizardly-davinci.82-223-8-23.plesk.page\/en\/wp-json\/wp\/v2\/comments?post=17407"}],"wp:featuredmedia":[{"embeddable":true,"href":"https:\/\/wizardly-davinci.82-223-8-23.plesk.page\/en\/wp-json\/wp\/v2\/media\/20886"}],"wp:attachment":[{"href":"https:\/\/wizardly-davinci.82-223-8-23.plesk.page\/en\/wp-json\/wp\/v2\/media?parent=17407"}],"wp:term":[{"taxonomy":"product_cat","embeddable":true,"href":"https:\/\/wizardly-davinci.82-223-8-23.plesk.page\/en\/wp-json\/wp\/v2\/product_cat?post=17407"},{"taxonomy":"product_tag","embeddable":true,"href":"https:\/\/wizardly-davinci.82-223-8-23.plesk.page\/en\/wp-json\/wp\/v2\/product_tag?post=17407"},{"taxonomy":"edicion","embeddable":true,"href":"https:\/\/wizardly-davinci.82-223-8-23.plesk.page\/en\/wp-json\/wp\/v2\/edicion?post=17407"},{"taxonomy":"editoriales","embeddable":true,"href":"https:\/\/wizardly-davinci.82-223-8-23.plesk.page\/en\/wp-json\/wp\/v2\/editoriales?post=17407"},{"taxonomy":"tienda","embeddable":true,"href":"https:\/\/wizardly-davinci.82-223-8-23.plesk.page\/en\/wp-json\/wp\/v2\/tienda?post=17407"},{"taxonomy":"autor_id","embeddable":true,"href":"https:\/\/wizardly-davinci.82-223-8-23.plesk.page\/en\/wp-json\/wp\/v2\/autor_id?post=17407"},{"taxonomy":"universidades_coeditoras","embeddable":true,"href":"https:\/\/wizardly-davinci.82-223-8-23.plesk.page\/en\/wp-json\/wp\/v2\/universidades_coeditoras?post=17407"},{"taxonomy":"palabras_clave","embeddable":true,"href":"https:\/\/wizardly-davinci.82-223-8-23.plesk.page\/en\/wp-json\/wp\/v2\/palabras_clave?post=17407"},{"taxonomy":"listado_alfabetico","embeddable":true,"href":"https:\/\/wizardly-davinci.82-223-8-23.plesk.page\/en\/wp-json\/wp\/v2\/listado_alfabetico?post=17407"}],"curies":[{"name":"wp","href":"https:\/\/api.w.org\/{rel}","templated":true}]}}