{"id":17408,"date":"2019-04-09T22:46:24","date_gmt":"2019-04-09T22:46:24","guid":{"rendered":"https:\/\/octaedro.com\/producto\/guia-de-mediacion-escolar\/"},"modified":"2023-04-20T12:23:29","modified_gmt":"2023-04-20T10:23:29","slug":"guia-de-mediacion-escolar","status":"publish","type":"product","link":"https:\/\/wizardly-davinci.82-223-8-23.plesk.page\/en\/producto\/guia-de-mediacion-escolar\/","title":{"rendered":"Gu\u00eda de mediaci\u00f3n escolar"},"content":{"rendered":"<p>Comprender los conflictos, comunicarse abiertamente, reconocer y expresar emociones y sentimientos, desarrollar habilidades de pensamiento, participar activamente, convivir en paz y redescubrir los procesos de mediaci\u00f3n constituyen los ejes vertebradores de esta obra. En ella se desarrolla un programa de actividades orientadas principalmente hacia Primaria y Secundaria, a toda la comunidad educativa. Presentadas de manera sistem\u00e1tica, pr\u00e1ctica y participativa, su finalidad es contribuir a la construcci\u00f3n de actitudes y valores para la convivencia y crear un entramado humano donde superando las barreras de la incomprensi\u00f3n y la violencia, adultos y j\u00f3venes disfruten del hecho de ense\u00f1ar y aprender.<\/p>\n","protected":false},"excerpt":{"rendered":"<p>Comprender los conflictos, comunicarse abiertamente, reconocer y expresar emociones y sentimientos, desarrollar habilidades de pensamiento, participar activamente, convivir en paz y redescubrir los procesos de mediaci\u00f3n constituyen los ejes vertebradores de esta obra. En ella se desarrolla un programa de actividades orientadas principalmente hacia Primaria y Secundaria, a toda la comunidad educativa. Presentadas de manera sistem\u00e1tica, pr\u00e1ctica y participativa, su finalidad es contribuir a la construcci\u00f3n de actitudes y valores para la convivencia y crear un entramado humano donde superando las barreras de la incomprensi\u00f3n y la violencia, adultos y j\u00f3venes disfruten del hecho de ense\u00f1ar y aprender.<\/p>\n","protected":false},"featured_media":20878,"comment_status":"open","ping_status":"closed","template":"","meta":{"_et_pb_use_builder":"","_et_pb_old_content":"","_et_gb_content_width":""},"product_cat":[1512,6675,9825,1502],"product_tag":[2602],"edicion":[1083],"editoriales":[1160,1163],"tienda":[],"autor_id":[5175],"universidades_coeditoras":[],"palabras_clave":[],"listado_alfabetico":[],"acf":[],"_links":{"self":[{"href":"https:\/\/wizardly-davinci.82-223-8-23.plesk.page\/en\/wp-json\/wp\/v2\/product\/17408"}],"collection":[{"href":"https:\/\/wizardly-davinci.82-223-8-23.plesk.page\/en\/wp-json\/wp\/v2\/product"}],"about":[{"href":"https:\/\/wizardly-davinci.82-223-8-23.plesk.page\/en\/wp-json\/wp\/v2\/types\/product"}],"replies":[{"embeddable":true,"href":"https:\/\/wizardly-davinci.82-223-8-23.plesk.page\/en\/wp-json\/wp\/v2\/comments?post=17408"}],"wp:featuredmedia":[{"embeddable":true,"href":"https:\/\/wizardly-davinci.82-223-8-23.plesk.page\/en\/wp-json\/wp\/v2\/media\/20878"}],"wp:attachment":[{"href":"https:\/\/wizardly-davinci.82-223-8-23.plesk.page\/en\/wp-json\/wp\/v2\/media?parent=17408"}],"wp:term":[{"taxonomy":"product_cat","embeddable":true,"href":"https:\/\/wizardly-davinci.82-223-8-23.plesk.page\/en\/wp-json\/wp\/v2\/product_cat?post=17408"},{"taxonomy":"product_tag","embeddable":true,"href":"https:\/\/wizardly-davinci.82-223-8-23.plesk.page\/en\/wp-json\/wp\/v2\/product_tag?post=17408"},{"taxonomy":"edicion","embeddable":true,"href":"https:\/\/wizardly-davinci.82-223-8-23.plesk.page\/en\/wp-json\/wp\/v2\/edicion?post=17408"},{"taxonomy":"editoriales","embeddable":true,"href":"https:\/\/wizardly-davinci.82-223-8-23.plesk.page\/en\/wp-json\/wp\/v2\/editoriales?post=17408"},{"taxonomy":"tienda","embeddable":true,"href":"https:\/\/wizardly-davinci.82-223-8-23.plesk.page\/en\/wp-json\/wp\/v2\/tienda?post=17408"},{"taxonomy":"autor_id","embeddable":true,"href":"https:\/\/wizardly-davinci.82-223-8-23.plesk.page\/en\/wp-json\/wp\/v2\/autor_id?post=17408"},{"taxonomy":"universidades_coeditoras","embeddable":true,"href":"https:\/\/wizardly-davinci.82-223-8-23.plesk.page\/en\/wp-json\/wp\/v2\/universidades_coeditoras?post=17408"},{"taxonomy":"palabras_clave","embeddable":true,"href":"https:\/\/wizardly-davinci.82-223-8-23.plesk.page\/en\/wp-json\/wp\/v2\/palabras_clave?post=17408"},{"taxonomy":"listado_alfabetico","embeddable":true,"href":"https:\/\/wizardly-davinci.82-223-8-23.plesk.page\/en\/wp-json\/wp\/v2\/listado_alfabetico?post=17408"}],"curies":[{"name":"wp","href":"https:\/\/api.w.org\/{rel}","templated":true}]}}