{"id":17409,"date":"2002-04-09T22:46:26","date_gmt":"2002-04-09T22:46:26","guid":{"rendered":"https:\/\/octaedro.com\/producto\/educacion-emocional-y-lenguaje-en-la-escuela\/"},"modified":"2023-04-20T12:23:36","modified_gmt":"2023-04-20T10:23:36","slug":"educacion-emocional-y-lenguaje-en-la-escuela","status":"publish","type":"product","link":"https:\/\/wizardly-davinci.82-223-8-23.plesk.page\/en\/producto\/educacion-emocional-y-lenguaje-en-la-escuela\/","title":{"rendered":"Educaci\u00f3n emocional y lenguaje en la escuela"},"content":{"rendered":"<p>Educaci\u00f3n emocional y lenguaje en la escuela es el fruto de a\u00f1os de trabajo cotidiano, de reflexi\u00f3n sobre el trabajo hecho, del descubrimiento de nuevas virtualidades, tanto de los alumnos como de las estrategias de intervenci\u00f3n. Tambi\u00e9n es el resultado de un deseo constante de renovaci\u00f3n para satisfacer las necesidades de los ni\u00f1os y ni\u00f1as en un entorno cambiante.En \u00e9l se presenta la imagen del ni\u00f1o como persona, competente, que piensa, tiene sentimientos, necesidades, que quiere actuar y que act\u00faa, que se siente parte del mundo desde el momento en el que nace, que busca explicaciones de este mundo y construye teor\u00edas, que descubre a los otros, que necesita a los dem\u00e1s para conocer y saber, para conocerse, para querer y para quererse.<\/p>\n","protected":false},"excerpt":{"rendered":"<p>Educaci\u00f3n emocional y lenguaje en la escuela es el fruto de a\u00f1os de trabajo cotidiano, de reflexi\u00f3n sobre el trabajo hecho, del descubrimiento de nuevas virtualidades, tanto de los alumnos como de las estrategias de intervenci\u00f3n. Tambi\u00e9n es el resultado de un deseo constante de renovaci\u00f3n para satisfacer las necesidades de los ni\u00f1os y ni\u00f1as en un entorno cambiante.En \u00e9l se presenta la imagen del ni\u00f1o como persona, competente, que piensa, tiene sentimientos, necesidades, que quiere actuar y que act\u00faa, que se siente parte del mundo desde el momento en el que nace, que busca explicaciones de este mundo y construye teor\u00edas, que descubre a los otros, que necesita a los dem\u00e1s para conocer y saber, para conocerse, para querer y para quererse.<\/p>\n","protected":false},"featured_media":20885,"comment_status":"open","ping_status":"closed","template":"","meta":{"_et_pb_use_builder":"","_et_pb_old_content":"","_et_gb_content_width":""},"product_cat":[1512,1508,6675,1502],"product_tag":[2602],"edicion":[1083],"editoriales":[1160,1163],"tienda":[],"autor_id":[5647],"universidades_coeditoras":[],"palabras_clave":[],"listado_alfabetico":[],"acf":[],"_links":{"self":[{"href":"https:\/\/wizardly-davinci.82-223-8-23.plesk.page\/en\/wp-json\/wp\/v2\/product\/17409"}],"collection":[{"href":"https:\/\/wizardly-davinci.82-223-8-23.plesk.page\/en\/wp-json\/wp\/v2\/product"}],"about":[{"href":"https:\/\/wizardly-davinci.82-223-8-23.plesk.page\/en\/wp-json\/wp\/v2\/types\/product"}],"replies":[{"embeddable":true,"href":"https:\/\/wizardly-davinci.82-223-8-23.plesk.page\/en\/wp-json\/wp\/v2\/comments?post=17409"}],"wp:featuredmedia":[{"embeddable":true,"href":"https:\/\/wizardly-davinci.82-223-8-23.plesk.page\/en\/wp-json\/wp\/v2\/media\/20885"}],"wp:attachment":[{"href":"https:\/\/wizardly-davinci.82-223-8-23.plesk.page\/en\/wp-json\/wp\/v2\/media?parent=17409"}],"wp:term":[{"taxonomy":"product_cat","embeddable":true,"href":"https:\/\/wizardly-davinci.82-223-8-23.plesk.page\/en\/wp-json\/wp\/v2\/product_cat?post=17409"},{"taxonomy":"product_tag","embeddable":true,"href":"https:\/\/wizardly-davinci.82-223-8-23.plesk.page\/en\/wp-json\/wp\/v2\/product_tag?post=17409"},{"taxonomy":"edicion","embeddable":true,"href":"https:\/\/wizardly-davinci.82-223-8-23.plesk.page\/en\/wp-json\/wp\/v2\/edicion?post=17409"},{"taxonomy":"editoriales","embeddable":true,"href":"https:\/\/wizardly-davinci.82-223-8-23.plesk.page\/en\/wp-json\/wp\/v2\/editoriales?post=17409"},{"taxonomy":"tienda","embeddable":true,"href":"https:\/\/wizardly-davinci.82-223-8-23.plesk.page\/en\/wp-json\/wp\/v2\/tienda?post=17409"},{"taxonomy":"autor_id","embeddable":true,"href":"https:\/\/wizardly-davinci.82-223-8-23.plesk.page\/en\/wp-json\/wp\/v2\/autor_id?post=17409"},{"taxonomy":"universidades_coeditoras","embeddable":true,"href":"https:\/\/wizardly-davinci.82-223-8-23.plesk.page\/en\/wp-json\/wp\/v2\/universidades_coeditoras?post=17409"},{"taxonomy":"palabras_clave","embeddable":true,"href":"https:\/\/wizardly-davinci.82-223-8-23.plesk.page\/en\/wp-json\/wp\/v2\/palabras_clave?post=17409"},{"taxonomy":"listado_alfabetico","embeddable":true,"href":"https:\/\/wizardly-davinci.82-223-8-23.plesk.page\/en\/wp-json\/wp\/v2\/listado_alfabetico?post=17409"}],"curies":[{"name":"wp","href":"https:\/\/api.w.org\/{rel}","templated":true}]}}