{"id":17410,"date":"2019-04-09T22:46:28","date_gmt":"2019-04-09T22:46:28","guid":{"rendered":"https:\/\/octaedro.com\/producto\/en-la-escuela-hoy\/"},"modified":"2023-04-20T12:23:42","modified_gmt":"2023-04-20T10:23:42","slug":"en-la-escuela-hoy","status":"publish","type":"product","link":"https:\/\/wizardly-davinci.82-223-8-23.plesk.page\/en\/producto\/en-la-escuela-hoy\/","title":{"rendered":"En la escuela hoy"},"content":{"rendered":"<p>Los debates en torno al pensamiento educativo de los \u00faltimos treinta a\u00f1os reflejan una gran confusi\u00f3n. A menudo caricaturescos, han enfrentado a los defensores de los saberes y a los partidarios de la pedagog\u00eda, y han obligado a unos y a otros a la simplificaci\u00f3n. El objeto de esta obra es prolongar verdaderamente el di\u00e1logo y disipar los malentendidos, intentar poner de relieve afirmaciones dispersas y precisar \u201cevidencias\u201d que, por no haber sido lo suficientemente explicitadas, a veces se han olvidado.No se trata del informe de una investigaci\u00f3n, ni de un ensayo filos\u00f3fico, ni de la compilaci\u00f3n de unos ejercicios; se trata de una \u201cherramienta de formaci\u00f3n\u201d, como si fuera una \u201cnovela de formaci\u00f3n\u201d, basada en la reflexi\u00f3n sobre los principios de una instituci\u00f3n, el an\u00e1lisis de las tensiones constituyentes de una profesi\u00f3n, y la elucidaci\u00f3n de algunos puntos de referencia para actuar en la cotidianeidad. Sus principales destinatarios, aunque en absoluto los \u00fanicos: docentes en formaci\u00f3n.<\/p>\n","protected":false},"excerpt":{"rendered":"<p>Los debates en torno al pensamiento educativo de los \u00faltimos treinta a\u00f1os reflejan una gran confusi\u00f3n. A menudo caricaturescos, han enfrentado a los defensores de los saberes y a los partidarios de la pedagog\u00eda, y han obligado a unos y a otros a la simplificaci\u00f3n. El objeto de esta obra es prolongar verdaderamente el di\u00e1logo y disipar los malentendidos, intentar poner de relieve afirmaciones dispersas y precisar \u201cevidencias\u201d que, por no haber sido lo suficientemente explicitadas, a veces se han olvidado.No se trata del informe de una investigaci\u00f3n, ni de un ensayo filos\u00f3fico, ni de la compilaci\u00f3n de unos ejercicios; se trata de una \u201cherramienta de formaci\u00f3n\u201d, como si fuera una \u201cnovela de formaci\u00f3n\u201d, basada en la reflexi\u00f3n sobre los principios de una instituci\u00f3n, el an\u00e1lisis de las tensiones constituyentes de una profesi\u00f3n, y la elucidaci\u00f3n de algunos puntos de referencia para actuar en la cotidianeidad. Sus principales destinatarios, aunque en absoluto los \u00fanicos: docentes en formaci\u00f3n.<\/p>\n","protected":false},"featured_media":20884,"comment_status":"open","ping_status":"closed","template":"","meta":{"_et_pb_use_builder":"","_et_pb_old_content":"","_et_gb_content_width":""},"product_cat":[1512,6675,1502],"product_tag":[2602],"edicion":[1083],"editoriales":[1160,1163],"tienda":[],"autor_id":[5961],"universidades_coeditoras":[],"palabras_clave":[],"listado_alfabetico":[],"acf":[],"_links":{"self":[{"href":"https:\/\/wizardly-davinci.82-223-8-23.plesk.page\/en\/wp-json\/wp\/v2\/product\/17410"}],"collection":[{"href":"https:\/\/wizardly-davinci.82-223-8-23.plesk.page\/en\/wp-json\/wp\/v2\/product"}],"about":[{"href":"https:\/\/wizardly-davinci.82-223-8-23.plesk.page\/en\/wp-json\/wp\/v2\/types\/product"}],"replies":[{"embeddable":true,"href":"https:\/\/wizardly-davinci.82-223-8-23.plesk.page\/en\/wp-json\/wp\/v2\/comments?post=17410"}],"wp:featuredmedia":[{"embeddable":true,"href":"https:\/\/wizardly-davinci.82-223-8-23.plesk.page\/en\/wp-json\/wp\/v2\/media\/20884"}],"wp:attachment":[{"href":"https:\/\/wizardly-davinci.82-223-8-23.plesk.page\/en\/wp-json\/wp\/v2\/media?parent=17410"}],"wp:term":[{"taxonomy":"product_cat","embeddable":true,"href":"https:\/\/wizardly-davinci.82-223-8-23.plesk.page\/en\/wp-json\/wp\/v2\/product_cat?post=17410"},{"taxonomy":"product_tag","embeddable":true,"href":"https:\/\/wizardly-davinci.82-223-8-23.plesk.page\/en\/wp-json\/wp\/v2\/product_tag?post=17410"},{"taxonomy":"edicion","embeddable":true,"href":"https:\/\/wizardly-davinci.82-223-8-23.plesk.page\/en\/wp-json\/wp\/v2\/edicion?post=17410"},{"taxonomy":"editoriales","embeddable":true,"href":"https:\/\/wizardly-davinci.82-223-8-23.plesk.page\/en\/wp-json\/wp\/v2\/editoriales?post=17410"},{"taxonomy":"tienda","embeddable":true,"href":"https:\/\/wizardly-davinci.82-223-8-23.plesk.page\/en\/wp-json\/wp\/v2\/tienda?post=17410"},{"taxonomy":"autor_id","embeddable":true,"href":"https:\/\/wizardly-davinci.82-223-8-23.plesk.page\/en\/wp-json\/wp\/v2\/autor_id?post=17410"},{"taxonomy":"universidades_coeditoras","embeddable":true,"href":"https:\/\/wizardly-davinci.82-223-8-23.plesk.page\/en\/wp-json\/wp\/v2\/universidades_coeditoras?post=17410"},{"taxonomy":"palabras_clave","embeddable":true,"href":"https:\/\/wizardly-davinci.82-223-8-23.plesk.page\/en\/wp-json\/wp\/v2\/palabras_clave?post=17410"},{"taxonomy":"listado_alfabetico","embeddable":true,"href":"https:\/\/wizardly-davinci.82-223-8-23.plesk.page\/en\/wp-json\/wp\/v2\/listado_alfabetico?post=17410"}],"curies":[{"name":"wp","href":"https:\/\/api.w.org\/{rel}","templated":true}]}}